{"id":2,"date":"2025-10-20T18:32:48","date_gmt":"2025-10-20T18:32:48","guid":{"rendered":"https:\/\/thrivesuccess.org\/?page_id=2"},"modified":"2026-03-02T21:12:57","modified_gmt":"2026-03-02T21:12:57","slug":"sample-page","status":"publish","type":"page","link":"https:\/\/thrivesuccess.org\/es\/","title":{"rendered":"Centro para el \u00c9xito Thrive"},"content":{"rendered":"<h1>\n\t\t\tCentro para el \u00c9xito Thrive\t<\/h1>\n<h2>\n\t\t\tAyudar a los ni\u00f1os con autismo a prosperar en la escuela y m\u00e1s all\u00e1\t<\/h2>\n<h3>\n\t\t\tNuestro hermoso campus en Magnolia, Texas, es la primera escuela aut\u00f3noma de Texas que ofrece educaci\u00f3n gratuita desde preescolar hasta noveno grado, dise\u00f1ada para estudiantes con autismo y necesidades similares.\t<\/h3>\n\t\t\t<a href=\"https:\/\/auth.avela.org\/login?state=hKFo2SBJZkkyMy1BRndWaDh6NEViNVpidTJTWWdPZGk3RU1EVaFupWxvZ2luo3RpZNkgWVp2eXp1ODJtUXIxcGZUN3g4MlRsaHI1dDJzMzJkSEyjY2lk2SBSRk9DbFhGN2FONTdDTmdDMXh4S2RQamtHaDRCRzA5RQ&#038;client=RFOClXF7aN57CNgC1xxKdPjkGh4BG09E&#038;protocol=oauth2&#038;audience=https%3A%2F%2Fapi.apply.avela.org%2Fv1%2Fgraphql&#038;redirect_uri=https%3A%2F%2Fapply.avela.org%2Fthrivesuccess%2Fauth&#038;loginSource=apply.avela.org&#038;avelaOrganization=thrivesuccess&#038;scope=openid%20profile%20email%20offline_access%20avelaOrganization%3Athrivesuccess&#038;page=null&#038;method=null&#038;hide=null&#038;isParent=true&#038;loginMethods=%5B%7B%22method%22%3A%22email%22%7D%2C%7B%22method%22%3A%22sms%22%7D%5D&#038;branding=%7B%22name%22%3A%22Thrive%20Center%20for%20Success%22%2C%22colors%22%3A%7B%22primary%22%3A%7B%2250%22%3A%22%23ECEEF8%22%2C%22100%22%3A%22%23CBCEEC%22%2C%22200%22%3A%22%23A9AFDF%22%2C%22300%22%3A%22%23888FD3%22%2C%22400%22%3A%22%236670C7%22%2C%22500%22%3A%22%234551BA%22%2C%22600%22%3A%22%23374195%22%2C%22700%22%3A%22%23293070%22%2C%22800%22%3A%22%231B204B%22%2C%22900%22%3A%22%230E1025%22%7D%7D%2C%22logos%22%3A%7B%22whiteSvg%22%3A%22https%3A%2F%2Fprod.config.avela.org%2Forganization%2Fv1%2Fthrivesuccess%2Flogos%2Fthrivesuccess-logo.svg%22%2C%22colorSvg%22%3A%22https%3A%2F%2Fprod.config.avela.org%2Forganization%2Fv1%2Fthrivesuccess%2Flogos%2Fthrivesuccess-logo-color.svg%22%2C%22whitePng%22%3A%22https%3A%2F%2Fprod.config.avela.org%2Forganization%2Fv1%2Fthrivesuccess%2Flogos%2Fthrivesuccess-logo.png%22%2C%22colorPng%22%3A%22https%3A%2F%2Fprod.config.avela.org%2Forganization%2Fv1%2Fthrivesuccess%2Flogos%2Fthrivesuccess-logo-color.png%22%7D%2C%22message%22%3A%7B%22footer%22%3A%22Please%20do%20not%20reply%20to%20this%20email%2C%20the%20account%20does%20not%20accept%20responses%20and%20you%20won%27t%20get%20a%20reply.%20Instead%2C%20please%20call%20(936)%20297-0417%20or%20email%20info%40thrivesuccess.org%20with%20any%20questions.%20Thank%20you!%22%7D%7D&#038;hasExploreSavedSchools=false&#038;response_type=code&#038;response_mode=query&#038;nonce=a1hvSFF2T25GYWx6dnluUEdfSWdyR2RUSmMud2tDRGwtc29ud3o5cWt1fg%3D%3D&#038;code_challenge=J8cssHNZKLHRcuSBlHElN4pyt6qomYRZSSM95Ek2YSU&#038;code_challenge_method=S256&#038;auth0Client=eyJuYW1lIjoiYXV0aDAtcmVhY3QiLCJ2ZXJzaW9uIjoiMS4xMi4xIn0%3D\"  target=\"_blank\" rel=\"noopener\">\n\t\t\t\t\t\t\tSolicitar ahora\n\t\t\t\t\t<\/a>\n<h2>\n\t\t\tInspiraci\u00f3n y visi\u00f3n de Thrive\t<\/h2>\n\t<p>Crear una escuela aut\u00f3noma revolucionaria y pionera en Texas, centrada en el autismo, que sirva como referente nacional por su excelencia acad\u00e9mica y sus resultados probados.<\/p>\n<p><em><b>No somos una cl\u00ednica ABA, sino una escuela aut\u00f3noma acad\u00e9mica, terap\u00e9utica y de habilidades para la vida creada exclusivamente para estudiantes con autismo.<\/b><\/em><\/p>\n\t\t\t\t\t<img decoding=\"async\" src=\"https:\/\/thrivesuccess.org\/wp-content\/uploads\/2026\/01\/Untitled-1-1.png\" alt=\"thrive video thumbnail\"\/>\n\t\t<h3>\n\t\t\tProgramas personalizados\t<\/h3>\n<h2>\n\t\t\tThrive se adapta a todos los niveles del espectro autista.\t<\/h2>\n\t<p>Ofrecemos apoyo personalizado a trav\u00e9s de tres programas:;<strong><em> Acad\u00e9micos, transiciones y fundamentos<\/em><\/strong>, atendiendo las necesidades espec\u00edficas de cada estudiante.<\/p>\n<figure itemscope itemtype=\"https:\/\/schema.org\/ImageObject\">\n\t\t\t\t<img decoding=\"async\" src=\"https:\/\/thrivesuccess.org\/wp-content\/uploads\/2025\/10\/academics-icon.png\" alt=\"academics icon\" height=\"77\" width=\"78\" title=\"icono acad\u00e9mico\" onerror=\"this.style.display='none'\" loading=\"lazy\" \/>\n\t<\/figure>\n<h3>\n\t\t\tAcad\u00e9micos\t<\/h3>\n\t<p>Los alumnos demuestran su potencial para alcanzar el \u00e9xito acad\u00e9mico en su nivel de grado gracias a un programa individualizado centrado en los TEKS. Se benefician del trabajo en pareja y de la ense\u00f1anza en grupos reducidos, y est\u00e1n preparados para participar en el aprendizaje en grupo.<\/p>\n<figure itemscope itemtype=\"https:\/\/schema.org\/ImageObject\">\n\t\t\t\t<img decoding=\"async\" src=\"https:\/\/thrivesuccess.org\/wp-content\/uploads\/2025\/10\/transition-icon.png\" alt=\"transition icon\" height=\"77\" width=\"78\" title=\"icono de transici\u00f3n\" onerror=\"this.style.display='none'\" loading=\"lazy\" \/>\n\t<\/figure>\n<h3>\n\t\t\tTransiciones\t<\/h3>\n\t<p>Introduce el aprendizaje acad\u00e9mico basado en TEKS al tiempo que proporciona el apoyo y las intervenciones adecuadas. Los alumnos obtienen mejores resultados con programas individualizados modificados y diferenciados, se benefician del aprendizaje independiente y est\u00e1n preparados para participar en clases en grupos reducidos.<\/p>\n<figure itemscope itemtype=\"https:\/\/schema.org\/ImageObject\">\n\t\t\t\t<img decoding=\"async\" src=\"https:\/\/thrivesuccess.org\/wp-content\/uploads\/2025\/10\/incon-hands.png\" alt=\"incon hands\" height=\"77\" width=\"78\" title=\"manos incon\" onerror=\"this.style.display='none'\" loading=\"lazy\" \/>\n\t<\/figure>\n<h3>\n\t\t\tFundamentos\t<\/h3>\n\t<p>Se centra en el desarrollo de habilidades fundamentales, como la comunicaci\u00f3n verbal y la atenci\u00f3n, que favorecen la preparaci\u00f3n para el aprendizaje acad\u00e9mico. Los alumnos se benefician de un entorno altamente estructurado y requieren programas intensivos e individualizados con un plan de estudios acad\u00e9mico modificado.<\/p>\n<h2>\n\t\t\tEstableciendo el est\u00e1ndar en Texas\t<\/h2>\n<h3>\n\t\t\tProbado. Dise\u00f1ado espec\u00edficamente. Centrado en los resultados.\t<\/h3>\n\t<p>Thrive es la primera escuela aut\u00f3noma de Texas centrada en el autismo y sin cuotas de matr\u00edcula, que ofrece una ense\u00f1anza basada en datos y aprobada por la BCBA con resultados acad\u00e9micos probados. Nuestra escuela de Magnolia, que imparte clases desde preescolar hasta 9.\u00ba grado, cuenta con clases reducidas y un entorno propicio en el que los alumnos prosperan.<\/p>\n\t\t\t\t<img decoding=\"async\" src=\"https:\/\/thrivesuccess.org\/wp-content\/uploads\/2026\/01\/data-driven.png\" alt=\"data driven\" title=\"basado en datos\" itemprop=\"image\"\/>\n\t\t\t<h3>Basado en datos<\/h3>\t\t\t\n\t\t\t\t<p>Nuestra ense\u00f1anza, aprobada por analistas de conducta certificados (BCBA), incluye la revisi\u00f3n diaria del progreso de los alumnos para ajustar la ense\u00f1anza y garantizar que se les planteen retos y se les brinde apoyo.<\/p>\n\t\t\t\t<img decoding=\"async\" src=\"https:\/\/thrivesuccess.org\/wp-content\/uploads\/2026\/01\/texas-1.png\" alt=\"texas\" title=\"texas\" itemprop=\"image\"\/>\n\t\t\t<h3>Primero en Texas<\/h3>\t\t\t\n\t\t\t\t<p>Thrive es la primera escuela aut\u00f3noma gratuita centrada en el autismo aprobada en Texas.<\/p>\n\t\t\t\t<img decoding=\"async\" src=\"https:\/\/thrivesuccess.org\/wp-content\/uploads\/2026\/01\/Group-1027.png\" alt=\"group 1027\" title=\"Grupo 1027\" itemprop=\"image\"\/>\n\t\t\t<h3>Excelencia<\/h3>\t\t\t\n\t\t\t\t<p>Thrive se enorgullece de formar parte de la primera promoci\u00f3n del Acelerador Nacional de Escuelas Aut\u00f3nomas para el Autismo y de ser miembro de la cartera del Fondo para el Crecimiento de las Escuelas Aut\u00f3nomas.<\/p>\n\t\t\t\t<img decoding=\"async\" src=\"https:\/\/thrivesuccess.org\/wp-content\/uploads\/2026\/01\/k-9th.png\" alt=\"k 9th\" title=\"k-9\u00ba\" itemprop=\"image\"\/>\n\t\t\t<h3>K-9.\u00ba grado<\/h3>\t\t\t\n\t\t\t\t<p>Nuestra escuela secundaria abrir\u00e1 sus puertas con alumnos de 9.\u00ba grado en 2026 y a\u00f1adir\u00e1 un grado cada a\u00f1o hasta llegar al 12.\u00ba grado.<\/p>\n\t\t\t\t<img decoding=\"async\" src=\"https:\/\/thrivesuccess.org\/wp-content\/uploads\/2026\/01\/results-1.png\" alt=\"results\" title=\"resultados\" itemprop=\"image\"\/>\n\t\t\t<h3>Enfoque en los resultados<\/h3>\t\t\t\n\t\t\t\t<p>Los estudiantes muestran un fuerte crecimiento acad\u00e9mico: 971 TP3T de estudiantes dominaron o lograron un crecimiento significativo en lectura ELCAR y 931 TP3T en matem\u00e1ticas ELCAR. En la evaluaci\u00f3n iReady, 821 TP3T de estudiantes dominaron o lograron un crecimiento significativo en sus objetivos de crecimiento en lectura, y 891 TP3T en sus objetivos de crecimiento en matem\u00e1ticas.<\/p>\n\t\t\t\t<img decoding=\"async\" src=\"https:\/\/thrivesuccess.org\/wp-content\/uploads\/2026\/01\/campus-1.png\" alt=\"campus\" title=\"campus\" itemprop=\"image\"\/>\n\t\t\t<h3>Campus seguro y bonito<\/h3>\t\t\t\n\t\t\t\t<p>Ubicado en Magnolia, Texas, nuestro campus cuenta con espacios de juego seguros y aulas peque\u00f1as con una baja proporci\u00f3n de alumnos por maestro.<\/p>\n<h2>\n\t\t\tProgramas de apoyo escolar\t<\/h2>\n<h3>\n\t\t\tAsistencia t\u00e9cnica exclusiva\t<\/h3>\n\t<p>En Thrive Center for Success, todos los programas se basan en el an\u00e1lisis conductual aplicado (ABA) y se gu\u00edan por el modelo CABAS\u00ae (Aplicaci\u00f3n Integral del An\u00e1lisis Conductual a la Educaci\u00f3n). Utilizando el marco CABAS\u00ae y el plan de estudios ELCAR (Curr\u00edculo y Registro de Logros para Aprendices Tempranos), la ense\u00f1anza es individualizada, se basa en datos y est\u00e1 dise\u00f1ada para adaptarse al nivel educativo exacto de cada estudiante.<\/p>\n<figure itemscope itemtype=\"https:\/\/schema.org\/ImageObject\">\n\t\t\t\t<img decoding=\"async\" src=\"https:\/\/thrivesuccess.org\/wp-content\/uploads\/2026\/01\/Group-1026.png\" alt=\"group 1026\" height=\"837\" width=\"572\" title=\"Grupo 1026\" onerror=\"this.style.display='none'\" loading=\"lazy\" \/>\n\t<\/figure>\n\t\t<ul>\n\t\t<li  data-children-wrapper=\"true\"><\/li><li  data-children-wrapper=\"true\"><\/li><li  data-children-wrapper=\"true\"><\/li><li  data-children-wrapper=\"true\"><\/li><li  data-children-wrapper=\"true\"><\/li><li  data-children-wrapper=\"true\"><\/li><li  data-children-wrapper=\"true\"><\/li><li  data-children-wrapper=\"true\"><\/li><li  data-children-wrapper=\"true\"><\/li><li  data-children-wrapper=\"true\"><\/li><li  data-children-wrapper=\"true\"><\/li><li  data-children-wrapper=\"true\"><\/li><li  data-children-wrapper=\"true\"><\/li><li  data-children-wrapper=\"true\"><\/li>\t<\/ul>\n<h2>\n\t\t\tLo que dicen los pap\u00e1s\t<\/h2>\n<h2>\n\t\t\tEthan Garc\u00eda\t<\/h2>\n\t<p>Ethan ha asistido a esta escuela desde el principio y ha sido la respuesta a nuestras oraciones.<\/p>\n<p>A menudo, los pap\u00e1s de ni\u00f1os con necesidades especiales sienten que sus hijos son una carga en las escuelas p\u00fablicas tradicionales. Esto no es culpa de los maestros ni de los ni\u00f1os, simplemente es dif\u00edcil entender por qu\u00e9 un ni\u00f1o, especialmente uno con neurodiversidad, reacciona de cierta manera ante diferentes sonidos o situaciones.<\/p>\n<p>Esta escuela capacita a su personal para identificar la mejor manera de comunicarse con los alumnos, con una baja proporci\u00f3n de maestros por alumno. Necesitamos muchas m\u00e1s escuelas como Thrive y espero que usted sea un defensor de nuestros ni\u00f1os, que solo necesitan ayuda para desarrollar su potencial.<\/p>\n<p>-SG<\/p>\n<h2>\n\t\t\tIfe e Ini Atandeyi\t<\/h2>\n\t<p>Para nuestra familia, Thrive significa esperanza, seguridad y verdadera pertenencia. Con dos hijos con autismo, rara vez nos sent\u00edamos bienvenidos o comprendidos, hasta que descubrimos Thrive. Despu\u00e9s de una experiencia angustiosa en la que nuestro hijo se alej\u00f3 del campus de una escuela p\u00fablica sin que nadie se diera cuenta, supimos que necesit\u00e1bamos algo diferente.<\/p>\n<p>Entrar en Thrive fue como si las nubes se abrieran y dejaran pasar el sol. Esta escuela ha cumplido su promesa de ofrecer una educaci\u00f3n individualizada y de alta calidad, y sigue superando nuestras expectativas. Su compromiso con la seguridad es insuperable, se valoran las habilidades de nuestros hijos y ellos est\u00e1n deseando ir a la escuela cada d\u00eda.<\/p>\n<p>Thrive est\u00e1 lleno de superh\u00e9roes cotidianos que cambian vidas, y nuestros hijos realmente han prosperado gracias a ellos.<\/p>\n<p>-AO<\/p>\n<h2>\n\t\t\tLorenzo y Paulo Alatorre\t<\/h2>\n\t<p>Desde que eras peque\u00f1o, sab\u00edamos que eras especial. Despu\u00e9s de innumerables reuniones con maestros, terapeutas, neur\u00f3logos y m\u00e9dicos, nos sent\u00edamos perdidos y desesperados. Lo intentamos todo en busca del lugar adecuado para ti.<\/p>\n<p>Mientras esper\u00e1bamos que nos aprobaran la visa, encontr\u00e9 una palabra en una p\u00e1gina web que me emocion\u00f3: PROSPERAR. Al leer sobre Elizabeth Goldsmith y su convicci\u00f3n como madre de proporcionar a los ni\u00f1os con autismo terapias y educaci\u00f3n de alta calidad en un solo lugar, se me llenaron los ojos de l\u00e1grimas. Hab\u00eda un lugar donde pod\u00edas ser aceptado, estar seguro y ser feliz, donde tu verdadero potencial pod\u00eda brillar. Llegamos a Houston llenos de esperanza.<\/p>\n<p>Cuando visitamos la escuela, se nos detuvo el coraz\u00f3n al saber que este ser\u00eda tu hogar escolar. Agradecimos a Dios por abrirnos esta puerta tan esperada. Por fin, sab\u00edamos que ibas a PROSPERAR.<\/p>\n<p>\u2013 IC<\/p>\n<h2>\n\t\t\tDale a tu hijo las herramientas para prosperar\t<\/h2>\n\t<p>\u00a1Nos encantar\u00eda saber de ti! Si tienes preguntas sobre la inscripci\u00f3n, los programas o los pr\u00f3ximos eventos, nuestro equipo est\u00e1 aqu\u00ed para ayudarte. Utiliza el siguiente formulario para consultas generales y te responderemos lo antes posible.<\/p>\n<p>Estamos ubicados en <strong data-start=\"20\" data-end=\"69\">32100 Dobbin Huffsmith Rd, Magnolia, TX 77354<\/strong>. Para consultas generales, llame al <strong data-start=\"106\" data-end=\"124\">(936) 297-0417<\/strong>, env\u00edenos un fax al <strong data-start=\"136\" data-end=\"154\">(832) 218-5858<\/strong>, o correo electr\u00f3nico <strong data-start=\"165\" data-end=\"191\"><a href=\"mailto:info@thrivesuccess.org\" rel=\"noopener\" data-start=\"167\" data-end=\"189\" data-is-only-node=\"\">info@thrivesuccess.org<\/a><\/strong><\/p>\n\t\t\t<a href=\"http:\/\/apply.avela.org\/thrivesuccess\"  target=\"_blank\" rel=\"noopener\">\n\t\t\t\t\t\t\tSolicitar ahora\n\t\t\t\t\t<\/a>\n\t\t\t<a href=\"https:\/\/thrivesuccess.org\/wp-content\/uploads\/2026\/03\/Academic-Calendar_25-26_FINAL_Revised.pdf\"  target=\"_self\">\n\t\t\t\t\t\t\tCalendario acad\u00e9mico 2025-2026\n\t\t\t\t\t<\/a>","protected":false},"excerpt":{"rendered":"<p>Thrive Center For Success Ayudamos a los ni\u00f1os con autismo a prosperar en la escuela y m\u00e1s all\u00e1. Nuestro hermoso campus en Magnolia, Texas, es la primera escuela aut\u00f3noma gratuita de Texas para alumnos de K-9 dise\u00f1ada para estudiantes con autismo y necesidades similares. Solicita tu plaza ahora. Inspiraci\u00f3n y visi\u00f3n de Thrive Crear una escuela aut\u00f3noma revolucionaria y pionera en Texas centrada en el autismo que sirva de modelo...<\/p>","protected":false},"author":1,"featured_media":0,"parent":0,"menu_order":0,"comment_status":"closed","ping_status":"open","template":"","meta":{"_seopress_robots_primary_cat":"","_seopress_titles_title":"Thrive Center for Success | Autism-Focused Charter School","_seopress_titles_desc":"Thrive Center for Success is a tuition-free public charter school in Magnolia, TX offering individualized education and community programs for students with autism.","_seopress_robots_index":"","_seopress_analysis_target_kw":"Thrive,Enrollment,Academic,Autism,Success","footnotes":""},"class_list":["post-2","page","type-page","status-publish","hentry"],"_links":{"self":[{"href":"https:\/\/thrivesuccess.org\/es\/wp-json\/wp\/v2\/pages\/2","targetHints":{"allow":["GET"]}}],"collection":[{"href":"https:\/\/thrivesuccess.org\/es\/wp-json\/wp\/v2\/pages"}],"about":[{"href":"https:\/\/thrivesuccess.org\/es\/wp-json\/wp\/v2\/types\/page"}],"author":[{"embeddable":true,"href":"https:\/\/thrivesuccess.org\/es\/wp-json\/wp\/v2\/users\/1"}],"replies":[{"embeddable":true,"href":"https:\/\/thrivesuccess.org\/es\/wp-json\/wp\/v2\/comments?post=2"}],"version-history":[{"count":5,"href":"https:\/\/thrivesuccess.org\/es\/wp-json\/wp\/v2\/pages\/2\/revisions"}],"predecessor-version":[{"id":1169,"href":"https:\/\/thrivesuccess.org\/es\/wp-json\/wp\/v2\/pages\/2\/revisions\/1169"}],"wp:attachment":[{"href":"https:\/\/thrivesuccess.org\/es\/wp-json\/wp\/v2\/media?parent=2"}],"curies":[{"name":"wp","href":"https:\/\/api.w.org\/{rel}","templated":true}]}}