{"id":35,"date":"2025-10-20T20:36:51","date_gmt":"2025-10-20T20:36:51","guid":{"rendered":"https:\/\/thrivesuccess.org\/?page_id=35"},"modified":"2026-04-20T19:06:17","modified_gmt":"2026-04-20T19:06:17","slug":"about-thrive","status":"publish","type":"page","link":"https:\/\/thrivesuccess.org\/es\/about-thrive\/","title":{"rendered":"Acerca de Thrive"},"content":{"rendered":"<h1>\n\t\t\tAcerca del Centro Thrive para el \u00c9xito\t<\/h1>\n<h2>\n\t\t\tEscuela aut\u00f3noma especializada en autismo en Magnolia, Texas\t<\/h2>\n\tEn Thrive Center for Success, creemos que cada ni\u00f1o merece un ambiente de aprendizaje construido en torno a sus fortalezas, sus desaf\u00edos y su potencial. Fundada en 2022 en Magnolia, Texas, Thrive es una escuela p\u00fablica charter gratuita dise\u00f1ada espec\u00edficamente para estudiantes con autismo, que atiende los grados K-8.<br \/>\nMediante la integraci\u00f3n del An\u00e1lisis Aplicado del Comportamiento (ABA) con una s\u00f3lida formaci\u00f3n acad\u00e9mica, estamos estableciendo un nuevo est\u00e1ndar para la educaci\u00f3n sobre el autismo en Texas.\n<h2>\n\t\t\tNuestra visi\u00f3n sobre la educaci\u00f3n para el autismo\t<\/h2>\n\t<p>\u201cCrear una escuela aut\u00f3noma revolucionaria y pionera en Texas, centrada en el autismo, que establezca el est\u00e1ndar de excelencia a nivel nacional\u201d.\u201d<\/p>\n<h2>\n\t\t\tLa misi\u00f3n de Thrive\t<\/h2>\n\t<p>\u201cFomentar un entorno innovador y de alta calidad en el que los ni\u00f1os con autismo tengan acceso a los servicios y el apoyo que necesitan para desarrollarse plenamente\u201d.\u201d<\/p>\n<h3>\n\t\t\tFilosof\u00eda de la escuela aut\u00f3noma Thrive Center for Success\t<\/h3>\n\t<p>En Thrive, sabemos que los ni\u00f1os con autismo aprenden mejor cuando reciben apoyo emocional, acad\u00e9mico y social. La filosof\u00eda de nuestra escuela aut\u00f3noma se basa en:<\/p>\n\t<ul>\n\t\t<li>\t\t\t\t\n\t\t<h3>Baja proporci\u00f3n de alumnos por maestro<\/h3><p>para recibir instrucci\u00f3n personalizada<\/p>\n<\/li><li>\t\t\t\t\n\t\t<h3>Personal altamente capacitado<\/h3><p>con experiencia en educaci\u00f3n sobre el autismo<\/p>\n<\/li><li>\t\t\t\t\n\t\t<h3>Itinerarios acad\u00e9micos personalizados<\/h3><p>para encontrarme con los estudiantes donde se encuentran<\/p>\n<\/li>\t<\/ul>\n<h3>\n\t\t\tProgramas personalizados\t<\/h3>\n<h2>\n\t\t\tThrive se adapta a todos los niveles del espectro autista.\t<\/h2>\n\t<p>Ofrecemos apoyo personalizado a trav\u00e9s de tres programas:;<strong><em> Acad\u00e9micos, transiciones y fundamentos<\/em><\/strong>, atendiendo las necesidades espec\u00edficas de cada estudiante.<\/p>\n<figure itemscope itemtype=\"https:\/\/schema.org\/ImageObject\">\n\t\t\t\t<img decoding=\"async\" src=\"https:\/\/thrivesuccess.org\/wp-content\/uploads\/2025\/10\/academics-icon.png\" alt=\"academics icon\" height=\"77\" width=\"78\" title=\"icono acad\u00e9mico\" onerror=\"this.style.display='none'\" loading=\"lazy\" \/>\n\t<\/figure>\n<h3>\n\t\t\tAcad\u00e9micos\t<\/h3>\n\t<p>Los alumnos demuestran su potencial para alcanzar el \u00e9xito acad\u00e9mico en su nivel de grado gracias a un programa individualizado centrado en los TEKS. Se benefician del trabajo en pareja y de la ense\u00f1anza en grupos reducidos, y est\u00e1n preparados para participar en el aprendizaje en grupo.<\/p>\n<figure itemscope itemtype=\"https:\/\/schema.org\/ImageObject\">\n\t\t\t\t<img decoding=\"async\" src=\"https:\/\/thrivesuccess.org\/wp-content\/uploads\/2025\/10\/transition-icon.png\" alt=\"transition icon\" height=\"77\" width=\"78\" title=\"icono de transici\u00f3n\" onerror=\"this.style.display='none'\" loading=\"lazy\" \/>\n\t<\/figure>\n<h3>\n\t\t\tTransiciones\t<\/h3>\n\t<p>Introduce el aprendizaje acad\u00e9mico basado en TEKS al tiempo que proporciona el apoyo y las intervenciones adecuadas. Los alumnos obtienen mejores resultados con programas individualizados modificados y diferenciados, se benefician del aprendizaje independiente y est\u00e1n preparados para participar en clases en grupos reducidos.<\/p>\n<figure itemscope itemtype=\"https:\/\/schema.org\/ImageObject\">\n\t\t\t\t<img decoding=\"async\" src=\"https:\/\/thrivesuccess.org\/wp-content\/uploads\/2025\/10\/incon-hands.png\" alt=\"incon hands\" height=\"77\" width=\"78\" title=\"manos incon\" onerror=\"this.style.display='none'\" loading=\"lazy\" \/>\n\t<\/figure>\n<h3>\n\t\t\tFundamentos\t<\/h3>\n\t<p>Se centra en el desarrollo de habilidades fundamentales, como la comunicaci\u00f3n verbal y la atenci\u00f3n, que favorecen la preparaci\u00f3n para el aprendizaje acad\u00e9mico. Los alumnos se benefician de un entorno altamente estructurado y requieren programas intensivos e individualizados con un plan de estudios acad\u00e9mico modificado.<\/p>\n<h3>\n\t\t\tNuestro hermoso campus en Magnolia, Texas\t<\/h3>\n\t<p>El campus de nuestra escuela para ni\u00f1os con autismo Magnolia se dise\u00f1\u00f3 teniendo en cuenta las necesidades de los alumnos:<\/p>\n\t<ul>\n\t\t<li>\t\t\t\t\n\t\t<h3>Espacios adaptados a las necesidades sensoriales, incluida una sala sensorial espec\u00edfica.<\/h3><\/li><li>\t\t\t\t\n\t\t<h3>Gimnasio de tama\u00f1o completo para programas de educaci\u00f3n f\u00edsica y movimiento.<\/h3><\/li><li>\t\t\t\t\n\t\t<h3>Espacios seguros para jugar al aire libre que favorecen el desarrollo social y f\u00edsico.<\/h3><\/li><li>\t\t\t\t\n\t\t<h3>Laboratorios de capacitaci\u00f3n inform\u00e1tica para adquirir habilidades tecnol\u00f3gicas.<\/h3><\/li><li>\t\t\t\t\n\t\t<h3>Salas de terapia para apoyo individual y en grupos reducidos.<\/h3><\/li><li>\t\t\t\t\n\t\t<h3>Crecimiento futuro mediante nuevas incorporaciones y construcciones<\/h3><\/li>\t<\/ul>\n<figure itemscope itemtype=\"https:\/\/schema.org\/ImageObject\">\n\t\t\t\t<img decoding=\"async\" src=\"https:\/\/thrivesuccess.org\/wp-content\/uploads\/2025\/10\/campus-1.png\" alt=\"campus\" height=\"518\" width=\"947\" title=\"campus\" onerror=\"this.style.display='none'\" loading=\"lazy\" \/>\n\t<\/figure>\n<h2>\n\t\t\tNuestra historia\t<\/h2>\n\t<p>Ofrecemos apoyo personalizado a trav\u00e9s de tres programas:;<strong><em> Acad\u00e9micos, transiciones y fundamentos<\/em><\/strong>, atendiendo las necesidades espec\u00edficas de cada estudiante.<\/p>\n<figure itemscope itemtype=\"https:\/\/schema.org\/ImageObject\">\n\t\t\t\t<img decoding=\"async\" src=\"https:\/\/thrivesuccess.org\/wp-content\/uploads\/2026\/01\/GoldsmithSession48-scaled.jpg\" alt=\"goldsmithsession48\" height=\"1946\" width=\"2560\" title=\"Goldsmith Sesi\u00f3n 48\" onerror=\"this.style.display='none'\" loading=\"lazy\" \/>\n\t<\/figure>\n\t<p>2019<\/p>\n<h2>\n\t\t\tFalta de apoyo en los programas ABA\t<\/h2>\n\t<p>La fundadora y directora ejecutiva, Elizabeth Goldsmith, buscaba desesperadamente mejores soluciones para su hijo Sean, a quien se le diagnostic\u00f3 autismo a una edad temprana. Thrive With Autism 501c3 se cre\u00f3 con la intenci\u00f3n de solicitar la apertura de una escuela aut\u00f3noma centrada en el autismo.<\/p>\n\t<p>2021<\/p>\n<h2>\n\t\t\tSolicitada la acreditaci\u00f3n como escuela aut\u00f3noma de Texas.\t<\/h2>\n\t<p>La solicitud de constituci\u00f3n de Thrive With Autism fue aprobada por la Agencia de Educaci\u00f3n de Texas y la Junta Estatal de Educaci\u00f3n, convirti\u00e9ndose en la primera escuela aut\u00f3noma centrada en el autismo aprobada en el estado de Texas.<\/p>\n<figure itemscope itemtype=\"https:\/\/schema.org\/ImageObject\">\n\t\t\t\t<img decoding=\"async\" src=\"https:\/\/thrivesuccess.org\/wp-content\/uploads\/2026\/01\/Charter-Application-scaled.jpeg\" alt=\"charter application\" height=\"2560\" width=\"1920\" title=\"Solicitud de carta constitutiva\" onerror=\"this.style.display='none'\" loading=\"lazy\" \/>\n\t<\/figure>\n<figure itemscope itemtype=\"https:\/\/schema.org\/ImageObject\">\n\t\t\t\t<img decoding=\"async\" src=\"https:\/\/thrivesuccess.org\/wp-content\/uploads\/2026\/01\/First-Day-of-School.jpg\" alt=\"first day of school\" height=\"1920\" width=\"2560\" title=\"Primer d\u00eda de clases\" onerror=\"this.style.display='none'\" loading=\"lazy\" \/>\n\t<\/figure>\n\t<p>2022<\/p>\n<h2>\n\t\t\tThrive abre sus puertas\t<\/h2>\n\t<p>El Thrive Center for Success abri\u00f3 sus puertas para atender a 85 alumnos de k\u00ednder a quinto grado en un espacio alquilado, con planes de a\u00f1adir un nivel de grado cada a\u00f1o.<\/p>\n\t<p>2023<\/p>\n<h2>\n\t\t\tNuevo campus\t<\/h2>\n\t<p>Thrive adquiri\u00f3 su propio edificio en Magnolia, lo que le permite disponer de espacio para acomodar su crecimiento futuro.<\/p>\n<figure itemscope itemtype=\"https:\/\/schema.org\/ImageObject\">\n\t\t\t\t<img decoding=\"async\" src=\"https:\/\/thrivesuccess.org\/wp-content\/uploads\/2026\/01\/Ribbon-Cutting.jpg\" alt=\"ribbon cutting\" height=\"1536\" width=\"2048\" title=\"Corte de cinta\" onerror=\"this.style.display='none'\" loading=\"lazy\" \/>\n\t<\/figure>\n<figure itemscope itemtype=\"https:\/\/schema.org\/ImageObject\">\n\t\t\t\t<img decoding=\"async\" src=\"https:\/\/thrivesuccess.org\/wp-content\/uploads\/2025\/10\/Marshall-Morton-in-CTE-Turtles.jpg\" alt=\"marshall morton in cte turtles\" height=\"1002\" width=\"2069\" title=\"Marshall Morton en CTE Tortugas\" onerror=\"this.style.display='none'\" loading=\"lazy\" \/>\n\t<\/figure>\n\t<p>2025<\/p>\n<h2>\n\t\t\tExpansi\u00f3n\t<\/h2>\n\t<p>Thrive se ampli\u00f3 para a\u00f1adir 14 nuevas aulas, incluyendo un laboratorio de CTE, una sala de m\u00fasica, un laboratorio STEAM y una gran sala polivalente para atender a sus 180 alumnos, desde preescolar hasta octavo grado.<\/p>\n\t<p>2026<\/p>\n<h2>\n\t\t\tAmpliaci\u00f3n de la escuela secundaria\t<\/h2>\n\t<p>Comenzando con el noveno grado y a\u00f1adiendo un nivel cada a\u00f1o para abarcar los grados 9 a 12.<\/p>\n<h2>\n\t\t\tGobernanza, liderazgo y cumplimiento normativo\t<\/h2>\n\t<p>Conoce m\u00e1s sobre las personas y los est\u00e1ndares que gu\u00edan a Thrive:<\/p>\n<h3>\n\t\t\t Direcci\u00f3n y personal\t<\/h3>\n\t<p>Conozca a nuestros educadores, terapeutas y administradores.<\/p>\n\t\t\t<a href=\"https:\/\/thrivesuccess.org\/es\/?page_id=37\"  target=\"_self\">\n\t\t\t\t\t\t\tM\u00e1s informaci\u00f3n\n\t\t\t\t\t<\/a>\n<h3>\n\t\t\t Consejo de Administraci\u00f3n\t<\/h3>\n\t<p>Vea qui\u00e9n dirige y gobierna Thrive.<\/p>\n\t\t\t<a href=\"https:\/\/thrivesuccess.org\/es\/?page_id=39\"  target=\"_self\">\n\t\t\t\t\t\t\tM\u00e1s informaci\u00f3n\n\t\t\t\t\t<\/a>\n<h3>\n\t\t<a href=\"https:\/\/thrivesuccess.org\/es\/public-information\/\" title=\"Informaci\u00f3n p\u00fablica\"  target=\"_self\">\n\t\t\tInformaci\u00f3n p\u00fablica\t\t<\/a>\n\t<\/h3>\n\t<p>Revisar el cumplimiento y las actualizaciones de acreditaci\u00f3n.<\/p>\n\t\t\t<a href=\"https:\/\/thrivesuccess.org\/es\/?page_id=59\"  target=\"_self\">\n\t\t\t\t\t\t\tM\u00e1s informaci\u00f3n\n\t\t\t\t\t<\/a>","protected":false},"excerpt":{"rendered":"<p>About Thrive Center for Success Autism-Focused Charter School in Magnolia, TX At Thrive Center for Success, we believe every child deserves a learning environment built around their strengths, their challenges, and their potential. Founded in 2022 in Magnolia, Texas, Thrive is a tuition-free public charter school designed specifically for students with autism, serving grades K&hellip;<\/p>","protected":false},"author":1,"featured_media":0,"parent":0,"menu_order":0,"comment_status":"closed","ping_status":"closed","template":"","meta":{"_seopress_robots_primary_cat":"","_seopress_titles_title":"About Thrive | Autism-Focuse School in Magnolia, TX","_seopress_titles_desc":"Learn about Thrive Center for Success, a tuition-free, autism-focused public charter school in Magnolia, TX.","_seopress_robots_index":"","footnotes":""},"class_list":["post-35","page","type-page","status-publish","hentry"],"_links":{"self":[{"href":"https:\/\/thrivesuccess.org\/es\/wp-json\/wp\/v2\/pages\/35","targetHints":{"allow":["GET"]}}],"collection":[{"href":"https:\/\/thrivesuccess.org\/es\/wp-json\/wp\/v2\/pages"}],"about":[{"href":"https:\/\/thrivesuccess.org\/es\/wp-json\/wp\/v2\/types\/page"}],"author":[{"embeddable":true,"href":"https:\/\/thrivesuccess.org\/es\/wp-json\/wp\/v2\/users\/1"}],"replies":[{"embeddable":true,"href":"https:\/\/thrivesuccess.org\/es\/wp-json\/wp\/v2\/comments?post=35"}],"version-history":[{"count":3,"href":"https:\/\/thrivesuccess.org\/es\/wp-json\/wp\/v2\/pages\/35\/revisions"}],"predecessor-version":[{"id":1204,"href":"https:\/\/thrivesuccess.org\/es\/wp-json\/wp\/v2\/pages\/35\/revisions\/1204"}],"wp:attachment":[{"href":"https:\/\/thrivesuccess.org\/es\/wp-json\/wp\/v2\/media?parent=35"}],"curies":[{"name":"wp","href":"https:\/\/api.w.org\/{rel}","templated":true}]}}