{"id":37,"date":"2025-10-20T20:37:14","date_gmt":"2025-10-20T20:37:14","guid":{"rendered":"https:\/\/thrivesuccess.org\/?page_id=37"},"modified":"2026-02-02T23:30:44","modified_gmt":"2026-02-02T23:30:44","slug":"leadership-staff","status":"publish","type":"page","link":"https:\/\/thrivesuccess.org\/es\/leadership-staff\/","title":{"rendered":"Direcci\u00f3n y personal"},"content":{"rendered":"<h1>\n\t\t\tConozca al equipo directivo y al personal del Thrive Center for Success.\t<\/h1>\n<h2>\n\t\t\tDirecci\u00f3n y personal | Thrive Center for Success Magnolia, Texas\t<\/h2>\n<h2>\n\t\t\tNuestro personal\t<\/h2>\n\t<p>En Thrive Center for Success, nuestro equipo es m\u00e1s que administradores y educadores: somos socios de las familias, defensores de los estudiantes y l\u00edderes apasionados que dan forma al futuro de la educaci\u00f3n centrada en el autismo en Texas. Cada miembro de nuestro equipo directivo aporta una experiencia \u00fanica y un compromiso inquebrantable para ayudar a todos los ni\u00f1os a alcanzar el \u00e9xito.<\/p>\n<figure itemscope itemtype=\"https:\/\/schema.org\/ImageObject\">\n\t\t\t\t<img decoding=\"async\" src=\"https:\/\/thrivesuccess.org\/wp-content\/uploads\/2025\/10\/Screenshot-2025-10-31-at-9.58.19-AM.png\" alt=\"screenshot 2025 10 31 at 9.58.19 am\" height=\"428\" width=\"364\" title=\"Captura de pantalla 31\/10\/2025 a las 9:58:19 a. m.\" onerror=\"this.style.display='none'\" loading=\"lazy\" \/>\n\t<\/figure>\n<h2>\n\t\t\tElizabeth Goldsmith\t<\/h2>\n\t<p>Fundador y Director Ejecutivo\/Superintendente<\/p>\n\t\t\t<a href=\"https:\/\/thrivesuccess.org\/es\/elizabeth-goldsmith\/\"  target=\"_self\">\n\t\t\t\t\t\t\tM\u00e1s informaci\u00f3n\n\t\t\t\t\t<\/a>\n<figure itemscope itemtype=\"https:\/\/schema.org\/ImageObject\">\n\t\t\t\t<img decoding=\"async\" src=\"https:\/\/thrivesuccess.org\/wp-content\/uploads\/2025\/10\/Screenshot-2025-10-31-at-9.58.07-AM.png\" alt=\"screenshot 2025 10 31 at 9.58.07 am\" height=\"432\" width=\"356\" title=\"Captura de pantalla 31\/10\/2025 a las 9:58:07 a. m.\" onerror=\"this.style.display='none'\" loading=\"lazy\" \/>\n\t<\/figure>\n<h2>\n\t\t\tAlicia Hern\u00e1ndez\t<\/h2>\n\t<p>Director<\/p>\n\t\t\t<a href=\"https:\/\/thrivesuccess.org\/es\/alicia-herandez\/\"  target=\"_self\">\n\t\t\t\t\t\t\tM\u00e1s informaci\u00f3n\n\t\t\t\t\t<\/a>\n<figure itemscope itemtype=\"https:\/\/schema.org\/ImageObject\">\n\t\t\t\t<img decoding=\"async\" src=\"https:\/\/thrivesuccess.org\/wp-content\/uploads\/2025\/10\/Screenshot-2025-10-31-at-9.58.29-AM.png\" alt=\"screenshot 2025 10 31 at 9.58.29 am\" height=\"426\" width=\"353\" title=\"Captura de pantalla 31\/10\/2025 a las 9:58:29 a. m.\" onerror=\"this.style.display='none'\" loading=\"lazy\" \/>\n\t<\/figure>\n<h2>\n\t\t\tAlyssa Dietrich Coleman\t<\/h2>\n\t<p>Director principal de LSSP \/ Educaci\u00f3n Especial \/ Enlace de acogida familiar<\/p>\n\t\t\t<a href=\"https:\/\/thrivesuccess.org\/es\/alyssa-deitrich\/\"  target=\"_self\">\n\t\t\t\t\t\t\tM\u00e1s informaci\u00f3n\n\t\t\t\t\t<\/a>\n<figure itemscope itemtype=\"https:\/\/schema.org\/ImageObject\">\n\t\t\t\t<img decoding=\"async\" src=\"https:\/\/thrivesuccess.org\/wp-content\/uploads\/2026\/01\/ME-head-shot-copy.jpg\" alt=\"me head shot copy\" height=\"1500\" width=\"1200\" title=\"Copia del retrato de ME\" onerror=\"this.style.display='none'\" loading=\"lazy\" \/>\n\t<\/figure>\n<h2>\n\t\t\tMar\u00eda Isabel Mueller\t<\/h2>\n\t<p>Director de Operaciones y Plan de Estudios<\/p>\n\t\t\t<a href=\"https:\/\/thrivesuccess.org\/es\/mary-elizabeth-mueller\/\"  target=\"_self\">\n\t\t\t\t\t\t\tM\u00e1s informaci\u00f3n\n\t\t\t\t\t<\/a>\n<figure itemscope itemtype=\"https:\/\/schema.org\/ImageObject\">\n\t\t\t\t<img decoding=\"async\" src=\"https:\/\/thrivesuccess.org\/wp-content\/uploads\/2025\/12\/headshot-copy.png\" alt=\"headshot copy\" height=\"667\" width=\"500\" title=\"copia del retrato\" onerror=\"this.style.display='none'\" loading=\"lazy\" \/>\n\t<\/figure>\n<h2>\n\t\t\tDra. Lauren Link\t<\/h2>\n\t<p>Director de BCBA y asesor educativo de CABAS\u00ae<\/p>\n\t\t\t<a href=\"https:\/\/thrivesuccess.org\/es\/lauren-link\/\"  target=\"_self\">\n\t\t\t\t\t\t\tM\u00e1s informaci\u00f3n\n\t\t\t\t\t<\/a>\n<h2>\n\t\t\tDale a tu hijo las herramientas para prosperar\t<\/h2>\n\t<p>\u00a1Nos encantar\u00eda saber de ti! Si tienes preguntas sobre la inscripci\u00f3n, los programas o los pr\u00f3ximos eventos, nuestro equipo est\u00e1 aqu\u00ed para ayudarte. Utiliza el siguiente formulario para consultas generales y te responderemos lo antes posible.<\/p>\n<p>Estamos ubicados en <strong data-start=\"20\" data-end=\"69\">32100 Dobbin Huffsmith Rd, Magnolia, TX 77354<\/strong>. Para consultas generales, llame al <strong data-start=\"106\" data-end=\"124\">(936) 297-0417<\/strong>, env\u00edenos un fax al <strong data-start=\"136\" data-end=\"154\">(832) 218-5858<\/strong>, o correo electr\u00f3nico <strong data-start=\"165\" data-end=\"191\"><a href=\"mailto:info@thrivesuccess.org\" rel=\"noopener\" data-start=\"167\" data-end=\"189\" data-is-only-node=\"\">info@thrivesuccess.org<\/a><\/strong><\/p>\n\t\t\t<a href=\"http:\/\/apply.avela.org\/thrivesuccess\"  target=\"_blank\" rel=\"noopener\">\n\t\t\t\t\t\t\tSolicitar ahora\n\t\t\t\t\t<\/a>\n\t\t\t<a href=\"https:\/\/thrivesuccess.org\/wp-content\/uploads\/2025\/10\/68b89e94d4aaea2a82085631_Academic-Calendar_25-26_FINAL.pdf\"  target=\"_self\">\n\t\t\t\t\t\t\tCalendario acad\u00e9mico 2025-2026\n\t\t\t\t\t<\/a>","protected":false},"excerpt":{"rendered":"<p>Conozca al equipo directivo y al personal del Thrive Center for Success Equipo directivo y personal | Thrive Center for Success Magnolia, Texas Nuestro personal En el Thrive Center for Success, nuestro equipo es m\u00e1s que un grupo de administradores y educadores: somos socios de las familias, defensores de los estudiantes y l\u00edderes apasionados que dan forma al futuro de la educaci\u00f3n centrada en el autismo en Texas...<\/p>","protected":false},"author":1,"featured_media":0,"parent":0,"menu_order":0,"comment_status":"closed","ping_status":"closed","template":"","meta":{"_seopress_robots_primary_cat":"","_seopress_titles_title":"Leadership & Staff | Thrive Center for Success","_seopress_titles_desc":"Meet the leadership and staff at Thrive Center for Success, dedicated educators and administrators advancing autism-focused education in Magnolia, TX.","_seopress_robots_index":"","footnotes":""},"class_list":["post-37","page","type-page","status-publish","hentry"],"_links":{"self":[{"href":"https:\/\/thrivesuccess.org\/es\/wp-json\/wp\/v2\/pages\/37","targetHints":{"allow":["GET"]}}],"collection":[{"href":"https:\/\/thrivesuccess.org\/es\/wp-json\/wp\/v2\/pages"}],"about":[{"href":"https:\/\/thrivesuccess.org\/es\/wp-json\/wp\/v2\/types\/page"}],"author":[{"embeddable":true,"href":"https:\/\/thrivesuccess.org\/es\/wp-json\/wp\/v2\/users\/1"}],"replies":[{"embeddable":true,"href":"https:\/\/thrivesuccess.org\/es\/wp-json\/wp\/v2\/comments?post=37"}],"version-history":[{"count":2,"href":"https:\/\/thrivesuccess.org\/es\/wp-json\/wp\/v2\/pages\/37\/revisions"}],"predecessor-version":[{"id":1120,"href":"https:\/\/thrivesuccess.org\/es\/wp-json\/wp\/v2\/pages\/37\/revisions\/1120"}],"wp:attachment":[{"href":"https:\/\/thrivesuccess.org\/es\/wp-json\/wp\/v2\/media?parent=37"}],"curies":[{"name":"wp","href":"https:\/\/api.w.org\/{rel}","templated":true}]}}