{"id":39,"date":"2025-10-20T20:37:45","date_gmt":"2025-10-20T20:37:45","guid":{"rendered":"https:\/\/thrivesuccess.org\/?page_id=39"},"modified":"2026-04-13T17:09:04","modified_gmt":"2026-04-13T17:09:04","slug":"board-of-directors","status":"publish","type":"page","link":"https:\/\/thrivesuccess.org\/es\/board-of-directors\/","title":{"rendered":"Consejo de Administraci\u00f3n"},"content":{"rendered":"<h1>\n\t\t\tJunta Directiva de Thrive Charter School\t<\/h1>\n<h2>\n\t\t\tRegulaci\u00f3n de la educaci\u00f3n sobre el autismo en Magnolia, Texas\t<\/h2>\n<h2>\n\t\t\tNuestro Consejo\t<\/h2>\n\tLa Junta Directiva del Thrive Center for Success proporciona el liderazgo y la responsabilidad necesarios para una junta escolar de autismo de Texas. Su funci\u00f3n es garantizar que nuestra escuela aut\u00f3noma gratuita en Magnolia, Texas, siga cumpliendo con la normativa, sea financieramente s\u00f3lida y se centre en su misi\u00f3n.<br \/>\nCon diversos antecedentes en educaci\u00f3n, liderazgo sin fines de lucro y servicio comunitario, los miembros de nuestra junta directiva gu\u00edan la administraci\u00f3n de Magnolia Charter con un \u00fanico objetivo: ayudar a todos los ni\u00f1os con autismo a prosperar en la escuela y m\u00e1s all\u00e1.\n<figure itemscope itemtype=\"https:\/\/schema.org\/ImageObject\">\n\t\t\t\t<img decoding=\"async\" src=\"https:\/\/thrivesuccess.org\/wp-content\/uploads\/2026\/04\/AZ-Headshot-3_dark-bckgd-scaled.jpg\" alt=\"AZ Headshot 3_dark bckgd\" height=\"2560\" width=\"1707\" title=\"AZ Retrato 3_fondo oscuro\" onerror=\"this.style.display='none'\" loading=\"lazy\" \/>\n\t<\/figure>\n<h2>\n\t\t\tDra. Ann <br \/> Ziker\t<\/h2>\n\t<p>Presidente del Consejo<\/p>\n\t\t\t<a href=\"https:\/\/thrivesuccess.org\/es\/ann-ziker\/\"  target=\"_self\">\n\t\t\t\t\t\t\tM\u00e1s informaci\u00f3n\n\t\t\t\t\t<\/a>\n<figure itemscope itemtype=\"https:\/\/schema.org\/ImageObject\">\n\t\t\t\t<img decoding=\"async\" src=\"https:\/\/thrivesuccess.org\/wp-content\/uploads\/2025\/10\/Screenshot-2025-10-31-at-10.12.01-AM.png\" alt=\"screenshot 2025 10 31 at 10.12.01 am\" height=\"426\" width=\"274\" title=\"Captura de pantalla 31\/10\/2025 a las 10:12:01 a. m.\" onerror=\"this.style.display='none'\" loading=\"lazy\" \/>\n\t<\/figure>\n<h2>\n\t\t\tDr. Alan Seay, Doctor en Educaci\u00f3n\t<\/h2>\n\t<p>Vicepresidente<\/p>\n\t\t\t<a href=\"https:\/\/thrivesuccess.org\/es\/dr-alan-seay\/\"  target=\"_self\">\n\t\t\t\t\t\t\tM\u00e1s informaci\u00f3n\n\t\t\t\t\t<\/a>\n<figure itemscope itemtype=\"https:\/\/schema.org\/ImageObject\">\n\t\t\t\t<img decoding=\"async\" src=\"https:\/\/thrivesuccess.org\/wp-content\/uploads\/2025\/10\/Screenshot-2025-10-31-at-10.12.10-AM.png\" alt=\"screenshot 2025 10 31 at 10.12.10 am\" height=\"425\" width=\"274\" title=\"Captura de pantalla 31\/10\/2025 a las 10:12:10 a. m.\" onerror=\"this.style.display='none'\" loading=\"lazy\" \/>\n\t<\/figure>\n<h2>\n\t\t\tStacy<br \/>Grimes\t<\/h2>\n\t<p>Secretario<\/p>\n\t\t\t<a href=\"https:\/\/thrivesuccess.org\/es\/stacy-grimes\/\"  target=\"_self\">\n\t\t\t\t\t\t\tM\u00e1s informaci\u00f3n\n\t\t\t\t\t<\/a>\n<figure itemscope itemtype=\"https:\/\/schema.org\/ImageObject\">\n\t\t\t\t<img decoding=\"async\" src=\"https:\/\/thrivesuccess.org\/wp-content\/uploads\/2025\/10\/Screenshot-2025-10-31-at-10.12.17-AM.png\" alt=\"screenshot 2025 10 31 at 10.12.17 am\" height=\"429\" width=\"270\" title=\"Captura de pantalla 31\/10\/2025 a las 10:12:17 a. m.\" onerror=\"this.style.display='none'\" loading=\"lazy\" \/>\n\t<\/figure>\n<h2>\n\t\t\tBob Abendschein\t<\/h2>\n\t<p>Miembro del consejo<\/p>\n\t\t\t<a href=\"https:\/\/thrivesuccess.org\/es\/bob-abendschien\/\"  target=\"_self\">\n\t\t\t\t\t\t\tM\u00e1s informaci\u00f3n\n\t\t\t\t\t<\/a>\n<figure itemscope itemtype=\"https:\/\/schema.org\/ImageObject\">\n\t\t\t\t<img decoding=\"async\" src=\"https:\/\/thrivesuccess.org\/wp-content\/uploads\/2025\/10\/Screenshot-2025-10-31-at-10.12.24-AM.png\" alt=\"screenshot 2025 10 31 at 10.12.24 am\" height=\"427\" width=\"278\" title=\"Captura de pantalla 31-10-2025 a las 10:12:24 a. m.\" onerror=\"this.style.display='none'\" loading=\"lazy\" \/>\n\t<\/figure>\n<h2>\n\t\t\tRobert Morrison\t<\/h2>\n\t<p>Miembro del consejo<\/p>\n\t\t\t<a href=\"https:\/\/thrivesuccess.org\/es\/no-title-3\/\"  target=\"_self\">\n\t\t\t\t\t\t\tM\u00e1s informaci\u00f3n\n\t\t\t\t\t<\/a>\n<h2>\n\t\t\tDale a tu hijo las herramientas para prosperar\t<\/h2>\n\t<p>\u00a1Nos encantar\u00eda saber de ti! Si tienes preguntas sobre la inscripci\u00f3n, los programas o los pr\u00f3ximos eventos, nuestro equipo est\u00e1 aqu\u00ed para ayudarte. Utiliza el siguiente formulario para consultas generales y te responderemos lo antes posible.<\/p>\n<p>Estamos ubicados en <strong data-start=\"20\" data-end=\"69\">32100 Dobbin Huffsmith Rd, Magnolia, TX 77354<\/strong>. Para consultas generales, llame al <strong data-start=\"106\" data-end=\"124\">(936) 297-0417<\/strong>, env\u00edenos un fax al <strong data-start=\"136\" data-end=\"154\">(832) 218-5858<\/strong>, o correo electr\u00f3nico <strong data-start=\"165\" data-end=\"191\"><a href=\"mailto:info@thrivesuccess.org\" rel=\"noopener\" data-start=\"167\" data-end=\"189\" data-is-only-node=\"\">info@thrivesuccess.org<\/a><\/strong><\/p>\n\t\t\t<a href=\"http:\/\/apply.avela.org\/thrivesuccess\"  target=\"_blank\" rel=\"noopener\">\n\t\t\t\t\t\t\tSolicitar ahora\n\t\t\t\t\t<\/a>\n\t\t\t<a href=\"https:\/\/thrivesuccess.org\/wp-content\/uploads\/2026\/03\/Academic-Calendar_25-26_FINAL_Revised.pdf\"  target=\"_self\">\n\t\t\t\t\t\t\tCalendario acad\u00e9mico 2025-2026\n\t\t\t\t\t<\/a>","protected":false},"excerpt":{"rendered":"<p>Junta Directiva de Thrive Charter School que rige la educaci\u00f3n sobre el autismo en Magnolia, Texas. Nuestra Junta Directiva La Junta Directiva de Thrive Center for Success proporciona el liderazgo y la responsabilidad necesarios para una junta escolar sobre el autismo en Texas. Su funci\u00f3n es garantizar que nuestra escuela aut\u00f3noma sin cuotas de matr\u00edcula en Magnolia, Texas, siga cumpliendo con la normativa, sea financieramente s\u00f3lida y se centre en su misi\u00f3n. Con una gran diversidad...<\/p>","protected":false},"author":1,"featured_media":0,"parent":0,"menu_order":0,"comment_status":"closed","ping_status":"closed","template":"","meta":{"_seopress_robots_primary_cat":"","_seopress_titles_title":"Board of Directors | Thrive Center for Success","_seopress_titles_desc":"Meet the Thrive Center for Success Board of Directors, providing governance, leadership, and accountability for our autism-focused charter school in Magnolia TX.","_seopress_robots_index":"","footnotes":""},"class_list":["post-39","page","type-page","status-publish","hentry"],"_links":{"self":[{"href":"https:\/\/thrivesuccess.org\/es\/wp-json\/wp\/v2\/pages\/39","targetHints":{"allow":["GET"]}}],"collection":[{"href":"https:\/\/thrivesuccess.org\/es\/wp-json\/wp\/v2\/pages"}],"about":[{"href":"https:\/\/thrivesuccess.org\/es\/wp-json\/wp\/v2\/types\/page"}],"author":[{"embeddable":true,"href":"https:\/\/thrivesuccess.org\/es\/wp-json\/wp\/v2\/users\/1"}],"replies":[{"embeddable":true,"href":"https:\/\/thrivesuccess.org\/es\/wp-json\/wp\/v2\/comments?post=39"}],"version-history":[{"count":2,"href":"https:\/\/thrivesuccess.org\/es\/wp-json\/wp\/v2\/pages\/39\/revisions"}],"predecessor-version":[{"id":1199,"href":"https:\/\/thrivesuccess.org\/es\/wp-json\/wp\/v2\/pages\/39\/revisions\/1199"}],"wp:attachment":[{"href":"https:\/\/thrivesuccess.org\/es\/wp-json\/wp\/v2\/media?parent=39"}],"curies":[{"name":"wp","href":"https:\/\/api.w.org\/{rel}","templated":true}]}}