{"id":41,"date":"2025-10-20T20:38:06","date_gmt":"2025-10-20T20:38:06","guid":{"rendered":"https:\/\/thrivesuccess.org\/?page_id=41"},"modified":"2026-03-02T16:10:00","modified_gmt":"2026-03-02T16:10:00","slug":"jobs-at-thrive","status":"publish","type":"page","link":"https:\/\/thrivesuccess.org\/es\/jobs-at-thrive\/","title":{"rendered":"Empleos en Thrive"},"content":{"rendered":"<h1>\n\t\t\tEmpleos en Thrive Center for Success\t<\/h1>\n<h2>\n\t\t\t\u00danete al equipo\t<\/h2>\n\t<p>En Thrive Center for Success, creemos que los cambios significativos se producen cuando se apoya, capacita y empodera a profesionales apasionados para que den lo mejor de s\u00ed mismos en su trabajo. Nuestro equipo est\u00e1 comprometido con una educaci\u00f3n basada en la evidencia y centrada en el estudiante, la colaboraci\u00f3n y el crecimiento continuo, todo ello con el fin de ayudar a los estudiantes a alcanzar su m\u00e1ximo potencial.<\/p>\n<p>Si te mueve un prop\u00f3sito, valoras la ense\u00f1anza basada en datos y deseas tener un impacto medible en un entorno solidario y centrado en una misi\u00f3n, te invitamos a explorar las oportunidades actuales en Thrive.<\/p>\n<h2>\n\t\t\tPuestos disponibles\t<\/h2>\n\t\t<ul>\n\t\t<li  data-children-wrapper=\"true\"><\/li><li  data-children-wrapper=\"true\"><\/li><li  data-children-wrapper=\"true\"><\/li><li  data-children-wrapper=\"true\"><\/li><li  data-children-wrapper=\"true\"><\/li><li  data-children-wrapper=\"true\"><\/li>\t<\/ul>\n\n\t<p> | <\/p>\n\t\n\n\t\t\t<a href=\"\"  target=\"_self\">\n\t\t\t\t\t\t\tSolicitar ahora\n\t\t\t\t\t<\/a>","protected":false},"excerpt":{"rendered":"<p>Empleos en Thrive Center for Success \u00danete al equipo En Thrive Center for Success, creemos que los cambios significativos se producen cuando se apoya, se capacita y se empodera a profesionales apasionados para que den lo mejor de s\u00ed mismos en su trabajo. Nuestro equipo est\u00e1 comprometido con una educaci\u00f3n basada en la evidencia y centrada en el estudiante, la colaboraci\u00f3n y el crecimiento continuo, todo ello con el fin de ayudar a los estudiantes a alcanzar su m\u00e1ximo potencial. Si t\u00fa...<\/p>","protected":false},"author":1,"featured_media":0,"parent":0,"menu_order":0,"comment_status":"closed","ping_status":"closed","template":"","meta":{"_seopress_robots_primary_cat":"","_seopress_titles_title":"Jobs at Thrive Center for Success","_seopress_titles_desc":"Explore careers at Thrive Center for Success\u2014special education teachers, BCBA, speech pathologists & more in an autism-focused school environment.","_seopress_robots_index":"","footnotes":""},"class_list":["post-41","page","type-page","status-publish","hentry"],"_links":{"self":[{"href":"https:\/\/thrivesuccess.org\/es\/wp-json\/wp\/v2\/pages\/41","targetHints":{"allow":["GET"]}}],"collection":[{"href":"https:\/\/thrivesuccess.org\/es\/wp-json\/wp\/v2\/pages"}],"about":[{"href":"https:\/\/thrivesuccess.org\/es\/wp-json\/wp\/v2\/types\/page"}],"author":[{"embeddable":true,"href":"https:\/\/thrivesuccess.org\/es\/wp-json\/wp\/v2\/users\/1"}],"replies":[{"embeddable":true,"href":"https:\/\/thrivesuccess.org\/es\/wp-json\/wp\/v2\/comments?post=41"}],"version-history":[{"count":2,"href":"https:\/\/thrivesuccess.org\/es\/wp-json\/wp\/v2\/pages\/41\/revisions"}],"predecessor-version":[{"id":1163,"href":"https:\/\/thrivesuccess.org\/es\/wp-json\/wp\/v2\/pages\/41\/revisions\/1163"}],"wp:attachment":[{"href":"https:\/\/thrivesuccess.org\/es\/wp-json\/wp\/v2\/media?parent=41"}],"curies":[{"name":"wp","href":"https:\/\/api.w.org\/{rel}","templated":true}]}}