{"id":45,"date":"2025-10-20T20:39:19","date_gmt":"2025-10-20T20:39:19","guid":{"rendered":"https:\/\/thrivesuccess.org\/?page_id=45"},"modified":"2026-01-30T17:39:55","modified_gmt":"2026-01-30T17:39:55","slug":"programs-extracurriculars","status":"publish","type":"page","link":"https:\/\/thrivesuccess.org\/es\/programs-extracurriculars\/","title":{"rendered":"Programas y actividades extracurriculares"},"content":{"rendered":"<h1>\n\t\t\tProgramas escolares especializados en el Centro para el \u00c9xito Thrive\t<\/h1>\n<h2>\n\t\t\tApoyando el crecimiento a trav\u00e9s de programas \u00fanicos\t<\/h2>\n<h2>\n\t\t\tCABAS en Thrive\t<\/h2>\n\t<p>En Thrive Center for Success, toda la ense\u00f1anza se basa en el ABA y se gu\u00eda por el modelo CABAS\u00ae (Aplicaci\u00f3n Integral del An\u00e1lisis Conductual a la Educaci\u00f3n), un marco basado en la investigaci\u00f3n desarrollado en la Universidad de Columbia. Utilizando el enfoque CABAS\u00ae y el plan de estudios ELCAR (Plan de Estudios y Registro de Logros para Aprendices Tempranos), la ense\u00f1anza es individualizada, se basa en datos y se imparte hasta alcanzar el dominio. Los estudiantes son el centro del sistema, y su progreso gu\u00eda las decisiones pedag\u00f3gicas, lo que garantiza que el aprendizaje se produzca en el nivel educativo preciso de cada estudiante.<\/p>\n<h2>\n\t\t\tNuestros programas\t<\/h2>\n\t<p>Thrive ofrece una amplia gama de programas acad\u00e9micos, sociales y terap\u00e9uticos dise\u00f1ados para apoyar al estudiante en su totalidad. En todas las aulas y niveles de grado, los estudiantes reciben instrucci\u00f3n en materias acad\u00e9micas, comportamiento verbal, habilidades sociales, autogesti\u00f3n e independencia. Los programas incorporan planes de estudio basados en la evidencia e intervenciones estructuradas, que incluyen instrucci\u00f3n acad\u00e9mica individualizada, grupos de habilidades sociales, asignaturas optativas y apoyos terap\u00e9uticos, como terapia del habla y terapia ocupacional. Todos los programas aplican los principios CABAS\u00ae (evaluaci\u00f3n continua, recopilaci\u00f3n de datos e instrucci\u00f3n espec\u00edfica) para garantizar que cada estudiante reciba un apoyo significativo y medible, acorde con sus necesidades individuales.<\/p>\n\t<ul>\n\t\t<li>\t\t\t\t\n\t\t<h3>Ense\u00f1anza basada en ABA impartida hasta el dominio completo<\/h3><\/li><li>\t\t\t\t\n\t\t<h3>Aprendizaje individualizado guiado por CABAS\u00ae y ELCAR<\/h3><\/li><li>\t\t\t\t\n\t\t<h3>Desarrollo del comportamiento verbal y comunicaci\u00f3n funcional<\/h3><\/li><li>\t\t\t\t\n\t\t<h3>Crecimiento acad\u00e9mico junto con habilidades sociales, autogesti\u00f3n e independencia.<\/h3><\/li>\t<\/ul>\n<h2>\n\t\t\tHabilidades sociales\t<\/h2>\n\t\t<ul>\n\t\t<li data-children-wrapper=\"true\"><\/li><li data-children-wrapper=\"true\"><\/li><li data-children-wrapper=\"true\"><\/li><li data-children-wrapper=\"true\"><\/li><li data-children-wrapper=\"true\"><\/li>\t<\/ul>\n<figure itemscope=\"\" itemtype=\"https:\/\/schema.org\/ImageObject\">\n\t\t\t\t<img decoding=\"async\" src=\"https:\/\/thrivesuccess.org\/wp-content\/plugins\/bb-plugin\/img\/pixel.png\" alt=\"\" onerror=\"this.style.display='none'\" loading=\"lazy\">\n\t<\/figure>\n\n\t\t\t<a href=\"\" target=\"_self\">\n\t\t\t\t\t\t\tM\u00e1s informaci\u00f3n\n\t\t\t\t\t<\/a>\n<h2>\n\t\t\tAsignaturas optativas\t<\/h2>\n\t\t<ul>\n\t\t<li data-children-wrapper=\"true\"><\/li><li data-children-wrapper=\"true\"><\/li><li data-children-wrapper=\"true\"><\/li><li data-children-wrapper=\"true\"><\/li><li data-children-wrapper=\"true\"><\/li><li data-children-wrapper=\"true\"><\/li>\t<\/ul>\n<figure itemscope=\"\" itemtype=\"https:\/\/schema.org\/ImageObject\">\n\t\t\t\t<img decoding=\"async\" src=\"https:\/\/thrivesuccess.org\/wp-content\/plugins\/bb-plugin\/img\/pixel.png\" alt=\"\" onerror=\"this.style.display='none'\" loading=\"lazy\">\n\t<\/figure>\n\n\t\t\t<a href=\"\" target=\"_self\">\n\t\t\t\t\t\t\tM\u00e1s informaci\u00f3n\n\t\t\t\t\t<\/a>\n<h2>\n\t\t\tTerapias\t<\/h2>\n\t\t<ul>\n\t\t<li data-children-wrapper=\"true\"><\/li><li data-children-wrapper=\"true\"><\/li><li data-children-wrapper=\"true\"><\/li><li data-children-wrapper=\"true\"><\/li>\t<\/ul>\n<figure itemscope=\"\" itemtype=\"https:\/\/schema.org\/ImageObject\">\n\t\t\t\t<img decoding=\"async\" src=\"https:\/\/thrivesuccess.org\/wp-content\/plugins\/bb-plugin\/img\/pixel.png\" alt=\"\" onerror=\"this.style.display='none'\" loading=\"lazy\">\n\t<\/figure>\n\n\t\t\t<a href=\"\" target=\"_self\">\n\t\t\t\t\t\t\tM\u00e1s informaci\u00f3n\n\t\t\t\t\t<\/a>\n<h2>\n\t\t\tDale a tu hijo las herramientas para prosperar\t<\/h2>\n\t<p>\u00a1Nos encantar\u00eda saber de ti! Si tienes preguntas sobre la inscripci\u00f3n, los programas o los pr\u00f3ximos eventos, nuestro equipo est\u00e1 aqu\u00ed para ayudarte. Utiliza el siguiente formulario para consultas generales y te responderemos lo antes posible.<\/p>\n<p>Estamos ubicados en <strong data-start=\"20\" data-end=\"69\">32100 Dobbin Huffsmith Rd, Magnolia, TX 77354<\/strong>. Para consultas generales, llame al <strong data-start=\"106\" data-end=\"124\">(936) 297-0417<\/strong>, env\u00edenos un fax al <strong data-start=\"136\" data-end=\"154\">(832) 218-5858<\/strong>, o correo electr\u00f3nico <strong data-start=\"165\" data-end=\"191\"><a href=\"mailto:info@thrivesuccess.org\" rel=\"noopener\" data-start=\"167\" data-end=\"189\" data-is-only-node=\"\">info@thrivesuccess.org<\/a><\/strong><\/p>\n\t\t\t<a href=\"https:\/\/apply.avela.org\/thrivesuccess\" target=\"_blank\" rel=\"noopener\">\n\t\t\t\t\t\t\tSolicitar ahora\n\t\t\t\t\t<\/a>\n\t\t\t<a href=\"https:\/\/thrivesuccess.org\/wp-content\/uploads\/2025\/10\/68b89e94d4aaea2a82085631_Academic-Calendar_25-26_FINAL.pdf\" target=\"_self\">\n\t\t\t\t\t\t\tCalendario acad\u00e9mico 2025-2026\n\t\t\t\t\t<\/a>","protected":false},"excerpt":{"rendered":"<p>Programas escolares especializados en Thrive Center for Success Apoyando el crecimiento a trav\u00e9s de programas \u00fanicos CABAS en Thrive En Thrive Center for Success, toda la ense\u00f1anza se basa en el ABA y se gu\u00eda por el modelo CABAS\u00ae (Aplicaci\u00f3n Integral del An\u00e1lisis Conductual a la Educaci\u00f3n), un marco basado en la investigaci\u00f3n desarrollado en la Universidad de Columbia. Utilizando el enfoque CABAS\u00ae y el ELCAR (Early Learner...<\/p>","protected":false},"author":1,"featured_media":0,"parent":0,"menu_order":0,"comment_status":"closed","ping_status":"closed","template":"","meta":{"_seopress_robots_primary_cat":"","_seopress_titles_title":"Programs & Extracurriculars | Thrive Center for Success","_seopress_titles_desc":"Explore Thrive\u2019s specialized programs, clubs, electives, and therapies that support academic, social, and therapeutic growth for students in Magnolia, TX. ","_seopress_robots_index":"","footnotes":""},"class_list":["post-45","page","type-page","status-publish","hentry"],"_links":{"self":[{"href":"https:\/\/thrivesuccess.org\/es\/wp-json\/wp\/v2\/pages\/45","targetHints":{"allow":["GET"]}}],"collection":[{"href":"https:\/\/thrivesuccess.org\/es\/wp-json\/wp\/v2\/pages"}],"about":[{"href":"https:\/\/thrivesuccess.org\/es\/wp-json\/wp\/v2\/types\/page"}],"author":[{"embeddable":true,"href":"https:\/\/thrivesuccess.org\/es\/wp-json\/wp\/v2\/users\/1"}],"replies":[{"embeddable":true,"href":"https:\/\/thrivesuccess.org\/es\/wp-json\/wp\/v2\/comments?post=45"}],"version-history":[{"count":1,"href":"https:\/\/thrivesuccess.org\/es\/wp-json\/wp\/v2\/pages\/45\/revisions"}],"predecessor-version":[{"id":1111,"href":"https:\/\/thrivesuccess.org\/es\/wp-json\/wp\/v2\/pages\/45\/revisions\/1111"}],"wp:attachment":[{"href":"https:\/\/thrivesuccess.org\/es\/wp-json\/wp\/v2\/media?parent=45"}],"curies":[{"name":"wp","href":"https:\/\/api.w.org\/{rel}","templated":true}]}}