{"id":451,"date":"2025-12-09T21:40:07","date_gmt":"2025-12-09T21:40:07","guid":{"rendered":"https:\/\/thrivesuccess.org\/?page_id=451"},"modified":"2026-02-02T23:31:12","modified_gmt":"2026-02-02T23:31:12","slug":"lauren-link","status":"publish","type":"page","link":"https:\/\/thrivesuccess.org\/es\/lauren-link\/","title":{"rendered":"Dra. Lauren Link"},"content":{"rendered":"<h1>\n\t\t\tDra. Lauren Link\t<\/h1>\n<h2>\n\t\t\tDirector de BCBA y asesor educativo de CABAS\u00ae\t<\/h2>\n<figure itemscope itemtype=\"https:\/\/schema.org\/ImageObject\">\n\t\t\t\t<img decoding=\"async\" src=\"https:\/\/thrivesuccess.org\/wp-content\/uploads\/2025\/12\/headshot-copy.png\" alt=\"headshot copy\" height=\"667\" width=\"500\" title=\"copia del retrato\" onerror=\"this.style.display='none'\" loading=\"lazy\" \/>\n\t<\/figure>\n<h3>\n\t\t\tDra. Lauren Link\t<\/h3>\n\tLa Dra. Lauren Link es directora de BCBA y asesora pedag\u00f3gica de CABAS\u00ae en Thrive Center for Success. En este cargo, dirige el equipo de BCBA, imparte formaci\u00f3n intensiva sobre CABAS\u00ae a todo el personal y apoya la implementaci\u00f3n de pr\u00e1cticas pedag\u00f3gicas basadas en la evidencia en toda la escuela. Como analista conductual certificada por la junta (BCBA-D), la Dra. Link aporta una gran cantidad de conocimientos y experiencia a su cargo. Obtuvo su licenciatura en Desarrollo Humano en la Universidad de Cornell y complet\u00f3 su doctorado en An\u00e1lisis Conductual en el Teachers College de la Universidad de Columbia, donde estudi\u00f3 con el fundador del modelo CABAS\u00ae. Su formaci\u00f3n avanzada y su experiencia siguen guiando su trabajo en el desarrollo de sistemas de instrucci\u00f3n eficaces en Thrive.<br \/>\nDesde que se uni\u00f3 a Thrive en julio de 2024, la Dra. Link ha desempe\u00f1ado un papel clave en el avance de la misi\u00f3n de la escuela a trav\u00e9s del desarrollo del personal, el entrenamiento a nivel de sistemas y el dise\u00f1o del plan de estudios. Imparte un curso de la Academia CABAS\u00ae para ayudar a los maestros a comprender los fundamentos cient\u00edficos de su pr\u00e1ctica diaria y dirigir\u00e1 iniciativas de capacitaci\u00f3n para padres con el fin de fortalecer a\u00fan m\u00e1s la colaboraci\u00f3n entre la escuela y el hogar.<br \/>\nLa Dra. Link aporta a su trabajo su experiencia en educaci\u00f3n infantil y primaria, con cinco a\u00f1os de experiencia docente desde preescolar hasta tercer grado. Su investigaci\u00f3n sobre la ense\u00f1anza y el dise\u00f1o de planes de estudio, incluida su tesis doctoral titulada \u201cLos efectos de la ense\u00f1anza basada en la equivalencia en la resoluci\u00f3n de problemas matem\u00e1ticos\u201d, sigue alimentando su pasi\u00f3n por crear entornos de aprendizaje inclusivos y eficaces. Originaria de Nueva York, la Dra. Link se enorgullece de llamar a The Woodlands su hogar, ya que ayuda a garantizar que todos los estudiantes de Thrive tengan la oportunidad de triunfar.\n<h2>\n\t\t\tGobernanza, liderazgo y cumplimiento normativo\t<\/h2>\n\t<p>Conoce m\u00e1s sobre las personas y los est\u00e1ndares que gu\u00edan a Thrive:<\/p>\n<h3>\n\t\t\t Direcci\u00f3n y personal\t<\/h3>\n\t<p>Conozca a nuestros educadores, terapeutas y administradores.<\/p>\n\t\t\t<a href=\"https:\/\/thrivesuccess.org\/es\/?page_id=37\"  target=\"_self\">\n\t\t\t\t\t\t\tM\u00e1s informaci\u00f3n\n\t\t\t\t\t<\/a>\n<h3>\n\t\t\t Consejo de Administraci\u00f3n\t<\/h3>\n\t<p>Vea qui\u00e9n dirige y gobierna Thrive.<\/p>\n\t\t\t<a href=\"https:\/\/thrivesuccess.org\/es\/?page_id=39\"  target=\"_self\">\n\t\t\t\t\t\t\tM\u00e1s informaci\u00f3n\n\t\t\t\t\t<\/a>\n<h3>\n\t\t\tAcreditaci\u00f3n y avisos\t<\/h3>\n\t<p>Revisar el cumplimiento y las actualizaciones de acreditaci\u00f3n.<\/p>\n\t\t\t<a href=\"https:\/\/thrivesuccess.org\/es\/?page_id=59\"  target=\"_self\">\n\t\t\t\t\t\t\tM\u00e1s informaci\u00f3n\n\t\t\t\t\t<\/a>","protected":false},"excerpt":{"rendered":"<p>Dra. Lauren Link Directora de BCBA y coach educativa de CABAS\u00ae Dra. Lauren Link La Dra. Lauren Link es directora de BCBA y coach educativa de CABAS\u00ae en Thrive Center for Success. En este puesto, dirige el equipo de BCBA, imparte formaci\u00f3n intensiva sobre CABAS\u00ae a todo el personal y apoya la implementaci\u00f3n de pr\u00e1cticas educativas basadas en la evidencia en toda la escuela. Como analista conductual certificada por la Junta...<\/p>","protected":false},"author":1,"featured_media":0,"parent":0,"menu_order":0,"comment_status":"closed","ping_status":"closed","template":"","meta":{"_seopress_robots_primary_cat":"","_seopress_titles_title":"Dr. Lauren Link \u2013 Board Member | Thrive Center for Success","_seopress_titles_desc":"Learn about Dr. Lauren Link, BCBA-D board member and instructional leader at Thrive Center for Success advancing evidence-based practices.","_seopress_robots_index":"","footnotes":""},"class_list":["post-451","page","type-page","status-publish","hentry"],"_links":{"self":[{"href":"https:\/\/thrivesuccess.org\/es\/wp-json\/wp\/v2\/pages\/451","targetHints":{"allow":["GET"]}}],"collection":[{"href":"https:\/\/thrivesuccess.org\/es\/wp-json\/wp\/v2\/pages"}],"about":[{"href":"https:\/\/thrivesuccess.org\/es\/wp-json\/wp\/v2\/types\/page"}],"author":[{"embeddable":true,"href":"https:\/\/thrivesuccess.org\/es\/wp-json\/wp\/v2\/users\/1"}],"replies":[{"embeddable":true,"href":"https:\/\/thrivesuccess.org\/es\/wp-json\/wp\/v2\/comments?post=451"}],"version-history":[{"count":2,"href":"https:\/\/thrivesuccess.org\/es\/wp-json\/wp\/v2\/pages\/451\/revisions"}],"predecessor-version":[{"id":1124,"href":"https:\/\/thrivesuccess.org\/es\/wp-json\/wp\/v2\/pages\/451\/revisions\/1124"}],"wp:attachment":[{"href":"https:\/\/thrivesuccess.org\/es\/wp-json\/wp\/v2\/media?parent=451"}],"curies":[{"name":"wp","href":"https:\/\/api.w.org\/{rel}","templated":true}]}}