{"id":463,"date":"2025-12-09T21:47:16","date_gmt":"2025-12-09T21:47:16","guid":{"rendered":"https:\/\/thrivesuccess.org\/?page_id=463"},"modified":"2026-01-29T19:48:11","modified_gmt":"2026-01-29T19:48:11","slug":"ann-ziker","status":"publish","type":"page","link":"https:\/\/thrivesuccess.org\/es\/ann-ziker\/","title":{"rendered":"Ann Ziker"},"content":{"rendered":"<h1>\n\t\t\tDra. Ann Ziker\t<\/h1>\n<h2>\n\t\t\tPresidente del Consejo\t<\/h2>\n\t\t\t\t<img decoding=\"async\" src=\"https:\/\/thrivesuccess.org\/wp-content\/uploads\/2025\/10\/Screenshot-2025-10-31-at-10.11.54-AM.png\" alt=\"Screenshot 2025-10-31 at 10.11.54 AM\" itemprop=\"image\" height=\"425\" width=\"273\" title=\"Captura de pantalla 31\/10\/2025 a las 10:11:54 a. m.\" onerror=\"this.style.display='none'\" loading=\"lazy\" \/>\n<h3>\n\t\t\tDra. Ann Ziker\t<\/h3>\n\t<p>Ann Ziker es actualmente directora ejecutiva de The Brown Foundation, Inc. Anteriormente, ocup\u00f3 varios cargos en YES Prep Public Schools, entre ellos el de vicepresidenta ejecutiva, directora ejecutiva (interina) y vicepresidenta de desarrollo. Antes de incorporarse a YES Prep, Ann fue directora general fundadora de Education Pioneers-Houston. De 2008 a 2010, Ann trabaj\u00f3 como consultora para McKinsey &amp; Company, donde prest\u00f3 servicios a clientes del sector p\u00fablico y privado en diversas cuestiones estrat\u00e9gicas y organizativas. Comenz\u00f3 su carrera como profesora de ciencias sociales en una gran escuela secundaria integral de Texas. Ann es licenciada en Sociolog\u00eda y Ciencias Pol\u00edticas (magna cum laude) y doctora en Historia por la Universidad Rice. Ella y su esposo Ben viven en Houston desde hace muchos a\u00f1os y tienen dos hijos, de 8 y 5 a\u00f1os.<\/p>\n<h2>\n\t\t\tGobernanza, liderazgo y cumplimiento normativo\t<\/h2>\n\t<p>Conoce m\u00e1s sobre las personas y los est\u00e1ndares que gu\u00edan a Thrive:<\/p>\n<h3>\n\t\t\t Direcci\u00f3n y personal\t<\/h3>\n\t<p>Conozca a nuestros educadores, terapeutas y administradores.<\/p>\n\t\t\t<a href=\"https:\/\/thrivesuccess.org\/es\/?page_id=37\" target=\"_self\">\n\t\t\t\t\t\t\tM\u00e1s informaci\u00f3n\n\t\t\t\t\t<\/a>\n<h3>\n\t\t\t Consejo de Administraci\u00f3n\t<\/h3>\n\t<p>Vea qui\u00e9n dirige y gobierna Thrive.<\/p>\n\t\t\t<a href=\"https:\/\/thrivesuccess.org\/es\/?page_id=39\" target=\"_self\">\n\t\t\t\t\t\t\tM\u00e1s informaci\u00f3n\n\t\t\t\t\t<\/a>\n<h3>\n\t\t\tAcreditaci\u00f3n y avisos\t<\/h3>\n\t<p>Revisar el cumplimiento y las actualizaciones de acreditaci\u00f3n.<\/p>\n\t\t\t<a href=\"https:\/\/thrivesuccess.org\/es\/?page_id=59\" target=\"_self\">\n\t\t\t\t\t\t\tM\u00e1s informaci\u00f3n\n\t\t\t\t\t<\/a>","protected":false},"excerpt":{"rendered":"<p>Dra. Ann Ziker Presidenta del Consejo Directivo Dra. Ann Ziker Ann Ziker actualmente se desempe\u00f1a como directora ejecutiva de The Brown Foundation, Inc. Anteriormente, ocup\u00f3 varios cargos en YES Prep Public Schools, entre ellos el de vicepresidenta ejecutiva, directora ejecutiva (interina) y vicepresidenta de desarrollo. Antes de incorporarse a YES Prep, Ann fue directora general fundadora de...<\/p>","protected":false},"author":1,"featured_media":0,"parent":0,"menu_order":0,"comment_status":"closed","ping_status":"closed","template":"","meta":{"_seopress_robots_primary_cat":"","_seopress_titles_title":"Dr. Ann Ziker \u2013 Board Chair | Thrive Center for Success","_seopress_titles_desc":"Learn about Dr. Ann Ziker, Board Chair at Thrive Center for Success, her leadership experience and commitment to autism-focused education in Magnolia TX.","_seopress_robots_index":"","footnotes":""},"class_list":["post-463","page","type-page","status-publish","hentry"],"_links":{"self":[{"href":"https:\/\/thrivesuccess.org\/es\/wp-json\/wp\/v2\/pages\/463","targetHints":{"allow":["GET"]}}],"collection":[{"href":"https:\/\/thrivesuccess.org\/es\/wp-json\/wp\/v2\/pages"}],"about":[{"href":"https:\/\/thrivesuccess.org\/es\/wp-json\/wp\/v2\/types\/page"}],"author":[{"embeddable":true,"href":"https:\/\/thrivesuccess.org\/es\/wp-json\/wp\/v2\/users\/1"}],"replies":[{"embeddable":true,"href":"https:\/\/thrivesuccess.org\/es\/wp-json\/wp\/v2\/comments?post=463"}],"version-history":[{"count":1,"href":"https:\/\/thrivesuccess.org\/es\/wp-json\/wp\/v2\/pages\/463\/revisions"}],"predecessor-version":[{"id":1075,"href":"https:\/\/thrivesuccess.org\/es\/wp-json\/wp\/v2\/pages\/463\/revisions\/1075"}],"wp:attachment":[{"href":"https:\/\/thrivesuccess.org\/es\/wp-json\/wp\/v2\/media?parent=463"}],"curies":[{"name":"wp","href":"https:\/\/api.w.org\/{rel}","templated":true}]}}