{"id":467,"date":"2025-12-09T21:49:37","date_gmt":"2025-12-09T21:49:37","guid":{"rendered":"https:\/\/thrivesuccess.org\/?page_id=467"},"modified":"2026-01-29T21:18:18","modified_gmt":"2026-01-29T21:18:18","slug":"dr-alan-seay","status":"publish","type":"page","link":"https:\/\/thrivesuccess.org\/es\/dr-alan-seay\/","title":{"rendered":"Dr. Alan Seay"},"content":{"rendered":"<h1>\n\t\t\tDr. Alan Seay\t<\/h1>\n<h2>\n\t\t\tVicepresidente\t<\/h2>\n\t\t\t\t<img decoding=\"async\" src=\"https:\/\/thrivesuccess.org\/wp-content\/uploads\/2025\/10\/Screenshot-2025-10-31-at-10.12.01-AM.png\" alt=\"Screenshot 2025-10-31 at 10.12.01 AM\" itemprop=\"image\" height=\"426\" width=\"274\" title=\"Captura de pantalla 31\/10\/2025 a las 10:12:01 a. m.\" onerror=\"this.style.display='none'\" loading=\"lazy\" \/>\n<h3>\n\t\t\tDr. Alan Seay\t<\/h3>\n\t<p>Alan Seay cuenta con treinta y cuatro a\u00f1os de experiencia en la educaci\u00f3n p\u00fablica de Texas. Pas\u00f3 los primeros veinticinco como maestro, entrenador, director, subdirector y director en distritos escolares tradicionales antes de ser contratado en 2011 como director ejecutivo de A+ Charter Schools, Inc. y director de sus dos escuelas aut\u00f3nomas del centro de la ciudad, A+ Academy e Inspired Vision Academy. Su liderazgo ayud\u00f3 a la organizaci\u00f3n a recuperarse de a\u00f1os de control por parte de la TEA y la transform\u00f3 en una de las organizaciones de escuelas aut\u00f3nomas m\u00e1s respetadas del norte de Texas. Se retir\u00f3 del servicio p\u00fablico educativo a tiempo completo en 2016.<\/p>\n<p>En 2018, sali\u00f3 de su jubilaci\u00f3n para ocupar el cargo de director ejecutivo de International Leadership of Texas, la organizaci\u00f3n de gesti\u00f3n de escuelas aut\u00f3nomas de m\u00e1s r\u00e1pido crecimiento en el pa\u00eds. Reestructur\u00f3 esa organizaci\u00f3n y la llev\u00f3 a ejecutar con \u00e9xito la mayor venta de bonos de escuelas aut\u00f3nomas de la historia. Tras dejar ILTexas, el Dr. Seay ha ocupado el cargo de superintendente interino de la escuela aut\u00f3noma George I Sanchez y de Legacy Traditional Schools of Texas. Recientemente, se uni\u00f3 a la junta directiva de Thrive Center for Success, una escuela aut\u00f3noma de reciente creaci\u00f3n dedicada a prestar servicios a ni\u00f1os con autismo.<\/p>\n<p>El Dr. Seay dirige su propia empresa de consultor\u00eda, Leadership4School, LLC, y trabaja con escuelas aut\u00f3nomas de todo el estado. Imparte formaci\u00f3n a los consejos escolares de las escuelas aut\u00f3nomas para la Asociaci\u00f3n de Escuelas Aut\u00f3nomas P\u00fablicas de Texas, ha sido superintendente interino, asesora a los directores de escuelas aut\u00f3nomas y a los consejos escolares, imparte formaci\u00f3n a los directivos, publica el Texas Charter School Weekly y organiza una reuni\u00f3n semanal por Zoom para los directores de escuelas aut\u00f3nomas. Adem\u00e1s, es profesor adjunto de la Universidad Estatal de Luisiana (Shreveport) y de la Universidad Bautista de Dallas.<\/p>\n<p>\u200d<\/p>\n<h2>\n\t\t\tGobernanza, liderazgo y cumplimiento normativo\t<\/h2>\n\t<p>Conoce m\u00e1s sobre las personas y los est\u00e1ndares que gu\u00edan a Thrive:<\/p>\n<h3>\n\t\t\t Direcci\u00f3n y personal\t<\/h3>\n\t<p>Conozca a nuestros educadores, terapeutas y administradores.<\/p>\n\t\t\t<a href=\"https:\/\/thrivesuccess.org\/es\/?page_id=37\" target=\"_self\">\n\t\t\t\t\t\t\tM\u00e1s informaci\u00f3n\n\t\t\t\t\t<\/a>\n<h3>\n\t\t\t Consejo de Administraci\u00f3n\t<\/h3>\n\t<p>Vea qui\u00e9n dirige y gobierna Thrive.<\/p>\n\t\t\t<a href=\"https:\/\/thrivesuccess.org\/es\/?page_id=39\" target=\"_self\">\n\t\t\t\t\t\t\tM\u00e1s informaci\u00f3n\n\t\t\t\t\t<\/a>\n<h3>\n\t\t\tAcreditaci\u00f3n y avisos\t<\/h3>\n\t<p>Revisar el cumplimiento y las actualizaciones de acreditaci\u00f3n.<\/p>\n\t\t\t<a href=\"https:\/\/thrivesuccess.org\/es\/?page_id=59\" target=\"_self\">\n\t\t\t\t\t\t\tM\u00e1s informaci\u00f3n\n\t\t\t\t\t<\/a>","protected":false},"excerpt":{"rendered":"<p>Dr. Alan Seay Vicepresidente Dr. Alan Seay Alan Seay cuenta con treinta y cuatro a\u00f1os de experiencia en la educaci\u00f3n p\u00fablica de Texas. Pas\u00f3 los primeros veinticinco como maestro, entrenador, director, asistente del superintendente y superintendente en distritos escolares tradicionales antes de ser contratado en 2011 como director ejecutivo de A+ Charter Schools, Inc. y superintendente de sus dos escuelas internas...<\/p>","protected":false},"author":1,"featured_media":0,"parent":0,"menu_order":0,"comment_status":"closed","ping_status":"closed","template":"","meta":{"_seopress_robots_primary_cat":"","_seopress_titles_title":"Dr. Alan Seay \u2013 Vice Chair | Thrive Center for Success","_seopress_titles_desc":"Learn about Dr. Alan Seay, Vice Chair of the Board at Thrive Center for Success with decades of Texas public education and charter leadership experience.","_seopress_robots_index":"","footnotes":""},"class_list":["post-467","page","type-page","status-publish","hentry"],"_links":{"self":[{"href":"https:\/\/thrivesuccess.org\/es\/wp-json\/wp\/v2\/pages\/467","targetHints":{"allow":["GET"]}}],"collection":[{"href":"https:\/\/thrivesuccess.org\/es\/wp-json\/wp\/v2\/pages"}],"about":[{"href":"https:\/\/thrivesuccess.org\/es\/wp-json\/wp\/v2\/types\/page"}],"author":[{"embeddable":true,"href":"https:\/\/thrivesuccess.org\/es\/wp-json\/wp\/v2\/users\/1"}],"replies":[{"embeddable":true,"href":"https:\/\/thrivesuccess.org\/es\/wp-json\/wp\/v2\/comments?post=467"}],"version-history":[{"count":1,"href":"https:\/\/thrivesuccess.org\/es\/wp-json\/wp\/v2\/pages\/467\/revisions"}],"predecessor-version":[{"id":1094,"href":"https:\/\/thrivesuccess.org\/es\/wp-json\/wp\/v2\/pages\/467\/revisions\/1094"}],"wp:attachment":[{"href":"https:\/\/thrivesuccess.org\/es\/wp-json\/wp\/v2\/media?parent=467"}],"curies":[{"name":"wp","href":"https:\/\/api.w.org\/{rel}","templated":true}]}}