{"id":49,"date":"2025-10-20T20:53:40","date_gmt":"2025-10-20T20:53:40","guid":{"rendered":"https:\/\/thrivesuccess.org\/?page_id=49"},"modified":"2026-01-29T21:35:46","modified_gmt":"2026-01-29T21:35:46","slug":"enrollment-requirements","status":"publish","type":"page","link":"https:\/\/thrivesuccess.org\/es\/enrollment-requirements\/","title":{"rendered":"Requisitos de inscripci\u00f3n"},"content":{"rendered":"<h1>\n\t\t\tRequisitos de inscripci\u00f3n\t<\/h1>\n<h2>\n\t\t\tRequisitos de inscripci\u00f3n para Thrive Autism Charter en Magnolia, Texas\t<\/h2>\n<h2>\n\t\t\tYa est\u00e1 abierta la inscripci\u00f3n para el k\u00ednder y el 9.\u00ba grado para el a\u00f1o escolar 2026-2027.\t<\/h2>\n\tThrive Center for Success es una escuela p\u00fablica aut\u00f3noma sin cuotas de matr\u00edcula que atiende a estudiantes con autismo desde preescolar hasta octavo grado. Combinamos el an\u00e1lisis conductual aplicado (ABA) con una s\u00f3lida formaci\u00f3n acad\u00e9mica para ofrecer un modelo educativo \u00fanico a las familias de Magnolia y las comunidades circundantes.<br>\nPara simplificar el proceso, queremos que los padres comprendan claramente la solicitud de admisi\u00f3n, los requisitos de inscripci\u00f3n, la asignaci\u00f3n de nivel de grado y el sistema de loter\u00eda.\n<h2>\n\t\t\tC\u00f3mo funciona el proceso de admisi\u00f3n e inscripci\u00f3n en Thrive\t<\/h2>\n<h2>\n\t\t\tComprender el proceso de solicitud, sorteo e inscripci\u00f3n\t<\/h2>\n\t<p>En Thrive Center for Success, nos esforzamos por hacer que el proceso de admisi\u00f3n sea sencillo y transparente para todas las familias. Como somos una escuela p\u00fablica aut\u00f3noma sin cuotas de matr\u00edcula, la admisi\u00f3n est\u00e1 abierta a todos los estudiantes que cumplan los requisitos, pero las plazas son limitadas. As\u00ed es como funciona el proceso:<\/p>\n<h3>\n\t\t\tSolicitud de admisi\u00f3n\t<\/h3>\n\t<p>Durante el periodo de inscripci\u00f3n, las familias pueden presentar la Solicitud de Admisi\u00f3n de Estudiantes de Escuelas Aut\u00f3nomas (CSAA) en l\u00ednea.<\/p>\n<p>En esta etapa solo se requiere el formulario de solicitud; no se pueden solicitar expedientes, IEP ni informaci\u00f3n m\u00e9dica hasta que se le ofrezca la inscripci\u00f3n al estudiante, seg\u00fan las regulaciones de la TEA.<\/p>\n<p>Al seleccionar el nivel de grado de su hijo, elija el grado al que ingresar\u00e1 en el pr\u00f3ximo a\u00f1o escolar.<\/p>\n<ul>\n<li>Estudiantes actualmente matriculados en la escuela: seleccionen su siguiente nivel de grado.<\/li>\n<li>Estudiantes que reciben educaci\u00f3n en casa o en cl\u00ednicas: elijan el grado que mejor se adapte a su edad y nivel de habilidad.<\/li>\n<li>Los ni\u00f1os nacidos entre abril y agosto pueden solicitar el grado correspondiente a su edad o uno inferior, dependiendo de su preparaci\u00f3n.<\/li>\n<\/ul>\n<a href=\"https:\/\/apply.avela.org\/thrivesuccess\"><strong data-start=\"1383\" data-end=\"1396\">Solicitar ahora<\/strong><\/a>\n<h3>\n\t\t\tProceso de la loter\u00eda\t<\/h3>\n\t<p>Thrive realiza un sorteo aleatorio para garantizar un proceso de admisi\u00f3n justo.<\/p>\n<ul>\n<li>El sorteo se celebra tras el cierre del plazo de solicitud.<\/li>\n<li>Se notifica a las familias por correo electr\u00f3nico si a su hijo se le ha ofrecido una plaza o se le ha incluido en una lista de espera.<\/li>\n<li>Si su hijo est\u00e1 en lista de espera, no se preocupe: a menudo se liberan plazas a medida que las familias toman una decisi\u00f3n definitiva.<\/li>\n<\/ul>\nSi el n\u00famero de solicitudes supera el n\u00famero de plazas disponibles, se realiza un sorteo p\u00fablico de conformidad con la ley de escuelas aut\u00f3nomas de Texas.<br>\n2026-2027 Fecha del sorteo: 6 de febrero de 2026\n<p><strong>Solicitudes presentadas entre el 1 de diciembre de 2025 y el 1 de febrero de 2026.<\/strong>&nbsp;se incluir\u00e1 en el sorteo.<\/p>\n<h3>\n\t\t\tInscripci\u00f3n\t<\/h3>\n\tSi a su hijo se le ofrece una plaza y usted la acepta, comienza el proceso de inscripci\u00f3n. En esta etapa, Thrive puede solicitar:<br>\nHistoriales m\u00e9dicos de los estudiantes\n<ul>\n<li>Expediente acad\u00e9mico<\/li>\n<li>Verificaci\u00f3n de la direcci\u00f3n<\/li>\n<li>IEP anteriores, si procede.<\/li>\n<li>Expedientes disciplinarios (si procede)<\/li>\n<\/ul>\n<p>La inscripci\u00f3n nos ayuda a personalizar la ense\u00f1anza, pero no puede utilizarse para seleccionar a los estudiantes durante la fase de solicitud.<\/p>\n<p><em><strong>No discriminaci\u00f3n:<\/strong> La pol\u00edtica de admisi\u00f3n de Thrive no puede discriminar por motivos de sexo, nacionalidad, origen \u00e9tnico, religi\u00f3n, discapacidad, capacidad acad\u00e9mica, capacidad art\u00edstica, capacidad atl\u00e9tica o distrito de residencia.<\/em><\/p>\n<h2>\n\t\t\tNotas y divulgaciones\t<\/h2>\n\t<h3><strong>Solicitudes despu\u00e9s de la fecha l\u00edmite<\/strong><\/h3>\n<p>Las solicitudes enviadas despu\u00e9s del 1 de febrero de 2026 se agregar\u00e1n a la lista de espera en el orden en que se reciban.<\/p>\n<p>&nbsp;<\/p>\n<p><em><strong>La lista de espera solo es v\u00e1lida para el a\u00f1o escolar 2026-2027.<\/strong><\/em><\/p>\n<p>&nbsp;<\/p>\n<h3><strong>Requisitos de edad y grado escolar<\/strong><\/h3>\n<p>Los estudiantes deben tener cinco a\u00f1os cumplidos antes del 1 de septiembre del a\u00f1o escolar para ingresar al jard\u00edn de ni\u00f1os.<\/p>\n<p>Thrive actualmente imparte clases desde k\u00ednder hasta octavo grado y se ampliar\u00e1 anualmente hasta llegar a impartir clases hasta el duod\u00e9cimo grado. Se ofrecer\u00e1n clases desde k\u00ednder hasta noveno grado. El a\u00f1o escolar 2026-2027.<\/p>\n<p>Thrive utiliza grupos flexibles de diferentes edades, de modo que los alumnos reciben ense\u00f1anza en funci\u00f3n de su nivel de habilidades, y no solo de su nivel acad\u00e9mico. Esto garantiza que cada ni\u00f1o reciba una ense\u00f1anza adecuada a su etapa de desarrollo.<\/p>\n<h2>\n\t\t\tDale a tu hijo las herramientas para prosperar\t<\/h2>\n\t<p>\u00a1Nos encantar\u00eda saber de ti! Si tienes preguntas sobre la inscripci\u00f3n, los programas o los pr\u00f3ximos eventos, nuestro equipo est\u00e1 aqu\u00ed para ayudarte. Utiliza el siguiente formulario para consultas generales y te responderemos lo antes posible.<\/p>\n<p>Estamos ubicados en <strong data-start=\"20\" data-end=\"69\">32100 Dobbin Huffsmith Rd, Magnolia, TX 77354<\/strong>. Para consultas generales, llame al <strong data-start=\"106\" data-end=\"124\">(936) 297-0417<\/strong>, env\u00edenos un fax al <strong data-start=\"136\" data-end=\"154\">(832) 218-5858<\/strong>, o correo electr\u00f3nico <strong data-start=\"165\" data-end=\"191\"><a href=\"mailto:info@thrivesuccess.org\" rel=\"noopener\" data-start=\"167\" data-end=\"189\" data-is-only-node=\"\">info@thrivesuccess.org<\/a><\/strong><\/p>\n\t\t\t<a href=\"https:\/\/apply.avela.org\/thrivesuccess\" target=\"_blank\" rel=\"noopener\">\n\t\t\t\t\t\t\tSolicitar ahora\n\t\t\t\t\t<\/a>\n\t\t\t<a href=\"https:\/\/thrivesuccess.org\/wp-content\/uploads\/2025\/10\/68b89e94d4aaea2a82085631_Academic-Calendar_25-26_FINAL.pdf\" target=\"_self\">\n\t\t\t\t\t\t\tCalendario acad\u00e9mico 2025-2026\n\t\t\t\t\t<\/a>","protected":false},"excerpt":{"rendered":"<p>Requisitos de inscripci\u00f3n Requisitos de inscripci\u00f3n para Thrive Autism Charter en Magnolia, Texas. Ya est\u00e1 abierta la inscripci\u00f3n para k\u00ednder y 9.\u00ba grado para el a\u00f1o escolar 2026-2027. Thrive Center for Success es una escuela p\u00fablica aut\u00f3noma sin cuota de matr\u00edcula que atiende a estudiantes con autismo desde k\u00ednder hasta 8.\u00ba grado. Combinamos el an\u00e1lisis conductual aplicado (ABA) con una s\u00f3lida formaci\u00f3n acad\u00e9mica para ofrecer una experiencia \u00fanica...<\/p>","protected":false},"author":1,"featured_media":0,"parent":0,"menu_order":0,"comment_status":"closed","ping_status":"closed","template":"","meta":{"_seopress_robots_primary_cat":"","_seopress_titles_title":"Enrollment Requirements | Thrive Center for Success","_seopress_titles_desc":"Review Thrive Center for Success enrollment requirements, eligibility, age\/grade guidelines, lottery process, and fair application steps in Magnolia, TX.","_seopress_robots_index":"","footnotes":""},"class_list":["post-49","page","type-page","status-publish","hentry"],"_links":{"self":[{"href":"https:\/\/thrivesuccess.org\/es\/wp-json\/wp\/v2\/pages\/49","targetHints":{"allow":["GET"]}}],"collection":[{"href":"https:\/\/thrivesuccess.org\/es\/wp-json\/wp\/v2\/pages"}],"about":[{"href":"https:\/\/thrivesuccess.org\/es\/wp-json\/wp\/v2\/types\/page"}],"author":[{"embeddable":true,"href":"https:\/\/thrivesuccess.org\/es\/wp-json\/wp\/v2\/users\/1"}],"replies":[{"embeddable":true,"href":"https:\/\/thrivesuccess.org\/es\/wp-json\/wp\/v2\/comments?post=49"}],"version-history":[{"count":1,"href":"https:\/\/thrivesuccess.org\/es\/wp-json\/wp\/v2\/pages\/49\/revisions"}],"predecessor-version":[{"id":1099,"href":"https:\/\/thrivesuccess.org\/es\/wp-json\/wp\/v2\/pages\/49\/revisions\/1099"}],"wp:attachment":[{"href":"https:\/\/thrivesuccess.org\/es\/wp-json\/wp\/v2\/media?parent=49"}],"curies":[{"name":"wp","href":"https:\/\/api.w.org\/{rel}","templated":true}]}}