{"id":52,"date":"2025-10-20T20:44:31","date_gmt":"2025-10-20T20:44:31","guid":{"rendered":"https:\/\/thrivesuccess.org\/?page_id=52"},"modified":"2026-01-29T20:37:53","modified_gmt":"2026-01-29T20:37:53","slug":"charter-faq","status":"publish","type":"page","link":"https:\/\/thrivesuccess.org\/es\/charter-faq\/","title":{"rendered":"Preguntas frecuentes sobre el alquiler"},"content":{"rendered":"<h1>\n\t\t\tPreguntas frecuentes sobre la escuela aut\u00f3noma Thrive\t<\/h1>\n<h2>\n\t\t\tPreguntas y respuestas\t<\/h2>\n\t<p>Elegir la escuela adecuada para su hijo es una decisi\u00f3n importante. En Thrive Center for Success, entendemos que las familias suelen tener preguntas sobre c\u00f3mo funciona una escuela aut\u00f3noma gratuita especializada en autismo en Magnolia, Texas. A continuaci\u00f3n, encontrar\u00e1 las respuestas a las preguntas m\u00e1s frecuentes para ayudarle a navegar por el proceso de admisi\u00f3n e inscripci\u00f3n.<\/p>\n\t\t\t\t\t<a role=\"heading\" aria-level=\"2\" tabindex=\"-1\" id=\"fl-accordion--label-0\">\u00bfQu\u00e9 es una escuela aut\u00f3noma?<\/a>\n\t\t\t\t\t\t\t\t\t\t\t<button type=\"button\" id=\"fl-accordion--icon-0\" aria-expanded=\"false\" aria-controls=\"fl-accordion--panel-0\"><i>Expandir<\/i><\/button>\n\t\t\t\t\t<p>Una escuela aut\u00f3noma es una escuela p\u00fablica gratuita y abierta a todos los estudiantes que cumplan con los requisitos de elegibilidad del estado. Al igual que las escuelas p\u00fablicas tradicionales, las escuelas aut\u00f3nomas son financiadas por el estado y deben cumplir con las leyes educativas estatales. Thrive Center for Success es \u00fanico porque nos enfocamos exclusivamente en los estudiantes con autismo e integramos <a href=\"https:\/\/www.autismspeaks.org\/applied-behavior-analysis\">An\u00e1lisis Conductual Aplicado (ABA)<\/a> con acad\u00e9micos.<\/p>\n\t\t\t\t\t<a role=\"heading\" aria-level=\"2\" tabindex=\"-1\" id=\"fl-accordion--label-1\">\u00bfThrive cobra matr\u00edcula?<\/a>\n\t\t\t\t\t\t\t\t\t\t\t<button type=\"button\" id=\"fl-accordion--icon-1\" aria-expanded=\"false\" aria-controls=\"fl-accordion--panel-1\"><i>Expandir<\/i><\/button>\n\t\t\t\t\t<p>No. Thrive Center for Success es una escuela p\u00fablica aut\u00f3noma sin cuotas de matr\u00edcula. No hay que pagar nada por solicitar la admisi\u00f3n, inscribirse o asistir a clase.<\/p>\n\t\t\t\t\t<a role=\"heading\" aria-level=\"2\" tabindex=\"-1\" id=\"fl-accordion--label-2\">\u00bfQui\u00e9n puede solicitar participar en Thrive?<\/a>\n\t\t\t\t\t\t\t\t\t\t\t<button type=\"button\" id=\"fl-accordion--icon-2\" aria-expanded=\"false\" aria-controls=\"fl-accordion--panel-2\"><i>Expandir<\/i><\/button>\n\t\t\t\t\t<p>Thrive acepta<a href=\"https:\/\/apply.avela.org\/thrivesuccess\"> solicitudes<\/a> de familias con hijos matriculados desde preescolar hasta 9.\u00ba grado. Los alumnos deben cumplir los requisitos de edad establecidos por el estado de Texas: los ni\u00f1os deben haber cumplido los cinco a\u00f1os antes del 1 de septiembre para poder empezar preescolar.<\/p>\n\t\t\t\t\t<a role=\"heading\" aria-level=\"2\" tabindex=\"-1\" id=\"fl-accordion--label-3\">\u00bfCu\u00e1l es la diferencia entre admisi\u00f3n e inscripci\u00f3n?<\/a>\n\t\t\t\t\t\t\t\t\t\t\t<button type=\"button\" id=\"fl-accordion--icon-3\" aria-expanded=\"false\" aria-controls=\"fl-accordion--panel-3\"><i>Expandir<\/i><\/button>\n\t\t\t\t\t<p><b>Solicitud de admisi\u00f3n:<\/b> Las familias completan el <a href=\"https:\/\/apply.avela.org\/thrivesuccess\">Solicitud de admisi\u00f3n para estudiantes de escuelas aut\u00f3nomas<\/a> (CSAA) durante el periodo de solicitud abierto.<\/p>\n<p>&nbsp;<\/p>\n<p><b>Inscripci\u00f3n:<\/b> Una vez que se le ofrece una plaza al estudiante y este la acepta, las familias deben presentar documentos adicionales (expedientes m\u00e9dicos, expedientes acad\u00e9micos, prueba de residencia, etc.).<\/p>\n\t\t\t\t\t<a role=\"heading\" aria-level=\"2\" tabindex=\"-1\" id=\"fl-accordion--label-4\">\u00bfC\u00f3mo funciona la loter\u00eda?<\/a>\n\t\t\t\t\t\t\t\t\t\t\t<button type=\"button\" id=\"fl-accordion--icon-4\" aria-expanded=\"false\" aria-controls=\"fl-accordion--panel-4\"><i>Expandir<\/i><\/button>\n\t\t\t\t\t<p>Si el n\u00famero de solicitudes supera el n\u00famero de plazas disponibles, Thrive llevar\u00e1 a cabo un sorteo p\u00fablico, tal y como exige la legislaci\u00f3n de Texas. El sorteo para el curso 2026-2027 tendr\u00e1 lugar el <strong>6 de febrero de 2026.<\/strong> Los estudiantes que no sean seleccionados ser\u00e1n colocados en una lista de espera en el orden en que hayan sido seleccionados.<\/p>\n\t\t\t\t\t<a role=\"heading\" aria-level=\"2\" tabindex=\"-1\" id=\"fl-accordion--label-5\">\u00bfC\u00f3mo elijo un nivel de grado al presentar la solicitud?<\/a>\n\t\t\t\t\t\t\t\t\t\t\t<button type=\"button\" id=\"fl-accordion--icon-5\" aria-expanded=\"false\" aria-controls=\"fl-accordion--panel-5\"><i>Expandir<\/i><\/button>\n\t\t\t\t\t<ul>\n<li aria-level=\"1\">Si su hijo est\u00e1 inscrito en una escuela p\u00fablica o privada \u2192 marque el grado en el que estar\u00e1 el pr\u00f3ximo a\u00f1o escolar.&nbsp;<\/li>\n<li aria-level=\"1\">Si reciben educaci\u00f3n en casa o en una cl\u00ednica ABA, seleccione el grado que mejor se ajuste a su edad cronol\u00f3gica y nivel de habilidades.&nbsp;<\/li>\n<li aria-level=\"1\">Para los ni\u00f1os nacidos entre abril y agosto \u2192 los padres pueden elegir entre el grado adecuado a su edad o un grado inferior.&nbsp;<\/li>\n<\/ul>\n<p><b>Nota:<\/b> Thrive no puede solicitar IEP, registros m\u00e9dicos o acad\u00e9micos durante la fase de solicitud. Las conversaciones sobre la asignaci\u00f3n de plazas solo se producen despu\u00e9s de que se haya ofrecido la inscripci\u00f3n.<\/p>\n\t\t\t\t\t<a role=\"heading\" aria-level=\"2\" tabindex=\"-1\" id=\"fl-accordion--label-6\">\u00bfQu\u00e9 diferencia a Thrive de otras escuelas?<\/a>\n\t\t\t\t\t\t\t\t\t\t\t<button type=\"button\" id=\"fl-accordion--icon-6\" aria-expanded=\"false\" aria-controls=\"fl-accordion--panel-6\"><i>Expandir<\/i><\/button>\n\t\t\t\t\t<ul>\n<li><strong>Baja proporci\u00f3n de alumnos por maestro<\/strong><\/li>\n<li><a href=\"https:\/\/thrivesuccess.org\/es\/?page_id=43\"><strong>Integraci\u00f3n de ABA<\/strong><\/a> con acad\u00e9micos<\/li>\n<li><strong>Campus adaptado a las necesidades sensoriales<\/strong> caracter\u00edsticas (sala sensorial, gimnasio completo, \u00e1reas de juego al aire libre)<\/li>\n<li><strong>Grupos flexibles de diferentes edades<\/strong> para que los estudiantes aprendan seg\u00fan su nivel de habilidad, no solo seg\u00fan su nivel de grado.<\/li>\n<li><strong>Apoyos individualizados<\/strong> por personal especializado y capacitado en educaci\u00f3n sobre el autismo<\/li>\n<\/ul>\n\t\t\t\t\t<a role=\"heading\" aria-level=\"2\" tabindex=\"-1\" id=\"fl-accordion--label-7\">\u00bfCu\u00e1l es el horario escolar?<\/a>\n\t\t\t\t\t\t\t\t\t\t\t<button type=\"button\" id=\"fl-accordion--icon-7\" aria-expanded=\"false\" aria-controls=\"fl-accordion--panel-7\"><i>Expandir<\/i><\/button>\n\t\t\t\t\t<p>Horario escolar: el horario escolar ser\u00e1 de 8:00 a. m. a 3:30 p. m.<\/p>\nNo ofreceremos servicio de guarder\u00eda antes o despu\u00e9s de las clases para<a href=\"https:\/\/thrivesuccess.org\/wp-content\/uploads\/2025\/10\/68b89e94d4aaea2a82085631_Academic-Calendar_25-26_FINAL.pdf\"> A\u00f1o escolar 2024-2025<\/a>, pero esperamos poder ofrecerlo en los pr\u00f3ximos a\u00f1os.<br>\nThrive acepta alumnos de K a 8.\u00ba grado para el a\u00f1o escolar 2025-2026.\n\t\t\t\t\t<a role=\"heading\" aria-level=\"2\" tabindex=\"-1\" id=\"fl-accordion--label-8\">\u00bfThrive sigue el mismo calendario escolar que el distrito?<\/a>\n\t\t\t\t\t\t\t\t\t\t\t<button type=\"button\" id=\"fl-accordion--icon-8\" aria-expanded=\"false\" aria-controls=\"fl-accordion--panel-8\"><i>Expandir<\/i><\/button>\n\t\t\t\t\t<p>No. Thrive opera de forma independiente. <b>calendario acad\u00e9mico<\/b>, que incluye los d\u00edas laborables del personal, los recesos y las fechas de los ex\u00e1menes. Las familias pueden descargar el calendario m\u00e1s reciente aqu\u00ed:<\/p>\n<p><a href=\"https:\/\/thrivesuccess.org\/wp-content\/uploads\/2025\/10\/68b89e94d4aaea2a82085631_Academic-Calendar_25-26_FINAL.pdf\">Ver el calendario acad\u00e9mico (PDF)<\/a><\/p>\n\t\t\t\t\t<a role=\"heading\" aria-level=\"2\" tabindex=\"-1\" id=\"fl-accordion--label-9\">\u00bfThrive est\u00e1 acreditado?<\/a>\n\t\t\t\t\t\t\t\t\t\t\t<button type=\"button\" id=\"fl-accordion--icon-9\" aria-expanded=\"false\" aria-controls=\"fl-accordion--panel-9\"><i>Expandir<\/i><\/button>\n\t\t\t\t\t<p>S\u00ed. Thrive es una escuela aut\u00f3noma aprobada por el estado que opera bajo la supervisi\u00f3n de la <a href=\"https:\/\/tea.texas.gov\/\" target=\"_blank\" rel=\"noopener\">Agencia de Educaci\u00f3n de Texas (TEA)<\/a>. Los miembros de nuestra junta directiva, el salario del superintendente, los presupuestos y los informes requeridos se publican de conformidad con la legislaci\u00f3n de Texas.<\/p>\n\t\t\t\t\t<a role=\"heading\" aria-level=\"2\" tabindex=\"-1\" id=\"fl-accordion--label-10\">\u00bfC\u00f3mo pueden mantenerse informadas las familias?<\/a>\n\t\t\t\t\t\t\t\t\t\t\t<button type=\"button\" id=\"fl-accordion--icon-10\" aria-expanded=\"false\" aria-controls=\"fl-accordion--panel-10\"><i>Expandir<\/i><\/button>\n\t\t\t\t\t<p>S\u00edganos en Facebook<a href=\"https:\/\/www.facebook.com\/ThriveCenterForSuccess\" target=\"_blank\" rel=\"noopener\"> @Centro Thrive para el \u00c9xito<\/a><\/p>\n<p>Suscr\u00edbase al bolet\u00edn informativo de nuestra escuela.<\/p>\n<h2>\n\t\t\tDale a tu hijo las herramientas para prosperar\t<\/h2>\n\t<p>\u00a1Nos encantar\u00eda saber de ti! Si tienes preguntas sobre la inscripci\u00f3n, los programas o los pr\u00f3ximos eventos, nuestro equipo est\u00e1 aqu\u00ed para ayudarte. Utiliza el siguiente formulario para consultas generales y te responderemos lo antes posible.<\/p>\n<p>Estamos ubicados en <strong data-start=\"20\" data-end=\"69\">32100 Dobbin Huffsmith Rd, Magnolia, TX 77354<\/strong>. Para consultas generales, llame al <strong data-start=\"106\" data-end=\"124\">(936) 297-0417<\/strong>, env\u00edenos un fax al <strong data-start=\"136\" data-end=\"154\">(832) 218-5858<\/strong>, o correo electr\u00f3nico <strong data-start=\"165\" data-end=\"191\"><a href=\"mailto:info@thrivesuccess.org\" rel=\"noopener\" data-start=\"167\" data-end=\"189\" data-is-only-node=\"\">info@thrivesuccess.org<\/a><\/strong><\/p>\n\t\t\t<a href=\"https:\/\/apply.avela.org\/thrivesuccess\" target=\"_blank\" rel=\"noopener\">\n\t\t\t\t\t\t\tSolicitar ahora\n\t\t\t\t\t<\/a>\n\t\t\t<a href=\"https:\/\/thrivesuccess.org\/wp-content\/uploads\/2025\/10\/68b89e94d4aaea2a82085631_Academic-Calendar_25-26_FINAL.pdf\" target=\"_self\">\n\t\t\t\t\t\t\tCalendario acad\u00e9mico 2025-2026\n\t\t\t\t\t<\/a>","protected":false},"excerpt":{"rendered":"<p>Preguntas frecuentes sobre la escuela aut\u00f3noma Thrive Preguntas y respuestas Elegir la escuela adecuada para su hijo es una decisi\u00f3n importante. En Thrive Center for Success, entendemos que las familias suelen tener preguntas sobre c\u00f3mo funciona una escuela aut\u00f3noma gratuita especializada en autismo en Magnolia, Texas. A continuaci\u00f3n, encontrar\u00e1 las respuestas a las preguntas m\u00e1s frecuentes para ayudarle...<\/p>","protected":false},"author":1,"featured_media":0,"parent":0,"menu_order":0,"comment_status":"closed","ping_status":"closed","template":"","meta":{"_seopress_robots_primary_cat":"","_seopress_titles_title":"Charter School FAQs | Thrive Center for Success","_seopress_titles_desc":"Find answers to common questions about Thrive Center for Success charter school, admissions, enrollment, and what makes our autism-focused program unique.","_seopress_robots_index":"","footnotes":""},"class_list":["post-52","page","type-page","status-publish","hentry"],"_links":{"self":[{"href":"https:\/\/thrivesuccess.org\/es\/wp-json\/wp\/v2\/pages\/52","targetHints":{"allow":["GET"]}}],"collection":[{"href":"https:\/\/thrivesuccess.org\/es\/wp-json\/wp\/v2\/pages"}],"about":[{"href":"https:\/\/thrivesuccess.org\/es\/wp-json\/wp\/v2\/types\/page"}],"author":[{"embeddable":true,"href":"https:\/\/thrivesuccess.org\/es\/wp-json\/wp\/v2\/users\/1"}],"replies":[{"embeddable":true,"href":"https:\/\/thrivesuccess.org\/es\/wp-json\/wp\/v2\/comments?post=52"}],"version-history":[{"count":1,"href":"https:\/\/thrivesuccess.org\/es\/wp-json\/wp\/v2\/pages\/52\/revisions"}],"predecessor-version":[{"id":1086,"href":"https:\/\/thrivesuccess.org\/es\/wp-json\/wp\/v2\/pages\/52\/revisions\/1086"}],"wp:attachment":[{"href":"https:\/\/thrivesuccess.org\/es\/wp-json\/wp\/v2\/media?parent=52"}],"curies":[{"name":"wp","href":"https:\/\/api.w.org\/{rel}","templated":true}]}}