{"id":59,"date":"2025-10-20T20:46:42","date_gmt":"2025-10-20T20:46:42","guid":{"rendered":"https:\/\/thrivesuccess.org\/?page_id=59"},"modified":"2026-01-30T17:44:50","modified_gmt":"2026-01-30T17:44:50","slug":"public-information","status":"publish","type":"page","link":"https:\/\/thrivesuccess.org\/es\/public-information\/","title":{"rendered":"Informaci\u00f3n p\u00fablica"},"content":{"rendered":"<h1>\n\t\t\tInformaci\u00f3n p\u00fablica y publicaciones obligatorias\t<\/h1>\n\t<p>Como escuela p\u00fablica aut\u00f3noma sin cuotas de matr\u00edcula en Magnolia, Texas, Thrive Center for Success est\u00e1 comprometida con la transparencia y la responsabilidad. En cumplimiento con los requisitos de la Agencia de Educaci\u00f3n de Texas (TEA) y la legislaci\u00f3n estatal, esta p\u00e1gina proporciona acceso a las publicaciones, informes, pol\u00edticas y recursos p\u00fablicos requeridos.<\/p>\n<p>Thrive Center for Success se compromete a mantener un <b>entorno de aprendizaje seguro, transparente y equitativo<\/b>. Families and community members are encouraged to use these resources to stay informed about our school&#8217;s operations, financials, and academic performance.<\/p>\n<h2>\n\t\t\tResoluciones del Consejo\t<\/h2>\n\t\t<ul>\n\t\t<li data-children-wrapper=\"true\"><\/li><li data-children-wrapper=\"true\"><\/li>\t<\/ul>\n\n\t\t\t<a href=\"\" target=\"_blank\" rel=\"noopener\">\n\t\t\t\t\t\tHaga clic aqu\u00ed\n\t\t\t\t\t<\/a>\n<h2>\n\t\t\tGovernance &amp; Compliance\t<\/h2>\n\t\t<ul>\n\t\t<li data-children-wrapper=\"true\"><\/li><li data-children-wrapper=\"true\"><\/li><li data-children-wrapper=\"true\"><\/li>\t<\/ul>\n\n\t\t\t<a href=\"\" target=\"_blank\" rel=\"noopener\">\n\t\t\t\t\t\tHaga clic aqu\u00ed\n\t\t\t\t\t<\/a>\n<h2>\n\t\t\tTransparencia financiera\t<\/h2>\n\t\t<ul>\n\t\t<li data-children-wrapper=\"true\"><\/li><li data-children-wrapper=\"true\"><\/li><li data-children-wrapper=\"true\"><\/li><li data-children-wrapper=\"true\"><\/li><li data-children-wrapper=\"true\"><\/li><li data-children-wrapper=\"true\"><\/li><li data-children-wrapper=\"true\"><\/li><li data-children-wrapper=\"true\"><\/li><li data-children-wrapper=\"true\"><\/li><li data-children-wrapper=\"true\"><\/li>\t<\/ul>\n\n\t\t\t<a href=\"\" target=\"_blank\" rel=\"noopener\">\n\t\t\t\t\t\tHaga clic aqu\u00ed\n\t\t\t\t\t<\/a>\n<h2>\n\t\t\tAcademic Accountability &amp; Plans\t<\/h2>\n\t\t<ul>\n\t\t<li data-children-wrapper=\"true\"><\/li><li data-children-wrapper=\"true\"><\/li><li data-children-wrapper=\"true\"><\/li><li data-children-wrapper=\"true\"><\/li><li data-children-wrapper=\"true\"><\/li>\t<\/ul>\n\n\t\t\t<a href=\"\" target=\"_blank\" rel=\"noopener\">\n\t\t\t\t\t\tHaga clic aqu\u00ed\n\t\t\t\t\t<\/a>\n<h2>\n\t\t\tHealth &amp; Wellness Policies\t<\/h2>\n\t\t<ul>\n\t\t<li data-children-wrapper=\"true\"><\/li><li data-children-wrapper=\"true\"><\/li><li data-children-wrapper=\"true\"><\/li><li data-children-wrapper=\"true\"><\/li><li data-children-wrapper=\"true\"><\/li>\t<\/ul>\n\n\t\t\t<a href=\"\" target=\"_blank\" rel=\"noopener\">\n\t\t\t\t\t\tHaga clic aqu\u00ed\n\t\t\t\t\t<\/a>\n\t<p>Pol\u00edtica de actividad f\u00edsica<\/p>\n<p>Pautas sobre alergias alimentarias<\/p>\n<h2>\n\t\t\tStudent &amp; Parent Resources\t<\/h2>\n\t\t<ul>\n\t\t<li data-children-wrapper=\"true\"><\/li><li data-children-wrapper=\"true\"><\/li><li data-children-wrapper=\"true\"><\/li><li data-children-wrapper=\"true\"><\/li><li data-children-wrapper=\"true\"><\/li><li data-children-wrapper=\"true\"><\/li><li data-children-wrapper=\"true\"><\/li><li data-children-wrapper=\"true\"><\/li><li data-children-wrapper=\"true\"><\/li><li data-children-wrapper=\"true\"><\/li>\t<\/ul>\n\n\t\t\t<a href=\"\" target=\"_blank\" rel=\"noopener\">\n\t\t\t\t\t\tHaga clic aqu\u00ed\n\t\t\t\t\t<\/a>\n<h2>\n\t\t\tTitle IX &amp; Accessibility\t<\/h2>\n\t\t<ul>\n\t\t<li data-children-wrapper=\"true\"><\/li><li data-children-wrapper=\"true\"><\/li>\t<\/ul>\n\n\t\t\t<a href=\"\" target=\"_blank\" rel=\"noopener\">\n\t\t\t\t\t\tHaga clic aqu\u00ed\n\t\t\t\t\t<\/a>\n\t<p>Informaci\u00f3n y materiales de capacitaci\u00f3n sobre el T\u00edtulo IX<\/p>\n<h2>\n\t\t\tInformaci\u00f3n sobre la inscripci\u00f3n\t<\/h2>\n\t<p>Thrive Center for Success is currently accepting applications for the 2026-2027 school year. We proudly serve students in grades Kindergarten-9th, with plans to expand annually through 12th grade.<\/p>\n<p><strong><em>Enrollment Period: Dec. 1, 2025 &#8211; Feb. 1, 2026<\/em><\/strong><\/p>\n<p><em><strong>Sorteo de la loter\u00eda: 6 de febrero de 2026<\/strong><\/em><\/p>\n\t\t\t<a href=\"https:\/\/apply.avela.org\/thrivesuccess\" target=\"_blank\" rel=\"noopener\">\n\t\t\t\t\t\t\tSolicitar ahora\n\t\t\t\t\t<\/a>\n<h2>\n\t\t\tDale a tu hijo las herramientas para prosperar\t<\/h2>\n\t<p>\u00a1Nos encantar\u00eda saber de ti! Si tienes preguntas sobre la inscripci\u00f3n, los programas o los pr\u00f3ximos eventos, nuestro equipo est\u00e1 aqu\u00ed para ayudarte. Utiliza el siguiente formulario para consultas generales y te responderemos lo antes posible.<\/p>\n<p>Estamos ubicados en <strong data-start=\"20\" data-end=\"69\">32100 Dobbin Huffsmith Rd, Magnolia, TX 77354<\/strong>. Para consultas generales, llame al <strong data-start=\"106\" data-end=\"124\">(936) 297-0417<\/strong>, env\u00edenos un fax al <strong data-start=\"136\" data-end=\"154\">(832) 218-5858<\/strong>, o correo electr\u00f3nico <strong data-start=\"165\" data-end=\"191\"><a href=\"mailto:info@thrivesuccess.org\" rel=\"noopener\" data-start=\"167\" data-end=\"189\" data-is-only-node=\"\">info@thrivesuccess.org<\/a><\/strong><\/p>\n\t\t\t<a href=\"https:\/\/apply.avela.org\/thrivesuccess\" target=\"_blank\" rel=\"noopener\">\n\t\t\t\t\t\t\tSolicitar ahora\n\t\t\t\t\t<\/a>\n\t\t\t<a href=\"https:\/\/thrivesuccess.org\/wp-content\/uploads\/2025\/10\/68b89e94d4aaea2a82085631_Academic-Calendar_25-26_FINAL.pdf\" target=\"_self\">\n\t\t\t\t\t\t\tCalendario acad\u00e9mico 2025-2026\n\t\t\t\t\t<\/a>","protected":false},"excerpt":{"rendered":"<p>Public Information and Required Postings As a tuition-free public charter school in Magnolia, TX, Thrive Center for Success is committed to transparency and accountability. In compliance with Texas Education Agency (TEA) requirements and state law, this page provides access to required public postings, reports, policies, and resources. Thrive Center for Success is committed to maintaining&hellip;<\/p>","protected":false},"author":1,"featured_media":0,"parent":0,"menu_order":0,"comment_status":"closed","ping_status":"closed","template":"","meta":{"_seopress_robots_primary_cat":"","_seopress_titles_title":"Public Information & Required Postings | Thrive Center","_seopress_titles_desc":"Access required public postings, reports, policies, and resources for Thrive Center for Success in Magnolia, TX, in compliance with TEA transparency rules. ","_seopress_robots_index":"","footnotes":""},"class_list":["post-59","page","type-page","status-publish","hentry"],"_links":{"self":[{"href":"https:\/\/thrivesuccess.org\/es\/wp-json\/wp\/v2\/pages\/59","targetHints":{"allow":["GET"]}}],"collection":[{"href":"https:\/\/thrivesuccess.org\/es\/wp-json\/wp\/v2\/pages"}],"about":[{"href":"https:\/\/thrivesuccess.org\/es\/wp-json\/wp\/v2\/types\/page"}],"author":[{"embeddable":true,"href":"https:\/\/thrivesuccess.org\/es\/wp-json\/wp\/v2\/users\/1"}],"replies":[{"embeddable":true,"href":"https:\/\/thrivesuccess.org\/es\/wp-json\/wp\/v2\/comments?post=59"}],"version-history":[{"count":1,"href":"https:\/\/thrivesuccess.org\/es\/wp-json\/wp\/v2\/pages\/59\/revisions"}],"predecessor-version":[{"id":1113,"href":"https:\/\/thrivesuccess.org\/es\/wp-json\/wp\/v2\/pages\/59\/revisions\/1113"}],"wp:attachment":[{"href":"https:\/\/thrivesuccess.org\/es\/wp-json\/wp\/v2\/media?parent=59"}],"curies":[{"name":"wp","href":"https:\/\/api.w.org\/{rel}","templated":true}]}}