{"id":61,"date":"2025-10-20T20:47:16","date_gmt":"2025-10-20T20:47:16","guid":{"rendered":"https:\/\/thrivesuccess.org\/?page_id=61"},"modified":"2026-01-30T18:47:32","modified_gmt":"2026-01-30T18:47:32","slug":"special-education","status":"publish","type":"page","link":"https:\/\/thrivesuccess.org\/es\/special-education\/","title":{"rendered":"Educaci\u00f3n especial"},"content":{"rendered":"<h1>\n\t\t\tEducaci\u00f3n especial\t<\/h1>\n<h2>\n\t\t\tRecursos de educaci\u00f3n especial para familias en Thrive Center for Success\t<\/h2>\n\t<p>En <b>Centro Thrive para el \u00c9xito<\/b>, nos dedicamos a apoyar a los estudiantes con autismo a trav\u00e9s de <b>servicios de educaci\u00f3n especial individualizados<\/b> que satisfacen tanto las necesidades acad\u00e9micas como las de desarrollo. Nuestro objetivo es empoderar a las familias con informaci\u00f3n clara, transparencia y acceso a recursos que expliquen <b>derechos, procedimientos y garant\u00edas<\/b> en la educaci\u00f3n p\u00fablica de Texas.<\/p>\n<p>A continuaci\u00f3n encontrar\u00e1 informaci\u00f3n importante. <b>Recursos estatales y federales para la educaci\u00f3n especial<\/b> disponible en ingl\u00e9s y espa\u00f1ol, incluyendo gu\u00edas sobre el proceso de admisi\u00f3n, revisi\u00f3n y expulsi\u00f3n (ARD), garant\u00edas procesales y actualizaciones legislativas recientes.<\/p>\n\t\t\t\t<img decoding=\"async\" src=\"https:\/\/thrivesuccess.org\/wp-content\/uploads\/2026\/01\/SPEDTex_Logo.webp\" alt=\"SPEDTex_Logo\" itemprop=\"image\" height=\"209\" width=\"512\" title=\"SPEDTex_Logo\" onerror=\"this.style.display='none'\" loading=\"lazy\" \/>\n<h3>\n\t\t\tEnlaces r\u00e1pidos \u2013 Espa\u00f1ol\t<\/h3>\n\t\t<ul>\n\t\t<li  data-children-wrapper=\"true\"><\/li><li  data-children-wrapper=\"true\"><\/li><li  data-children-wrapper=\"true\"><\/li><li  data-children-wrapper=\"true\"><\/li><li  data-children-wrapper=\"true\"><\/li><li  data-children-wrapper=\"true\"><\/li><li  data-children-wrapper=\"true\"><\/li><li  data-children-wrapper=\"true\"><\/li><li  data-children-wrapper=\"true\"><\/li>\t<\/ul>\n\n\t\t\t<a href=\"\" target=\"_blank\" rel=\"noopener\">\n\t\t\t\t\t\tHaga clic aqu\u00ed\n\t\t\t\t\t<\/a>\n<h3>\n\t\t\tEnlaces r\u00e1pidos \u2013 Espa\u00f1ol\t<\/h3>\n\t\t<ul>\n\t\t<li  data-children-wrapper=\"true\"><\/li><li  data-children-wrapper=\"true\"><\/li><li  data-children-wrapper=\"true\"><\/li>\t<\/ul>\n\n\t\t\t<a href=\"\" target=\"_self\">\n\t\t\t\t\t\tHaga clic aqu\u00ed\n\t\t\t\t\t<\/a>\n\t<p><a href=\"https:\/\/www.spedtex.org\/resources\/parents-guide-ard-process\">Gu\u00eda para padres sobre el proceso ARD<\/a><\/p>\n<p><a href=\"https:\/\/tea.texas.gov\/about-tea\/news-and-multimedia\/correspondence\/taa-letters\/senate-bill-89-and-dyslexia-handbook-2021-training-and-communication-requirements\">Proyecto de ley 89 del Senado y dislexia<\/a><\/p>\n<p><a href=\"https:\/\/thrivesuccess.org\/wp-content\/uploads\/2025\/12\/630d31bbc5f0105a28610516_texas-dyslexia-handbook-2021.pdf\">Manual sobre dislexia<\/a><\/p>\n<p><a href=\"https:\/\/tea.texas.gov\/academics\/special-student-populations\/special-education\/programs-and-services\/significant-disproportionality\">Desproporcionalidad significativa | Texas<\/a><\/p>\n<p><a href=\"https:\/\/tea.texas.gov\/academics\/special-student-populations\/special-education\/programs-and-services\/significant-disproportionality\"> Agencia de Educaci\u00f3n<\/a><\/p>\n<a href=\"https:\/\/thrivesuccess.org\/wp-content\/uploads\/2025\/12\/630d41772de75c04938ca87c_Updates-on-Special-Education8112022.pdf\">Actualizaci\u00f3n en educaci\u00f3n especial \u2013 SB 139<\/a><br \/>\n<a href=\"https:\/\/fw.escapps.net\/Display_Portal?destination=\/\">Gu\u00eda ARD<\/a>\n<p><a href=\"https:\/\/fw.escapps.net\/Display_Portal?destination=\/\">Aviso sobre garant\u00edas procesales<\/a><\/p>\n<p><a href=\"https:\/\/thrivesuccess.org\/wp-content\/uploads\/2025\/12\/sd-updates-faq.pdf\">Desproporcionalidad significativa<\/a><\/p>\n<p>Evaluaciones y servicios compensatorios retrasados o denegados<\/p>\n<p>Recursos sobre IDEA, dislexia, MTSS y la Secci\u00f3n 504<\/p>\n\t<p>\u00a0<a href=\"https:\/\/www.spedtex.org\/resources\/parents-guide-ard-process\/\">Gu\u00eda ARD: idiomas adicionales<\/a><\/p>\n<p><a href=\"https:\/\/fw.escapps.net\/Display_Portal?destination=\/\">Gu\u00eda ARD (Espa\u00f1ol)<\/a><\/p>\n<p><a href=\"https:\/\/fw.escapps.net\/Display_Portal?destination=\/\">Aviso sobre garant\u00edas procesales (Espa\u00f1ol)<\/a><\/p>\n<p><a href=\"https:\/\/thrivesuccess.org\/wp-content\/uploads\/2025\/12\/630d4177727a9f60b07b02d2_updates-on-special-education-spanish8112022.pdf\">Actualizaciones en educaci\u00f3n especial SB 139 (Espa\u00f1ol)<\/a><\/p>\n<p>&nbsp;<\/p>\n<h3>\n\t\t\tComprender el proceso ARD\t<\/h3>\n\t<p>El <b>Proceso de admisi\u00f3n, revisi\u00f3n y expulsi\u00f3n (ARD)<\/b> es fundamental para la educaci\u00f3n especial en Texas. Garantiza que los padres, los maestros y los especialistas colaboren para dise\u00f1ar un <b>Programa de Educaci\u00f3n Individualizada (IEP)<\/b> que satisfaga las necesidades \u00fanicas del estudiante. Thrive Center for Success anima a las familias a revisar la Gu\u00eda ARD y las medidas de protecci\u00f3n mencionadas anteriormente para comprender sus derechos y responsabilidades.<\/p>\n<h3>\n\t\t\tDerechos de los padres y garant\u00edas procesales\t<\/h3>\n\t<p>Los pap\u00e1s de los estudiantes con discapacidades tienen <b>derechos protegidos por el gobierno federal<\/b> participar en cada paso del plan educativo de sus hijos. El <b>Aviso sobre garant\u00edas procesales<\/b> proporciona informaci\u00f3n detallada sobre esos derechos, incluyendo la evaluaci\u00f3n, la colocaci\u00f3n y la resoluci\u00f3n de disputas.<\/p>\n<h2>\n\t\t\tDale a tu hijo las herramientas para prosperar\t<\/h2>\n\t<p>\u00a1Nos encantar\u00eda saber de ti! Si tienes preguntas sobre la inscripci\u00f3n, los programas o los pr\u00f3ximos eventos, nuestro equipo est\u00e1 aqu\u00ed para ayudarte. Utiliza el siguiente formulario para consultas generales y te responderemos lo antes posible.<\/p>\n<p>Estamos ubicados en <strong data-start=\"20\" data-end=\"69\">32100 Dobbin Huffsmith Rd, Magnolia, TX 77354<\/strong>. Para consultas generales, llame al <strong data-start=\"106\" data-end=\"124\">(936) 297-0417<\/strong>, env\u00edenos un fax al <strong data-start=\"136\" data-end=\"154\">(832) 218-5858<\/strong>, o correo electr\u00f3nico <strong data-start=\"165\" data-end=\"191\"><a href=\"mailto:info@thrivesuccess.org\" rel=\"noopener\" data-start=\"167\" data-end=\"189\" data-is-only-node=\"\">info@thrivesuccess.org<\/a><\/strong><\/p>\n\t\t\t<a href=\"https:\/\/apply.avela.org\/thrivesuccess\" target=\"_blank\" rel=\"noopener\">\n\t\t\t\t\t\t\tSolicitar ahora\n\t\t\t\t\t<\/a>\n\t\t\t<a href=\"https:\/\/thrivesuccess.org\/wp-content\/uploads\/2025\/10\/68b89e94d4aaea2a82085631_Academic-Calendar_25-26_FINAL.pdf\" target=\"_self\">\n\t\t\t\t\t\t\tCalendario acad\u00e9mico 2025-2026\n\t\t\t\t\t<\/a>","protected":false},"excerpt":{"rendered":"<p>Educaci\u00f3n especial Recursos de educaci\u00f3n especial para familias en Thrive Center for Success En Thrive Center for Success, nos dedicamos a apoyar a los estudiantes con autismo a trav\u00e9s de servicios de educaci\u00f3n especial individualizados que satisfacen tanto las necesidades acad\u00e9micas como las de desarrollo. Nuestro objetivo es empoderar a las familias con informaci\u00f3n clara, transparencia y acceso a recursos que expliquen los derechos, los procedimientos...<\/p>","protected":false},"author":1,"featured_media":0,"parent":0,"menu_order":0,"comment_status":"closed","ping_status":"closed","template":"","meta":{"_seopress_robots_primary_cat":"","_seopress_titles_title":"Special Education Resources | Thrive Center for Success","_seopress_titles_desc":"Find key special education resources and guides for families at Thrive Center for Success, including ARD guides, safeguards, and state supports in Texas.","_seopress_robots_index":"","footnotes":""},"class_list":["post-61","page","type-page","status-publish","hentry"],"_links":{"self":[{"href":"https:\/\/thrivesuccess.org\/es\/wp-json\/wp\/v2\/pages\/61","targetHints":{"allow":["GET"]}}],"collection":[{"href":"https:\/\/thrivesuccess.org\/es\/wp-json\/wp\/v2\/pages"}],"about":[{"href":"https:\/\/thrivesuccess.org\/es\/wp-json\/wp\/v2\/types\/page"}],"author":[{"embeddable":true,"href":"https:\/\/thrivesuccess.org\/es\/wp-json\/wp\/v2\/users\/1"}],"replies":[{"embeddable":true,"href":"https:\/\/thrivesuccess.org\/es\/wp-json\/wp\/v2\/comments?post=61"}],"version-history":[{"count":1,"href":"https:\/\/thrivesuccess.org\/es\/wp-json\/wp\/v2\/pages\/61\/revisions"}],"predecessor-version":[{"id":1115,"href":"https:\/\/thrivesuccess.org\/es\/wp-json\/wp\/v2\/pages\/61\/revisions\/1115"}],"wp:attachment":[{"href":"https:\/\/thrivesuccess.org\/es\/wp-json\/wp\/v2\/media?parent=61"}],"curies":[{"name":"wp","href":"https:\/\/api.w.org\/{rel}","templated":true}]}}