{"id":68,"date":"2025-10-20T20:49:09","date_gmt":"2025-10-20T20:49:09","guid":{"rendered":"https:\/\/thrivesuccess.org\/?page_id=68"},"modified":"2026-01-29T21:10:10","modified_gmt":"2026-01-29T21:10:10","slug":"contact","status":"publish","type":"page","link":"https:\/\/thrivesuccess.org\/es\/contact\/","title":{"rendered":"Contacto"},"content":{"rendered":"<h1>\n\t\t\tP\u00f3ngase en contacto con Thrive Center for Success\t<\/h1>\n<h2>\n\t\t\tDale a tu hijo las herramientas para prosperar\t<\/h2>\n<h2>\n\t\t\tCont\u00e1ctenos\t<\/h2>\n\t<p>\u00a1Nos encantar\u00eda saber de ti! Si tienes preguntas sobre la inscripci\u00f3n, los programas o los pr\u00f3ximos eventos, nuestro equipo est\u00e1 aqu\u00ed para ayudarte. Utiliza el siguiente formulario para consultas generales y te responderemos lo antes posible.<\/p>\n<h3>\n\t\t\tDISPONIBLE DE 8:00 A 16:00\t<\/h3>\n<h2>\n\t\t\t(936) 297-0417\t<\/h2>\n\t<p><em><strong>Mant\u00e9ngase informado sobre las fechas clave, los d\u00edas festivos y los eventos.<\/strong><\/em><\/p>\n\t\t\t<a href=\"https:\/\/visitor.constantcontact.com\/manage\/optin?v=001tz3Mr0eel3MV4FS3U1UYKeztNBZWKYyjJ0JbU25ky5tF6zb5hxLdMk9ho7HhbL8LsES2uN6kQCtJOV2USWQlLfTnWZd831H6\" target=\"_blank\" rel=\"noopener\">\n\t\t\t\t\t\t\tSuscr\u00edbase a nuestro bolet\u00edn informativo\n\t\t\t\t\t<\/a>\n\t<iframe src=\"https:\/\/www.google.com\/maps\/embed\/v1\/place?q=32100+Dobbin+Huffsmith+Rd%2C+Magnolia%2C+TX+77354&amp;key=AIzaSyD09zQ9PNDNNy9TadMuzRV_UsPUoWKntt8\" aria-hidden=\"true\"><\/iframe>","protected":false},"excerpt":{"rendered":"<p>P\u00f3ngase en contacto con Thrive Center for Success. Proporcione a su hijo las herramientas necesarias para prosperar. P\u00f3ngase en contacto con nosotros. \u00a1Nos encantar\u00eda saber de usted! Si tiene alguna pregunta sobre la inscripci\u00f3n, los programas o los pr\u00f3ximos eventos, nuestro equipo est\u00e1 aqu\u00ed para ayudarle. Utilice el siguiente formulario para consultas generales y le responderemos lo antes posible. DISPONIBLE DE 8:00 A...<\/p>","protected":false},"author":1,"featured_media":0,"parent":0,"menu_order":0,"comment_status":"closed","ping_status":"closed","template":"","meta":{"_seopress_robots_primary_cat":"","_seopress_titles_title":"Contact Thrive Center for Success \u2013 Magnolia TX","_seopress_titles_desc":"Get in touch with Thrive Center for Success in Magnolia TX for questions about enrollment, programs, or support. Call, email, or use our contact form.","_seopress_robots_index":"","footnotes":""},"class_list":["post-68","page","type-page","status-publish","hentry"],"_links":{"self":[{"href":"https:\/\/thrivesuccess.org\/es\/wp-json\/wp\/v2\/pages\/68","targetHints":{"allow":["GET"]}}],"collection":[{"href":"https:\/\/thrivesuccess.org\/es\/wp-json\/wp\/v2\/pages"}],"about":[{"href":"https:\/\/thrivesuccess.org\/es\/wp-json\/wp\/v2\/types\/page"}],"author":[{"embeddable":true,"href":"https:\/\/thrivesuccess.org\/es\/wp-json\/wp\/v2\/users\/1"}],"replies":[{"embeddable":true,"href":"https:\/\/thrivesuccess.org\/es\/wp-json\/wp\/v2\/comments?post=68"}],"version-history":[{"count":2,"href":"https:\/\/thrivesuccess.org\/es\/wp-json\/wp\/v2\/pages\/68\/revisions"}],"predecessor-version":[{"id":1090,"href":"https:\/\/thrivesuccess.org\/es\/wp-json\/wp\/v2\/pages\/68\/revisions\/1090"}],"wp:attachment":[{"href":"https:\/\/thrivesuccess.org\/es\/wp-json\/wp\/v2\/media?parent=68"}],"curies":[{"name":"wp","href":"https:\/\/api.w.org\/{rel}","templated":true}]}}