{"id":735,"date":"2026-01-21T14:53:49","date_gmt":"2026-01-21T14:53:49","guid":{"rendered":"https:\/\/thrivesuccess.org\/?page_id=735"},"modified":"2026-01-30T18:52:14","modified_gmt":"2026-01-30T18:52:14","slug":"stacy-grimes","status":"publish","type":"page","link":"https:\/\/thrivesuccess.org\/es\/stacy-grimes\/","title":{"rendered":"Stacy Grimes"},"content":{"rendered":"<h1>\n\t\t\tStacy Grimes\t<\/h1>\n<h2>\n\t\t\tMiembro del consejo\t<\/h2>\n<figure itemscope itemtype=\"https:\/\/schema.org\/ImageObject\">\n\t\t\t\t<img decoding=\"async\" src=\"https:\/\/thrivesuccess.org\/wp-content\/uploads\/2025\/10\/Screenshot-2025-10-31-at-10.12.10-AM.png\" alt=\"Screenshot 2025-10-31 at 10.12.10 AM\" height=\"425\" width=\"274\" title=\"Captura de pantalla 31\/10\/2025 a las 10:12:10 a. m.\" onerror=\"this.style.display='none'\" loading=\"lazy\" \/>\n\t<\/figure>\n<h3>\n\t\t\tStacy Grimes\t<\/h3>\n\t<p>Stacy creci\u00f3 en Cypress, Texas, y tiene profundas ra\u00edces en la comunidad. Tiene una licenciatura y una maestr\u00eda en Psicolog\u00eda Cl\u00ednica de la Universidad Estatal Sam Houston. Durante sus estudios de posgrado, Stacy imparti\u00f3 la asignatura Introducci\u00f3n a la Psicolog\u00eda en la universidad y realiz\u00f3 pr\u00e1cticas en el Hospital Psiqui\u00e1trico Gulf Pines.<\/p>\n<p>Stacy es especialista licenciada en psicolog\u00eda escolar (LSSP) y psic\u00f3loga asociada licenciada (LPA). Comenz\u00f3 su carrera como LSSP en Spring ISD, brindando apoyo y evaluaci\u00f3n a estudiantes con diversos trastornos emocionales y a aquellos diagnosticados con autismo. Stacy trabaj\u00f3 con adolescentes, sus maestros, el personal escolar y los padres para abordar problemas emocionales, sociales, acad\u00e9micos y de comportamiento. Esto inclu\u00eda evaluaciones psicol\u00f3gicas, consultas con profesionales externos, asesoramiento, implementaci\u00f3n de t\u00e9cnicas de manejo del comportamiento y formulaci\u00f3n de planes y objetivos educativos. Stacy tambi\u00e9n form\u00f3 parte del equipo de respuesta a crisis del distrito.<\/p>\n<p>Stacy se alej\u00f3 de la educaci\u00f3n p\u00fablica despu\u00e9s de una d\u00e9cada para centrarse en la crianza de sus dos hijos, durante la cual se desempe\u00f1\u00f3 como co-maestra de sus hijos, que asisten a una escuela de modelo universitario, gui\u00e1ndolos en los d\u00edas de educaci\u00f3n en casa. Desempe\u00f1\u00f3 un papel activo en la Wildwood Christian Academy y form\u00f3 parte del Consejo Escolar durante dos a\u00f1os. Stacy es una esposa devota de su esposo, Richard, desde hace m\u00e1s de 20 a\u00f1os, y trabaja como directora de mercadotecnia para el bufete de abogados Grimes &amp; Fertitta.<\/p>\n<p>\u200d<\/p>\n<h2>\n\t\t\tGobernanza, liderazgo y cumplimiento normativo\t<\/h2>\n\t<p>Conoce m\u00e1s sobre las personas y los est\u00e1ndares que gu\u00edan a Thrive:<\/p>\n<h3>\n\t\t\t Direcci\u00f3n y personal\t<\/h3>\n\t<p>Conozca a nuestros educadores, terapeutas y administradores.<\/p>\n\t\t\t<a href=\"https:\/\/thrivesuccess.org\/es\/?page_id=37\"  target=\"_self\">\n\t\t\t\t\t\t\tM\u00e1s informaci\u00f3n\n\t\t\t\t\t<\/a>\n<h3>\n\t\t\t Consejo de Administraci\u00f3n\t<\/h3>\n\t<p>Vea qui\u00e9n dirige y gobierna Thrive.<\/p>\n\t\t\t<a href=\"https:\/\/thrivesuccess.org\/es\/?page_id=39\"  target=\"_self\">\n\t\t\t\t\t\t\tM\u00e1s informaci\u00f3n\n\t\t\t\t\t<\/a>\n<h3>\n\t\t\tAcreditaci\u00f3n y avisos\t<\/h3>\n\t<p>Revisar el cumplimiento y las actualizaciones de acreditaci\u00f3n.<\/p>\n\t\t\t<a href=\"https:\/\/thrivesuccess.org\/es\/?page_id=59\"  target=\"_self\">\n\t\t\t\t\t\t\tM\u00e1s informaci\u00f3n\n\t\t\t\t\t<\/a>","protected":false},"excerpt":{"rendered":"<p>Stacy Grimes Miembro de la junta directiva Stacy Grimes Stacy creci\u00f3 en Cypress, Texas, y tiene profundas ra\u00edces en la comunidad. Tiene una licenciatura y una maestr\u00eda en Psicolog\u00eda Cl\u00ednica por la Universidad Estatal Sam Houston. Durante sus estudios de posgrado, Stacy imparti\u00f3 la asignatura Introducci\u00f3n a la Psicolog\u00eda en la universidad y realiz\u00f3 unas pr\u00e1cticas en Gulf Pines...<\/p>","protected":false},"author":1,"featured_media":0,"parent":0,"menu_order":0,"comment_status":"closed","ping_status":"closed","template":"","meta":{"_seopress_robots_primary_cat":"","_seopress_titles_title":"Stacy Grimes \u2013 Board Secretary | Thrive Center for Success","_seopress_titles_desc":"Learn about Stacy Grimes, Secretary of the Board at Thrive Center for Success with leadership experience in finance, compliance, and nonprofit governance.","_seopress_robots_index":"","footnotes":""},"class_list":["post-735","page","type-page","status-publish","hentry"],"_links":{"self":[{"href":"https:\/\/thrivesuccess.org\/es\/wp-json\/wp\/v2\/pages\/735","targetHints":{"allow":["GET"]}}],"collection":[{"href":"https:\/\/thrivesuccess.org\/es\/wp-json\/wp\/v2\/pages"}],"about":[{"href":"https:\/\/thrivesuccess.org\/es\/wp-json\/wp\/v2\/types\/page"}],"author":[{"embeddable":true,"href":"https:\/\/thrivesuccess.org\/es\/wp-json\/wp\/v2\/users\/1"}],"replies":[{"embeddable":true,"href":"https:\/\/thrivesuccess.org\/es\/wp-json\/wp\/v2\/comments?post=735"}],"version-history":[{"count":1,"href":"https:\/\/thrivesuccess.org\/es\/wp-json\/wp\/v2\/pages\/735\/revisions"}],"predecessor-version":[{"id":1116,"href":"https:\/\/thrivesuccess.org\/es\/wp-json\/wp\/v2\/pages\/735\/revisions\/1116"}],"wp:attachment":[{"href":"https:\/\/thrivesuccess.org\/es\/wp-json\/wp\/v2\/media?parent=735"}],"curies":[{"name":"wp","href":"https:\/\/api.w.org\/{rel}","templated":true}]}}