{"id":739,"date":"2026-01-21T14:55:49","date_gmt":"2026-01-21T14:55:49","guid":{"rendered":"https:\/\/thrivesuccess.org\/?page_id=739"},"modified":"2026-01-29T20:15:50","modified_gmt":"2026-01-29T20:15:50","slug":"bob-abendschien","status":"publish","type":"page","link":"https:\/\/thrivesuccess.org\/es\/bob-abendschien\/","title":{"rendered":"Bob Abendschien"},"content":{"rendered":"<h1>\n\t\t\tBob Abendschein\t<\/h1>\n<h2>\n\t\t\tMiembro del consejo\t<\/h2>\n<figure itemscope itemtype=\"https:\/\/schema.org\/ImageObject\">\n\t\t\t\t<img decoding=\"async\" src=\"https:\/\/thrivesuccess.org\/wp-content\/uploads\/2025\/10\/Screenshot-2025-10-31-at-10.12.17-AM.png\" alt=\"Screenshot 2025-10-31 at 10.12.17 AM\" height=\"429\" width=\"270\" title=\"Captura de pantalla 31\/10\/2025 a las 10:12:17 a. m.\" onerror=\"this.style.display='none'\" loading=\"lazy\" \/>\n\t<\/figure>\n<h3>\n\t\t\tBob Abendschein\t<\/h3>\n\t<p>Bob Abendschein fue hasta hace poco vicepresidente ejecutivo y director de operaciones de Talos Energy, y ahora est\u00e1 jubilado. Antes de trabajar en Talos, el Sr. Abendschein fue director ejecutivo de Venari Resources LLC, donde fue nombrado por un consorcio de inversionistas de capital privado para dirigir el avance de m\u00faltiples proyectos de desarrollo reconocidos a nivel mundial y gestion\u00f3 todas las etapas de las actividades de estrategia, exploraci\u00f3n y liderazgo operativo.<\/p>\n<p>Antes de incorporarse a Venari, el Sr. Abendschein trabaj\u00f3 durante 33 a\u00f1os en Anadarko Petroleum Corporation, donde ocup\u00f3 diversos cargos corporativos y ejecutivos, entre ellos el de vicepresidente de aguas profundas y vicepresidente de servicios de exploraci\u00f3n y producci\u00f3n. Su carrera en Anadarko incluy\u00f3 puestos de responsabilidad creciente en ingenier\u00eda de yacimientos, exploraci\u00f3n, servicios de producci\u00f3n, desarrollo corporativo y operaciones en aguas profundas a nivel mundial.<\/p>\n<p>El Sr. Abendschein es actualmente miembro del Consejo de Administraci\u00f3n del Cynthia Woods Mitchell Pavillion y del Offshore Energy Center (OEC). El Sr. Abendschein es licenciado en Ingenier\u00eda Petrolera por la Universidad Texas A&amp;M.<\/p>\n<h2>\n\t\t\tGobernanza, liderazgo y cumplimiento normativo\t<\/h2>\n\t<p>Conoce m\u00e1s sobre las personas y los est\u00e1ndares que gu\u00edan a Thrive:<\/p>\n<h3>\n\t\t\t Direcci\u00f3n y personal\t<\/h3>\n\t<p>Conozca a nuestros educadores, terapeutas y administradores.<\/p>\n\t\t\t<a href=\"https:\/\/thrivesuccess.org\/es\/?page_id=37\"  target=\"_self\">\n\t\t\t\t\t\t\tM\u00e1s informaci\u00f3n\n\t\t\t\t\t<\/a>\n<h3>\n\t\t\t Consejo de Administraci\u00f3n\t<\/h3>\n\t<p>Vea qui\u00e9n dirige y gobierna Thrive.<\/p>\n\t\t\t<a href=\"https:\/\/thrivesuccess.org\/es\/?page_id=39\"  target=\"_self\">\n\t\t\t\t\t\t\tM\u00e1s informaci\u00f3n\n\t\t\t\t\t<\/a>\n<h3>\n\t\t\tAcreditaci\u00f3n y avisos\t<\/h3>\n\t<p>Revisar el cumplimiento y las actualizaciones de acreditaci\u00f3n.<\/p>\n\t\t\t<a href=\"https:\/\/thrivesuccess.org\/es\/?page_id=59\"  target=\"_self\">\n\t\t\t\t\t\t\tM\u00e1s informaci\u00f3n\n\t\t\t\t\t<\/a>","protected":false},"excerpt":{"rendered":"<p>Bob Abendschein Miembro del Consejo Directivo Bob Abendschein Bob Abendschein fue hasta hace poco vicepresidente ejecutivo y director de operaciones de Talos Energy y ahora est\u00e1 jubilado. Antes de trabajar en Talos, el Sr. Abendschein fue director ejecutivo de Venari Resources LLC, donde fue nombrado por un consorcio de inversionistas de capital privado para dirigir el avance...<\/p>","protected":false},"author":1,"featured_media":0,"parent":0,"menu_order":0,"comment_status":"closed","ping_status":"closed","template":"","meta":{"_seopress_robots_primary_cat":"","_seopress_titles_title":"Bob Abendschein \u2013 Board Member | Thrive Center for Success","_seopress_titles_desc":"Learn about Bob Abendschein, Thrive Center for Success board member and energy executive with decades of leadership experience guiding school governance.","_seopress_robots_index":"","footnotes":""},"class_list":["post-739","page","type-page","status-publish","hentry"],"_links":{"self":[{"href":"https:\/\/thrivesuccess.org\/es\/wp-json\/wp\/v2\/pages\/739","targetHints":{"allow":["GET"]}}],"collection":[{"href":"https:\/\/thrivesuccess.org\/es\/wp-json\/wp\/v2\/pages"}],"about":[{"href":"https:\/\/thrivesuccess.org\/es\/wp-json\/wp\/v2\/types\/page"}],"author":[{"embeddable":true,"href":"https:\/\/thrivesuccess.org\/es\/wp-json\/wp\/v2\/users\/1"}],"replies":[{"embeddable":true,"href":"https:\/\/thrivesuccess.org\/es\/wp-json\/wp\/v2\/comments?post=739"}],"version-history":[{"count":1,"href":"https:\/\/thrivesuccess.org\/es\/wp-json\/wp\/v2\/pages\/739\/revisions"}],"predecessor-version":[{"id":1080,"href":"https:\/\/thrivesuccess.org\/es\/wp-json\/wp\/v2\/pages\/739\/revisions\/1080"}],"wp:attachment":[{"href":"https:\/\/thrivesuccess.org\/es\/wp-json\/wp\/v2\/media?parent=739"}],"curies":[{"name":"wp","href":"https:\/\/api.w.org\/{rel}","templated":true}]}}