{"id":747,"date":"2026-01-21T15:08:38","date_gmt":"2026-01-21T15:08:38","guid":{"rendered":"https:\/\/thrivesuccess.org\/?page_id=747"},"modified":"2026-02-02T23:26:29","modified_gmt":"2026-02-02T23:26:29","slug":"elizabeth-goldsmith","status":"publish","type":"page","link":"https:\/\/thrivesuccess.org\/es\/elizabeth-goldsmith\/","title":{"rendered":"Elizabeth Goldsmith"},"content":{"rendered":"<h1>\n\t\t\tElizabeth Goldsmith\t<\/h1>\n<h2>\n\t\t\tFundador y Director Ejecutivo\/Superintendente\t<\/h2>\n<figure itemscope itemtype=\"https:\/\/schema.org\/ImageObject\">\n\t\t\t\t<img decoding=\"async\" src=\"https:\/\/thrivesuccess.org\/wp-content\/uploads\/2025\/10\/Screenshot-2025-10-31-at-9.58.19-AM.png\" alt=\"screenshot 2025 10 31 at 9.58.19 am\" height=\"428\" width=\"364\" title=\"Captura de pantalla 31\/10\/2025 a las 9:58:19 a. m.\" onerror=\"this.style.display='none'\" loading=\"lazy\" \/>\n\t<\/figure>\n<h3>\n\t\t\tElizabeth Goldsmith\t<\/h3>\n\t<p>Elizabeth Goldsmith es la fundadora y directora ejecutiva del Thrive Center for Success. En 2019, Elizabeth ten\u00eda dificultades para encontrar la educaci\u00f3n adecuada para su hijo, que le proporcionara tanto la formaci\u00f3n acad\u00e9mica como las terapias que necesitaba para alcanzar realmente todo su potencial y prosperar. Al analizar las diferentes opciones que se ofrec\u00edan en todo el pa\u00eds, encontr\u00f3 la inspiraci\u00f3n perfecta en una escuela aut\u00f3noma especializada en autismo en Jupiter, Florida. Como madre de un ni\u00f1o con autismo, esto era un sue\u00f1o hecho realidad. La escuela ofrec\u00eda an\u00e1lisis conductual aplicado, el tratamiento de referencia para el autismo, en un entorno acad\u00e9mico, ten\u00eda una baja proporci\u00f3n de maestros por alumno y contaba con personal altamente capacitado para trabajar con alumnos con autismo. Al ser una escuela aut\u00f3noma p\u00fablica, la matr\u00edcula era gratuita para todos los alumnos. Su misi\u00f3n pas\u00f3 a ser llevar este modelo a Texas, para los ni\u00f1os de nuestras comunidades.<\/p>\n<p>En 2021, la Agencia de Educaci\u00f3n de Texas aprob\u00f3 la apertura del Thrive Center for Success, con el apoyo abrumador de la Junta de Educaci\u00f3n del Estado de Texas. Thrive se convirti\u00f3 en la primera escuela aut\u00f3noma centrada en el autismo aprobada en el estado de Texas. En 2022, Thrive abri\u00f3 sus puertas a 85 alumnos, desde preescolar hasta quinto grado, con planes de a\u00f1adir un grado cada a\u00f1o hasta llegar al duod\u00e9cimo. Actualmente, con 156 alumnos matriculados para el a\u00f1o escolar 2024-2025 y m\u00e1s de 300 en lista de espera, Thrive est\u00e1 satisfaciendo una enorme necesidad de mejores opciones en su comunidad. Thrive tiene aprobada la apertura de un segundo campus en Houston y planea expandirse a otras comunidades de Texas. Elizabeth quiere que este modelo abra las puertas a otros y que sirva como prueba de que una escuela adaptada a las necesidades de los estudiantes con autismo puede dar mejores resultados, permiti\u00e9ndoles alcanzar su m\u00e1ximo potencial.<\/p>\nElizabeth obtuvo su licenciatura en Biolog\u00eda en la Universidad Estatal Stephen F. Austin. Despu\u00e9s de trabajar varios a\u00f1os en investigaci\u00f3n en la Facultad de Medicina Baylor, regres\u00f3 a la universidad para obtener su maestr\u00eda en Estudios de Asistencia M\u00e9dica en la Facultad de Medicina de la Universidad de Texas en Galveston, Texas. Ahora, su objetivo es encontrar formas de ayudar a las familias y a los ni\u00f1os con autismo a acceder a la educaci\u00f3n, las terapias, los programas recreativos y otros apoyos necesarios para que estas familias prosperen.<br \/>\n\u200d\n<p>Elizabeth vive en Magnolia, Texas, con su esposo y sus dos hijos.<\/p>\n<h2>\n\t\t\tGobernanza, liderazgo y cumplimiento normativo\t<\/h2>\n\t<p>Conoce m\u00e1s sobre las personas y los est\u00e1ndares que gu\u00edan a Thrive:<\/p>\n<h3>\n\t\t\t Direcci\u00f3n y personal\t<\/h3>\n\t<p>Conozca a nuestros educadores, terapeutas y administradores.<\/p>\n\t\t\t<a href=\"https:\/\/thrivesuccess.org\/es\/?page_id=37\"  target=\"_self\">\n\t\t\t\t\t\t\tM\u00e1s informaci\u00f3n\n\t\t\t\t\t<\/a>\n<h3>\n\t\t\t Consejo de Administraci\u00f3n\t<\/h3>\n\t<p>Vea qui\u00e9n dirige y gobierna Thrive.<\/p>\n\t\t\t<a href=\"https:\/\/thrivesuccess.org\/es\/?page_id=39\"  target=\"_self\">\n\t\t\t\t\t\t\tM\u00e1s informaci\u00f3n\n\t\t\t\t\t<\/a>\n<h3>\n\t\t\tAcreditaci\u00f3n y avisos\t<\/h3>\n\t<p>Revisar el cumplimiento y las actualizaciones de acreditaci\u00f3n.<\/p>\n\t\t\t<a href=\"https:\/\/thrivesuccess.org\/es\/?page_id=59\"  target=\"_self\">\n\t\t\t\t\t\t\tM\u00e1s informaci\u00f3n\n\t\t\t\t\t<\/a>","protected":false},"excerpt":{"rendered":"<p>Elizabeth Goldsmith Fundadora y directora ejecutiva\/superintendente Elizabeth Goldsmith Elizabeth Goldsmith es la fundadora y directora ejecutiva de Thrive Center for Success. En 2019, Elizabeth ten\u00eda dificultades para encontrar la educaci\u00f3n adecuada para su hijo, que le proporcionara tanto la formaci\u00f3n acad\u00e9mica como las terapias que necesitaba para alcanzar realmente todo su potencial y prosperar. Al analizar...<\/p>","protected":false},"author":1,"featured_media":0,"parent":0,"menu_order":0,"comment_status":"closed","ping_status":"closed","template":"","meta":{"_seopress_robots_primary_cat":"","_seopress_titles_title":"Elizabeth Goldsmith \u2013 Founder & Executive Director","_seopress_titles_desc":"Learn about Elizabeth Goldsmith, Founder and Executive Director of Thrive Center for Success, leading the first autism-focused charter school in Texas.","_seopress_robots_index":"","footnotes":""},"class_list":["post-747","page","type-page","status-publish","hentry"],"_links":{"self":[{"href":"https:\/\/thrivesuccess.org\/es\/wp-json\/wp\/v2\/pages\/747","targetHints":{"allow":["GET"]}}],"collection":[{"href":"https:\/\/thrivesuccess.org\/es\/wp-json\/wp\/v2\/pages"}],"about":[{"href":"https:\/\/thrivesuccess.org\/es\/wp-json\/wp\/v2\/types\/page"}],"author":[{"embeddable":true,"href":"https:\/\/thrivesuccess.org\/es\/wp-json\/wp\/v2\/users\/1"}],"replies":[{"embeddable":true,"href":"https:\/\/thrivesuccess.org\/es\/wp-json\/wp\/v2\/comments?post=747"}],"version-history":[{"count":2,"href":"https:\/\/thrivesuccess.org\/es\/wp-json\/wp\/v2\/pages\/747\/revisions"}],"predecessor-version":[{"id":1119,"href":"https:\/\/thrivesuccess.org\/es\/wp-json\/wp\/v2\/pages\/747\/revisions\/1119"}],"wp:attachment":[{"href":"https:\/\/thrivesuccess.org\/es\/wp-json\/wp\/v2\/media?parent=747"}],"curies":[{"name":"wp","href":"https:\/\/api.w.org\/{rel}","templated":true}]}}