{"id":751,"date":"2026-01-21T15:12:53","date_gmt":"2026-01-21T15:12:53","guid":{"rendered":"https:\/\/thrivesuccess.org\/?page_id=751"},"modified":"2026-02-02T23:27:50","modified_gmt":"2026-02-02T23:27:50","slug":"alicia-herandez","status":"publish","type":"page","link":"https:\/\/thrivesuccess.org\/es\/alicia-herandez\/","title":{"rendered":"Alicia Hern\u00e1ndez"},"content":{"rendered":"<h1>\n\t\t\tAlicia Hern\u00e1ndez\t<\/h1>\n<h2>\n\t\t\tDirector\t<\/h2>\n<figure itemscope itemtype=\"https:\/\/schema.org\/ImageObject\">\n\t\t\t\t<img decoding=\"async\" src=\"https:\/\/thrivesuccess.org\/wp-content\/uploads\/2025\/10\/Screenshot-2025-10-31-at-9.58.07-AM.png\" alt=\"screenshot 2025 10 31 at 9.58.07 am\" height=\"432\" width=\"356\" title=\"Captura de pantalla 31\/10\/2025 a las 9:58:07 a. m.\" onerror=\"this.style.display='none'\" loading=\"lazy\" \/>\n\t<\/figure>\n<h3>\n\t\t\tAlicia Hern\u00e1ndez\t<\/h3>\n\t<p>Alicia Hern\u00e1ndez se uni\u00f3 al equipo de Thrive en febrero de 2024. Antes de su nombramiento como directora, trabaj\u00f3 durante siete a\u00f1os en la escuela aut\u00f3noma Sam Houston State University Charter School como profesora, especialista y directora. Tiene experiencia en el cumplimiento de las normas y las mejores pr\u00e1cticas de las escuelas p\u00fablicas, la apertura de nuevos campus de escuelas aut\u00f3nomas, el desarrollo de profesores y canales de contrataci\u00f3n de profesores, el aumento de la capacidad para ofrecer programas de alta calidad y la responsabilidad fiscal y acad\u00e9mica. Durante su primer a\u00f1o como coordinadora de ex\u00e1menes del distrito para la escuela aut\u00f3noma SHSU, la calificaci\u00f3n de responsabilidad del distrito pas\u00f3 de una D a una B en un solo a\u00f1o. Desde entonces, la escuela aut\u00f3noma SHSU ha mantenido una calificaci\u00f3n de responsabilidad del distrito de B o superior cada a\u00f1o.<\/p>\n<p>Antes de trabajar en SHSU CharterSchool, la Sra. Hern\u00e1ndez fue directora de la banda de secundaria y preparatoria en Bellville ISD y Waller ISD, al tiempo que trabajaba como especialista en percusi\u00f3n e int\u00e9rprete. En 2009 se mud\u00f3 de Florida para dedicarse a la docencia. Es licenciada en Educaci\u00f3n Musical por la Universidad de Florida, tiene un m\u00e1ster en Liderazgo Educativo y est\u00e1 certificada como directora por la Universidad Estatal Sam Houston, y actualmente est\u00e1 estudiando para obtener la licencia de superintendente.<\/p>\n<p>La Sra. Hern\u00e1ndez es una apasionada del desarrollo integral del ni\u00f1o y del \u00e9xito de los estudiantes. Se dedica a defender y atender a los estudiantes con autismo en Thrive y en Texas. Vive en Montgomery con su esposo y sus dos hijos, que tambi\u00e9n asistir\u00e1n a Thrive durante el a\u00f1o escolar 2024-2025.<\/p>\n<h2>\n\t\t\tGobernanza, liderazgo y cumplimiento normativo\t<\/h2>\n\t<p>Conoce m\u00e1s sobre las personas y los est\u00e1ndares que gu\u00edan a Thrive:<\/p>\n<h3>\n\t\t\t Direcci\u00f3n y personal\t<\/h3>\n\t<p>Conozca a nuestros educadores, terapeutas y administradores.<\/p>\n\t\t\t<a href=\"https:\/\/thrivesuccess.org\/es\/?page_id=37\"  target=\"_self\">\n\t\t\t\t\t\t\tM\u00e1s informaci\u00f3n\n\t\t\t\t\t<\/a>\n<h3>\n\t\t\t Consejo de Administraci\u00f3n\t<\/h3>\n\t<p>Vea qui\u00e9n dirige y gobierna Thrive.<\/p>\n\t\t\t<a href=\"https:\/\/thrivesuccess.org\/es\/?page_id=39\"  target=\"_self\">\n\t\t\t\t\t\t\tM\u00e1s informaci\u00f3n\n\t\t\t\t\t<\/a>\n<h3>\n\t\t\tAcreditaci\u00f3n y avisos\t<\/h3>\n\t<p>Revisar el cumplimiento y las actualizaciones de acreditaci\u00f3n.<\/p>\n\t\t\t<a href=\"https:\/\/thrivesuccess.org\/es\/?page_id=59\"  target=\"_self\">\n\t\t\t\t\t\t\tM\u00e1s informaci\u00f3n\n\t\t\t\t\t<\/a>","protected":false},"excerpt":{"rendered":"<p>Alicia Hern\u00e1ndez Directora Alicia Hern\u00e1ndez Alicia Hern\u00e1ndez se uni\u00f3 al equipo de Thrive en febrero de 2024. Antes de su nombramiento como directora, trabaj\u00f3 durante siete a\u00f1os en la escuela aut\u00f3noma Sam Houston State University Charter School como maestra, especialista y directora. Tiene experiencia en el cumplimiento normativo y las mejores pr\u00e1cticas de las escuelas p\u00fablicas, la apertura de nuevos campus de escuelas aut\u00f3nomas, el desarrollo...<\/p>","protected":false},"author":1,"featured_media":0,"parent":0,"menu_order":0,"comment_status":"closed","ping_status":"closed","template":"","meta":{"_seopress_robots_primary_cat":"","_seopress_titles_title":"Alicia Hernandez \u2013 Principal at Thrive Center for Success","_seopress_titles_desc":"Learn about Alicia Hernandez, Principal at Thrive Center for Success, her leadership experience in charter school education, and dedication to student success.","_seopress_robots_index":"","footnotes":""},"class_list":["post-751","page","type-page","status-publish","hentry"],"_links":{"self":[{"href":"https:\/\/thrivesuccess.org\/es\/wp-json\/wp\/v2\/pages\/751","targetHints":{"allow":["GET"]}}],"collection":[{"href":"https:\/\/thrivesuccess.org\/es\/wp-json\/wp\/v2\/pages"}],"about":[{"href":"https:\/\/thrivesuccess.org\/es\/wp-json\/wp\/v2\/types\/page"}],"author":[{"embeddable":true,"href":"https:\/\/thrivesuccess.org\/es\/wp-json\/wp\/v2\/users\/1"}],"replies":[{"embeddable":true,"href":"https:\/\/thrivesuccess.org\/es\/wp-json\/wp\/v2\/comments?post=751"}],"version-history":[{"count":2,"href":"https:\/\/thrivesuccess.org\/es\/wp-json\/wp\/v2\/pages\/751\/revisions"}],"predecessor-version":[{"id":1121,"href":"https:\/\/thrivesuccess.org\/es\/wp-json\/wp\/v2\/pages\/751\/revisions\/1121"}],"wp:attachment":[{"href":"https:\/\/thrivesuccess.org\/es\/wp-json\/wp\/v2\/media?parent=751"}],"curies":[{"name":"wp","href":"https:\/\/api.w.org\/{rel}","templated":true}]}}