{"id":755,"date":"2026-01-21T15:15:33","date_gmt":"2026-01-21T15:15:33","guid":{"rendered":"https:\/\/thrivesuccess.org\/?page_id=755"},"modified":"2026-02-02T23:28:36","modified_gmt":"2026-02-02T23:28:36","slug":"alyssa-deitrich","status":"publish","type":"page","link":"https:\/\/thrivesuccess.org\/es\/alyssa-deitrich\/","title":{"rendered":"Alyssa Deitrich"},"content":{"rendered":"<h1>\n\t\t\tAllyssa Dietrich Coleman\t<\/h1>\n<h2>\n\t\t\tDirector principal de LSSP \/ Educaci\u00f3n Especial \/ Enlace de acogida familiar\t<\/h2>\n<figure itemscope itemtype=\"https:\/\/schema.org\/ImageObject\">\n\t\t\t\t<img decoding=\"async\" src=\"https:\/\/thrivesuccess.org\/wp-content\/uploads\/2025\/10\/Screenshot-2025-10-31-at-9.58.29-AM.png\" alt=\"screenshot 2025 10 31 at 9.58.29 am\" height=\"426\" width=\"353\" title=\"Captura de pantalla 31\/10\/2025 a las 9:58:29 a. m.\" onerror=\"this.style.display='none'\" loading=\"lazy\" \/>\n\t<\/figure>\n<h3>\n\t\t\tAlyssa Dietrich Coleman\t<\/h3>\n\tAlyssa Dietrich Coleman es especialista licenciada en psicolog\u00eda escolar (LSSP) y psic\u00f3loga escolar certificada a nivel nacional. Obtuvo su maestr\u00eda en Psicolog\u00eda Escolar en la Universidad Estatal Sam Houston y ha desempe\u00f1ado funciones de liderazgo en distritos escolares de la comunidad durante los \u00faltimos 15 a\u00f1os.<br \/>\n\u200d<br \/>\nDurante este tiempo, su carrera se ha centrado en la identificaci\u00f3n y la intervenci\u00f3n basada en las fortalezas de los estudiantes neurodiversos de entre 2 y 21 a\u00f1os. La Sra. Coleman ha impartido formaci\u00f3n profesional a una serie de actores del \u00e1mbito educativo a nivel estatal y local. Adem\u00e1s, ha impartido formaci\u00f3n a nivel internacional, habiendo viajado varias veces a Hait\u00ed para apoyar a los educadores, cuidadores y equipos de transici\u00f3n de los ni\u00f1os hu\u00e9rfanos del pa\u00eds.\n<p>Establecer relaciones con los estudiantes y las familias basadas en la cercan\u00eda y la autenticidad es la base de los objetivos personales y profesionales de la Sra. Coleman. La Sra. Coleman es candidata a doctorado en la Universidad de Concordia. Vive en Tomball, Texas, con su pareja y sus dos hijos.<\/p>\n<h2>\n\t\t\tGobernanza, liderazgo y cumplimiento normativo\t<\/h2>\n\t<p>Conoce m\u00e1s sobre las personas y los est\u00e1ndares que gu\u00edan a Thrive:<\/p>\n<h3>\n\t\t\t Direcci\u00f3n y personal\t<\/h3>\n\t<p>Conozca a nuestros educadores, terapeutas y administradores.<\/p>\n\t\t\t<a href=\"https:\/\/thrivesuccess.org\/es\/?page_id=37\"  target=\"_self\">\n\t\t\t\t\t\t\tM\u00e1s informaci\u00f3n\n\t\t\t\t\t<\/a>\n<h3>\n\t\t\t Consejo de Administraci\u00f3n\t<\/h3>\n\t<p>Vea qui\u00e9n dirige y gobierna Thrive.<\/p>\n\t\t\t<a href=\"https:\/\/thrivesuccess.org\/es\/?page_id=39\"  target=\"_self\">\n\t\t\t\t\t\t\tM\u00e1s informaci\u00f3n\n\t\t\t\t\t<\/a>\n<h3>\n\t\t\tAcreditaci\u00f3n y avisos\t<\/h3>\n\t<p>Revisar el cumplimiento y las actualizaciones de acreditaci\u00f3n.<\/p>\n\t\t\t<a href=\"https:\/\/thrivesuccess.org\/es\/?page_id=59\"  target=\"_self\">\n\t\t\t\t\t\t\tM\u00e1s informaci\u00f3n\n\t\t\t\t\t<\/a>","protected":false},"excerpt":{"rendered":"<p>Allyssa Dietrich Coleman Directora principal de LSSP\/SpEd\/Enlace de acogida temporal Alyssa Dietrich Coleman Alyssa Dietrich Coleman es especialista licenciada en psicolog\u00eda escolar (LSSP) y psic\u00f3loga escolar certificada a nivel nacional. Obtuvo su maestr\u00eda en Psicolog\u00eda Escolar en la Universidad Estatal Sam Houston y ha desempe\u00f1ado funciones de liderazgo en distritos escolares de la comunidad durante...<\/p>","protected":false},"author":1,"featured_media":0,"parent":0,"menu_order":0,"comment_status":"closed","ping_status":"closed","template":"","meta":{"_seopress_robots_primary_cat":"","_seopress_titles_title":"Alyssa Dietrich Coleman \u2013 Thrive Center for Success","_seopress_titles_desc":"Learn about Alyssa Dietrich Coleman, Board Member and Licensed Specialist in School Psychology with 15+ years serving neurodiverse students.","_seopress_robots_index":"","footnotes":""},"class_list":["post-755","page","type-page","status-publish","hentry"],"_links":{"self":[{"href":"https:\/\/thrivesuccess.org\/es\/wp-json\/wp\/v2\/pages\/755","targetHints":{"allow":["GET"]}}],"collection":[{"href":"https:\/\/thrivesuccess.org\/es\/wp-json\/wp\/v2\/pages"}],"about":[{"href":"https:\/\/thrivesuccess.org\/es\/wp-json\/wp\/v2\/types\/page"}],"author":[{"embeddable":true,"href":"https:\/\/thrivesuccess.org\/es\/wp-json\/wp\/v2\/users\/1"}],"replies":[{"embeddable":true,"href":"https:\/\/thrivesuccess.org\/es\/wp-json\/wp\/v2\/comments?post=755"}],"version-history":[{"count":2,"href":"https:\/\/thrivesuccess.org\/es\/wp-json\/wp\/v2\/pages\/755\/revisions"}],"predecessor-version":[{"id":1122,"href":"https:\/\/thrivesuccess.org\/es\/wp-json\/wp\/v2\/pages\/755\/revisions\/1122"}],"wp:attachment":[{"href":"https:\/\/thrivesuccess.org\/es\/wp-json\/wp\/v2\/media?parent=755"}],"curies":[{"name":"wp","href":"https:\/\/api.w.org\/{rel}","templated":true}]}}