{"id":759,"date":"2026-01-21T15:19:38","date_gmt":"2026-01-21T15:19:38","guid":{"rendered":"https:\/\/thrivesuccess.org\/?page_id=759"},"modified":"2026-02-02T23:29:10","modified_gmt":"2026-02-02T23:29:10","slug":"mary-elizabeth-mueller","status":"publish","type":"page","link":"https:\/\/thrivesuccess.org\/es\/mary-elizabeth-mueller\/","title":{"rendered":"Mar\u00eda Isabel Mueller"},"content":{"rendered":"<h1>\n\t\t\tMar\u00eda Isabel Mueller\t<\/h1>\n<h2>\n\t\t\tDirector de Operaciones y Plan de Estudios\t<\/h2>\n<figure itemscope itemtype=\"https:\/\/schema.org\/ImageObject\">\n\t\t\t\t<img decoding=\"async\" src=\"https:\/\/thrivesuccess.org\/wp-content\/uploads\/2025\/10\/Screenshot-2025-10-31-at-9.58.41-AM.png\" alt=\"screenshot 2025 10 31 at 9.58.41 am\" height=\"427\" width=\"365\" title=\"Captura de pantalla 31\/10\/2025 a las 9:58:41 a. m.\" onerror=\"this.style.display='none'\" loading=\"lazy\" \/>\n\t<\/figure>\n<h3>\n\t\t\tMar\u00eda Isabel Mueller\t<\/h3>\n\t Aporta m\u00e1s de 20 a\u00f1os de experiencia en el campo de la educaci\u00f3n al Thrive Center for Success. Obtuvo su licenciatura en la Universidad Central de Florida en 2002 y comenz\u00f3 su carrera en la educaci\u00f3n infantil, impartiendo clases de preescolar y, m\u00e1s tarde, ascendiendo a puestos de liderazgo escolar como directora de operaciones de un programa preescolar.<br \/>\nMary Elizabeth se incorpor\u00f3 a la educaci\u00f3n p\u00fablica en el Distrito Escolar Independiente de Conroe, donde trabaj\u00f3 durante 10 a\u00f1os en diversos puestos docentes especializados, entre ellos, maestra de inclusi\u00f3n, intervencionista en lectura e intervencionista en comportamiento. A lo largo de este tiempo, desarroll\u00f3 una s\u00f3lida base en la ense\u00f1anza diferenciada, la intervenci\u00f3n basada en datos y las pr\u00e1cticas inclusivas dise\u00f1adas para apoyar a alumnos diversos.<br \/>\nEn 2017, Mary Elizabeth ingres\u00f3 al sector de las escuelas aut\u00f3nomas y desempe\u00f1\u00f3 un papel clave en la apertura del campus de la Escuela Aut\u00f3noma de la Universidad Estatal Sam Houston en The Woodlands. Durante sus siete a\u00f1os en el distrito, se desempe\u00f1\u00f3 como maestra de primer grado, maestra principal y especialista en planes de estudio, contribuyendo al crecimiento del campus, la alineaci\u00f3n educativa y el desarrollo docente.<br \/>\nMary Elizabeth es una firme defensora de las escuelas aut\u00f3nomas y cree profundamente en su capacidad para ofrecer oportunidades educativas gratuitas, de alta calidad y especializadas, adaptadas a las necesidades individuales de cada estudiante. Est\u00e1 comprometida con el fomento de entornos de aprendizaje inclusivos que apoyen el rendimiento acad\u00e9mico, el crecimiento social y el \u00e9xito a largo plazo.<br \/>\nReside en Spring, Texas, con su esposo, sus dos hijos y sus dos perros.\n<h2>\n\t\t\tGobernanza, liderazgo y cumplimiento normativo\t<\/h2>\n\t<p>Conoce m\u00e1s sobre las personas y los est\u00e1ndares que gu\u00edan a Thrive:<\/p>\n<h3>\n\t\t\t Direcci\u00f3n y personal\t<\/h3>\n\t<p>Conozca a nuestros educadores, terapeutas y administradores.<\/p>\n\t\t\t<a href=\"https:\/\/thrivesuccess.org\/es\/?page_id=37\"  target=\"_self\">\n\t\t\t\t\t\t\tM\u00e1s informaci\u00f3n\n\t\t\t\t\t<\/a>\n<h3>\n\t\t\t Consejo de Administraci\u00f3n\t<\/h3>\n\t<p>Vea qui\u00e9n dirige y gobierna Thrive.<\/p>\n\t\t\t<a href=\"https:\/\/thrivesuccess.org\/es\/?page_id=39\"  target=\"_self\">\n\t\t\t\t\t\t\tM\u00e1s informaci\u00f3n\n\t\t\t\t\t<\/a>\n<h3>\n\t\t\tAcreditaci\u00f3n y avisos\t<\/h3>\n\t<p>Revisar el cumplimiento y las actualizaciones de acreditaci\u00f3n.<\/p>\n\t\t\t<a href=\"https:\/\/thrivesuccess.org\/es\/?page_id=59\"  target=\"_self\">\n\t\t\t\t\t\t\tM\u00e1s informaci\u00f3n\n\t\t\t\t\t<\/a>","protected":false},"excerpt":{"rendered":"<p>Mary Elizabeth Mueller Directora de Operaciones y Plan de Estudios Mary Elizabeth Mueller aporta m\u00e1s de 20 a\u00f1os de experiencia en el campo de la educaci\u00f3n al Thrive Center for Success. Obtuvo su licenciatura en la Universidad Central de Florida en 2002 y comenz\u00f3 su carrera en la educaci\u00f3n infantil, ense\u00f1ando en preescolar y m\u00e1s tarde avanzando en la escuela...<\/p>","protected":false},"author":1,"featured_media":0,"parent":0,"menu_order":0,"comment_status":"closed","ping_status":"closed","template":"","meta":{"_seopress_robots_primary_cat":"","_seopress_titles_title":"Mary Elizabeth Mueller \u2013 Board Member | Thrive Center for Success","_seopress_titles_desc":"Learn about Mary Elizabeth Mueller, Board Member with 20+ years in education, serving Thrive Center for Success with leadership in operations and curriculum.","_seopress_robots_index":"","footnotes":""},"class_list":["post-759","page","type-page","status-publish","hentry"],"_links":{"self":[{"href":"https:\/\/thrivesuccess.org\/es\/wp-json\/wp\/v2\/pages\/759","targetHints":{"allow":["GET"]}}],"collection":[{"href":"https:\/\/thrivesuccess.org\/es\/wp-json\/wp\/v2\/pages"}],"about":[{"href":"https:\/\/thrivesuccess.org\/es\/wp-json\/wp\/v2\/types\/page"}],"author":[{"embeddable":true,"href":"https:\/\/thrivesuccess.org\/es\/wp-json\/wp\/v2\/users\/1"}],"replies":[{"embeddable":true,"href":"https:\/\/thrivesuccess.org\/es\/wp-json\/wp\/v2\/comments?post=759"}],"version-history":[{"count":2,"href":"https:\/\/thrivesuccess.org\/es\/wp-json\/wp\/v2\/pages\/759\/revisions"}],"predecessor-version":[{"id":1123,"href":"https:\/\/thrivesuccess.org\/es\/wp-json\/wp\/v2\/pages\/759\/revisions\/1123"}],"wp:attachment":[{"href":"https:\/\/thrivesuccess.org\/es\/wp-json\/wp\/v2\/media?parent=759"}],"curies":[{"name":"wp","href":"https:\/\/api.w.org\/{rel}","templated":true}]}}