{"id":810,"date":"2026-01-21T19:19:55","date_gmt":"2026-01-21T19:19:55","guid":{"rendered":"https:\/\/thrivesuccess.org\/?page_id=810"},"modified":"2026-01-29T21:53:34","modified_gmt":"2026-01-29T21:53:34","slug":"events","status":"publish","type":"page","link":"https:\/\/thrivesuccess.org\/es\/events\/","title":{"rendered":"Eventos"},"content":{"rendered":"<h1>\n\t\t\tEventos\t<\/h1>\n\t<p>Nuestros eventos desempe\u00f1an un papel importante en el apoyo a la misi\u00f3n de Thrive y en la ampliaci\u00f3n de oportunidades para nuestros estudiantes. Muchos de estos eventos son recaudaciones de fondos que benefician directamente a la Fundaci\u00f3n Thrive With Autism, ayudando a financiar programas, recursos e iniciativas que mejoran el aprendizaje, el crecimiento y el acceso de los estudiantes y sus familias. Invitamos a nuestra comunidad a unirse a nosotros para celebrar, apoyar y lograr un impacto significativo a trav\u00e9s de estos eventos.<\/p>\n\t\t<ul>\n\t\t<li data-children-wrapper=\"true\"><\/li>\t<\/ul>\n\n\t<p> |  | <\/p>\n\t\n\n\t\t\t<a href=\"\" target=\"_blank\" rel=\"noopener\">\n\t\t\t\t\t\t\tReg\u00edstrate o patrocina\n\t\t\t\t\t<\/a>","protected":false},"excerpt":{"rendered":"<p>Eventos Nuestros eventos desempe\u00f1an un papel importante en el apoyo a la misi\u00f3n de Thrive y en la ampliaci\u00f3n de oportunidades para nuestros estudiantes. Muchos de estos eventos son recaudaciones de fondos que benefician directamente a la Fundaci\u00f3n Thrive With Autism, ayudando a financiar programas, recursos e iniciativas que mejoran el aprendizaje, el crecimiento y el acceso de los estudiantes y sus familias. Invitamos a nuestra comunidad a unirse a nosotros...<\/p>","protected":false},"author":1,"featured_media":0,"parent":0,"menu_order":0,"comment_status":"closed","ping_status":"closed","template":"","meta":{"_seopress_robots_primary_cat":"","_seopress_titles_title":"Thrive Center for Success Events & Fundraisers","_seopress_titles_desc":"Explore upcoming Thrive Center for Success events and fundraisers like the Serving Up HOPE for Autism Breakfast to support students and community engagement.","_seopress_robots_index":"","footnotes":""},"class_list":["post-810","page","type-page","status-publish","hentry"],"_links":{"self":[{"href":"https:\/\/thrivesuccess.org\/es\/wp-json\/wp\/v2\/pages\/810","targetHints":{"allow":["GET"]}}],"collection":[{"href":"https:\/\/thrivesuccess.org\/es\/wp-json\/wp\/v2\/pages"}],"about":[{"href":"https:\/\/thrivesuccess.org\/es\/wp-json\/wp\/v2\/types\/page"}],"author":[{"embeddable":true,"href":"https:\/\/thrivesuccess.org\/es\/wp-json\/wp\/v2\/users\/1"}],"replies":[{"embeddable":true,"href":"https:\/\/thrivesuccess.org\/es\/wp-json\/wp\/v2\/comments?post=810"}],"version-history":[{"count":2,"href":"https:\/\/thrivesuccess.org\/es\/wp-json\/wp\/v2\/pages\/810\/revisions"}],"predecessor-version":[{"id":1101,"href":"https:\/\/thrivesuccess.org\/es\/wp-json\/wp\/v2\/pages\/810\/revisions\/1101"}],"wp:attachment":[{"href":"https:\/\/thrivesuccess.org\/es\/wp-json\/wp\/v2\/media?parent=810"}],"curies":[{"name":"wp","href":"https:\/\/api.w.org\/{rel}","templated":true}]}}