{"id":877,"date":"2026-01-23T18:05:45","date_gmt":"2026-01-23T18:05:45","guid":{"rendered":"https:\/\/thrivesuccess.org\/?page_id=877"},"modified":"2026-01-29T20:58:38","modified_gmt":"2026-01-29T20:58:38","slug":"community-partner-programs","status":"publish","type":"page","link":"https:\/\/thrivesuccess.org\/es\/community-partner-programs\/","title":{"rendered":"Programas de socios comunitarios"},"content":{"rendered":"<h1>\n\t\t\tProgramas de socios comunitarios\t<\/h1>\n<h2>\n\t\t\tOportunidades de enriquecimiento opcionales ofrecidas a trav\u00e9s de socios locales y regionales de confianza para mejorar el aprendizaje m\u00e1s all\u00e1 del aula.\t<\/h2>\n<h2>\n\t\t\tProgramas de socios comunitarios que nos enorgullece ofrecer\t<\/h2>\n\t<p>A trav\u00e9s de asociaciones comunitarias, los estudiantes pueden participar en programas opcionales que apoyan el desarrollo social, la exploraci\u00f3n profesional, las artes, la concienciaci\u00f3n sobre la salud y las experiencias de aprendizaje en el mundo real.<\/p>\n\t\t\t\t<img decoding=\"async\" src=\"https:\/\/thrivesuccess.org\/wp-content\/uploads\/2026\/01\/mC-Fire-department.png\" alt=\"mC Fire department\" title=\"Cuerpo de bomberos de mC\" itemprop=\"image\">\n\t\t<h3>Departamento de Bomberos del Condado de Montgomery<\/h3>\t\t\t\n\t\t\t\t<img decoding=\"async\" src=\"https:\/\/thrivesuccess.org\/wp-content\/uploads\/2026\/01\/young-audiences.png\" alt=\"young audiences\" title=\"p\u00fablico joven\" itemprop=\"image\">\n\t\t<h3>P\u00fablico joven de Houston<\/h3>\t\t\t\n\t\t\t\t<img decoding=\"async\" src=\"https:\/\/thrivesuccess.org\/wp-content\/uploads\/2026\/01\/fire-department.png\" alt=\"fire department\" title=\"cuerpo de bomberos\" itemprop=\"image\">\n\t\t<h3>Cuerpo de Bomberos de Magnolia<\/h3>\t\t\t\n\t\t\t\t<img decoding=\"async\" src=\"https:\/\/thrivesuccess.org\/wp-content\/uploads\/2026\/01\/houston-ballet.png\" alt=\"houston ballet\" title=\"ballet de Houston\" itemprop=\"image\">\n\t\t<h3>Ballet de Houston<\/h3>\t\t\t\n\t\t\t\t<img decoding=\"async\" src=\"https:\/\/thrivesuccess.org\/wp-content\/uploads\/2026\/01\/soccer-shots.png\" alt=\"soccer shots\" title=\"tiros de f\u00fatbol\" itemprop=\"image\">\n\t\t<h3>Tiros de f\u00fatbol<\/h3>\t\t\t\n\t\t\t\t<img decoding=\"async\" src=\"https:\/\/thrivesuccess.org\/wp-content\/uploads\/2026\/01\/martial-arts.png\" alt=\"martial arts\" title=\"artes marciales\" itemprop=\"image\">\n\t\t<h3>All-Star Artes Marciales<\/h3>\t\t\t\n\t\t\t\t<img decoding=\"async\" src=\"https:\/\/thrivesuccess.org\/wp-content\/uploads\/2026\/01\/PAES.png\" alt=\"PAES\" title=\"PAES\" itemprop=\"image\">\n\t\t<h3>Plan de estudios PAES en el laboratorio de CTE<\/h3>\t\t\t\n\t\t\t\t<img decoding=\"async\" src=\"https:\/\/thrivesuccess.org\/wp-content\/uploads\/2026\/01\/museum.png\" alt=\"museum\" title=\"museo\" itemprop=\"image\">\n\t\t<h3>Museo del Patrimonio del Condado de Montgomery<\/h3>\t\t\t\n\t\t\t\t<img decoding=\"async\" src=\"https:\/\/thrivesuccess.org\/wp-content\/uploads\/2026\/01\/hospital.png\" alt=\"hospital\" title=\"hospital\" itemprop=\"image\">\n\t\t<h3>Distrito Hospitalario del Condado de Montgomery<\/h3>\t\t\t\n\t\t\t\t<img decoding=\"async\" src=\"https:\/\/thrivesuccess.org\/wp-content\/uploads\/2026\/01\/ag.png\" alt=\"ag\" title=\"ag\" itemprop=\"image\">\n\t\t<h3>Extensi\u00f3n Agr\u00edcola de Texas A&amp;M<\/h3>\t\t\t\n\t\t\t\t<img decoding=\"async\" src=\"https:\/\/thrivesuccess.org\/wp-content\/uploads\/2026\/01\/gardening.png\" alt=\"gardening\" title=\"jardiner\u00eda\" itemprop=\"image\">\n\t\t<h3>Asociaci\u00f3n de Maestros Jardineros del Condado de Montgomery<\/h3>\t\t\t\n\t\t\t\t<img decoding=\"async\" src=\"https:\/\/thrivesuccess.org\/wp-content\/uploads\/2026\/01\/wildlife.png\" alt=\"wildlife\" title=\"fauna silvestre\" itemprop=\"image\">\n\t\t<h3>Asociaci\u00f3n de Vida Silvestre de Texas<\/h3>\t\t\t\n\t\t\t\t<img decoding=\"async\" src=\"https:\/\/thrivesuccess.org\/wp-content\/uploads\/2026\/01\/MCSO.png\" alt=\"MCSO\" title=\"Oficina del Sheriff del Condado de Maricopa\" itemprop=\"image\">\n\t\t<h3>Oficina del Sheriff del Condado de Montgomery<\/h3>\t\t\t\n<h2>\n\t\t\tDale a tu hijo las herramientas para prosperar\t<\/h2>\n\t<p>\u00a1Nos encantar\u00eda saber de ti! Si tienes preguntas sobre la inscripci\u00f3n, los programas o los pr\u00f3ximos eventos, nuestro equipo est\u00e1 aqu\u00ed para ayudarte. Utiliza el siguiente formulario para consultas generales y te responderemos lo antes posible.<\/p>\n<p>Estamos ubicados en <strong data-start=\"20\" data-end=\"69\">32100 Dobbin Huffsmith Rd, Magnolia, TX 77354<\/strong>. Para consultas generales, llame al <strong data-start=\"106\" data-end=\"124\">(936) 297-0417<\/strong>, env\u00edenos un fax al <strong data-start=\"136\" data-end=\"154\">(832) 218-5858<\/strong>, o correo electr\u00f3nico <strong data-start=\"165\" data-end=\"191\"><a href=\"mailto:info@thrivesuccess.org\" rel=\"noopener\" data-start=\"167\" data-end=\"189\" data-is-only-node=\"\">info@thrivesuccess.org<\/a><\/strong><\/p>\n\t\t\t<a href=\"https:\/\/apply.avela.org\/thrivesuccess\" target=\"_blank\" rel=\"noopener\">\n\t\t\t\t\t\t\tSolicitar ahora\n\t\t\t\t\t<\/a>\n\t\t\t<a href=\"https:\/\/thrivesuccess.org\/wp-content\/uploads\/2025\/10\/68b89e94d4aaea2a82085631_Academic-Calendar_25-26_FINAL.pdf\" target=\"_self\">\n\t\t\t\t\t\t\tCalendario acad\u00e9mico 2025-2026\n\t\t\t\t\t<\/a>","protected":false},"excerpt":{"rendered":"<p>Programas de socios comunitarios Oportunidades de enriquecimiento opcionales ofrecidas a trav\u00e9s de socios locales y regionales de confianza para mejorar el aprendizaje m\u00e1s all\u00e1 del aula. Programas de socios comunitarios que nos enorgullece ofrecer A trav\u00e9s de asociaciones comunitarias, los estudiantes pueden participar en programas opcionales que apoyan el desarrollo social, la exploraci\u00f3n profesional, las artes, la concienciaci\u00f3n sobre la salud y las experiencias de aprendizaje en el mundo real. Departamento de Bomberos del Condado de Montgomery J\u00f3venes...<\/p>","protected":false},"author":1,"featured_media":0,"parent":0,"menu_order":0,"comment_status":"closed","ping_status":"closed","template":"","meta":{"_seopress_robots_primary_cat":"","_seopress_titles_title":"Community Partner Programs | Thrive Center for Success","_seopress_titles_desc":"Explore Thrive\u2019s community partner programs, optional enrichment with local partners like fire departments, arts, and real-world learning opportunities.","_seopress_robots_index":"","footnotes":""},"class_list":["post-877","page","type-page","status-publish","hentry"],"_links":{"self":[{"href":"https:\/\/thrivesuccess.org\/es\/wp-json\/wp\/v2\/pages\/877","targetHints":{"allow":["GET"]}}],"collection":[{"href":"https:\/\/thrivesuccess.org\/es\/wp-json\/wp\/v2\/pages"}],"about":[{"href":"https:\/\/thrivesuccess.org\/es\/wp-json\/wp\/v2\/types\/page"}],"author":[{"embeddable":true,"href":"https:\/\/thrivesuccess.org\/es\/wp-json\/wp\/v2\/users\/1"}],"replies":[{"embeddable":true,"href":"https:\/\/thrivesuccess.org\/es\/wp-json\/wp\/v2\/comments?post=877"}],"version-history":[{"count":1,"href":"https:\/\/thrivesuccess.org\/es\/wp-json\/wp\/v2\/pages\/877\/revisions"}],"predecessor-version":[{"id":1088,"href":"https:\/\/thrivesuccess.org\/es\/wp-json\/wp\/v2\/pages\/877\/revisions\/1088"}],"wp:attachment":[{"href":"https:\/\/thrivesuccess.org\/es\/wp-json\/wp\/v2\/media?parent=877"}],"curies":[{"name":"wp","href":"https:\/\/api.w.org\/{rel}","templated":true}]}}