{"id":970,"date":"2026-01-26T18:44:50","date_gmt":"2026-01-26T18:44:50","guid":{"rendered":"https:\/\/thrivesuccess.org\/?page_id=970"},"modified":"2026-01-30T18:43:12","modified_gmt":"2026-01-30T18:43:12","slug":"robert-morrison","status":"publish","type":"page","link":"https:\/\/thrivesuccess.org\/es\/robert-morrison\/","title":{"rendered":"Robert Morrison"},"content":{"rendered":"<h1>\n\t\t\tRobert Morrison\t<\/h1>\n<h2>\n\t\t\tMiembro del consejo\t<\/h2>\n<figure itemscope itemtype=\"https:\/\/schema.org\/ImageObject\">\n\t\t\t\t<img decoding=\"async\" src=\"https:\/\/thrivesuccess.org\/wp-content\/uploads\/2025\/10\/Screenshot-2025-10-31-at-10.12.24-AM.png\" alt=\"Screenshot 2025-10-31 at 10.12.24 AM\" height=\"427\" width=\"278\" title=\"Captura de pantalla 31-10-2025 a las 10:12:24 a. m.\" onerror=\"this.style.display='none'\" loading=\"lazy\" \/>\n\t<\/figure>\n<h3>\n\t\t\tRobert Morrison\t<\/h3>\n\t<p>Robert Morrison se gradu\u00f3 en la HPU en 1982 con una licenciatura en educaci\u00f3n f\u00edsica y una especializaci\u00f3n en estudios sociales. Durante su estancia en la HPU, particip\u00f3 en las organizaciones Jackets for Jesus y Ebony Imani y fue capit\u00e1n del equipo de f\u00fatbol americano Yellow Jacket. Posteriormente, firm\u00f3 un contrato como agente libre con los Seattle Seahawks de la NFL antes de sufrir una lesi\u00f3n que puso fin a su carrera.  Morrison obtuvo una maestr\u00eda en Educaci\u00f3n por la Universidad Estatal de Tarleton en 1987 y la certificaci\u00f3n de director y una maestr\u00eda en Educaci\u00f3n en administraci\u00f3n educativa por la Universidad Prairie View A&amp;M en 1998. Su carrera en el \u00e1mbito educativo incluye puestos de profesor, entrenador y administrador en varios institutos de Texas. Comenz\u00f3 su carrera como profesor y entrenador en el instituto Bangs High School antes de convertirse en profesor y entrenador en el instituto Westfield High School de Spring, Texas. A continuaci\u00f3n, ocup\u00f3 los cargos de subdirector y director adjunto en el instituto Spring High School; subdirector y director adjunto en el instituto Montgomery High School; y director en el instituto Sweeny High School. Finalmente, se jubil\u00f3 en junio de 2018 como administrador del Distrito Escolar Independiente de Abilene. Entre las afiliaciones profesionales de Morrison se incluyen su pertenencia a la Asociaci\u00f3n de Directores de Escuelas Secundarias de Texas (de la que tambi\u00e9n fue presidente), la Asociaci\u00f3n de Directores Afroamericanos de Texas, el Comit\u00e9 Legislativo, el Comit\u00e9 de Subdirectores de Texas, el Comit\u00e9 Legislativo de Subdirectores de Texas, la Asociaci\u00f3n de Entrenadores de Escuelas Secundarias de Texas y la Asociaci\u00f3n Nacional de Directores de Escuelas Secundarias. Ha recibido numerosos honores, entre ellos el de Maestro del A\u00f1o de la Escuela Secundaria Bangs y el de Subdirector del A\u00f1o de la Asociaci\u00f3n de Directores de Escuelas Secundarias de Texas para la Regi\u00f3n 6 en 2012-2013. Morrison, que desde enero de 2018 es miembro del Consejo de Administraci\u00f3n de la Universidad Howard Payne, lleva muchos a\u00f1os participando activamente en la Asociaci\u00f3n de Antiguos Alumnos Afroamericanos. Ha formado parte de la Junta de la Asociaci\u00f3n de Antiguos Alumnos, ha pronunciado un discurso en el Almuerzo Nacional del D\u00eda del Estudiante-Atleta de la HPU de 2018 y ha sido el orador de la ceremonia de graduaci\u00f3n de la HPU de 2019. Robert Morrison afirma que Howard Payne le proporcion\u00f3 una educaci\u00f3n basada en la fe, amigos para toda la vida y contactos, y \u00e9l ha dedicado verdaderamente su tiempo, sus tesoros y su talento a la Universidad Howard Payne. En la primavera de 2019, el departamento de deportes de la HPU reconoci\u00f3 a Robert Morrison como Antiguo Alumno Deportivo del A\u00f1o 2019 de la HPU.<\/p>\n<p>\u200d<\/p>\n<h2>\n\t\t\tGobernanza, liderazgo y cumplimiento normativo\t<\/h2>\n\t<p>Conoce m\u00e1s sobre las personas y los est\u00e1ndares que gu\u00edan a Thrive:<\/p>\n<h3>\n\t\t\t Direcci\u00f3n y personal\t<\/h3>\n\t<p>Conozca a nuestros educadores, terapeutas y administradores.<\/p>\n\t\t\t<a href=\"https:\/\/thrivesuccess.org\/es\/?page_id=37\"  target=\"_self\">\n\t\t\t\t\t\t\tM\u00e1s informaci\u00f3n\n\t\t\t\t\t<\/a>\n<h3>\n\t\t\t Consejo de Administraci\u00f3n\t<\/h3>\n\t<p>Vea qui\u00e9n dirige y gobierna Thrive.<\/p>\n\t\t\t<a href=\"https:\/\/thrivesuccess.org\/es\/?page_id=39\"  target=\"_self\">\n\t\t\t\t\t\t\tM\u00e1s informaci\u00f3n\n\t\t\t\t\t<\/a>\n<h3>\n\t\t\tAcreditaci\u00f3n y avisos\t<\/h3>\n\t<p>Revisar el cumplimiento y las actualizaciones de acreditaci\u00f3n.<\/p>\n\t\t\t<a href=\"https:\/\/thrivesuccess.org\/es\/?page_id=59\"  target=\"_self\">\n\t\t\t\t\t\t\tM\u00e1s informaci\u00f3n\n\t\t\t\t\t<\/a>","protected":false},"excerpt":{"rendered":"<p>Robert Morrison Miembro de la Junta Directiva Robert Morrison Robert Morrison se gradu\u00f3 en la HPU en 1982 con una licenciatura en educaci\u00f3n f\u00edsica y una especializaci\u00f3n en estudios sociales. Durante su estancia en la HPU, particip\u00f3 en las organizaciones Jackets for Jesus y Ebony Imani y fue capit\u00e1n del equipo de f\u00fatbol americano Yellow Jacket. Posteriormente, firm\u00f3 un contrato como agente libre con...<\/p>","protected":false},"author":1,"featured_media":0,"parent":0,"menu_order":0,"comment_status":"closed","ping_status":"closed","template":"","meta":{"_seopress_robots_primary_cat":"","_seopress_titles_title":"Robert Morrison \u2013 Board Member | Thrive Center for Success","_seopress_titles_desc":"Learn about Robert Morrison, Board Member at Thrive Center for Success and veteran Texas educator with decades of leadership in schools and administration.","_seopress_robots_index":"","footnotes":""},"class_list":["post-970","page","type-page","status-publish","hentry"],"_links":{"self":[{"href":"https:\/\/thrivesuccess.org\/es\/wp-json\/wp\/v2\/pages\/970","targetHints":{"allow":["GET"]}}],"collection":[{"href":"https:\/\/thrivesuccess.org\/es\/wp-json\/wp\/v2\/pages"}],"about":[{"href":"https:\/\/thrivesuccess.org\/es\/wp-json\/wp\/v2\/types\/page"}],"author":[{"embeddable":true,"href":"https:\/\/thrivesuccess.org\/es\/wp-json\/wp\/v2\/users\/1"}],"replies":[{"embeddable":true,"href":"https:\/\/thrivesuccess.org\/es\/wp-json\/wp\/v2\/comments?post=970"}],"version-history":[{"count":1,"href":"https:\/\/thrivesuccess.org\/es\/wp-json\/wp\/v2\/pages\/970\/revisions"}],"predecessor-version":[{"id":1114,"href":"https:\/\/thrivesuccess.org\/es\/wp-json\/wp\/v2\/pages\/970\/revisions\/1114"}],"wp:attachment":[{"href":"https:\/\/thrivesuccess.org\/es\/wp-json\/wp\/v2\/media?parent=970"}],"curies":[{"name":"wp","href":"https:\/\/api.w.org\/{rel}","templated":true}]}}